{"id":4900,"date":"2026-03-10T12:07:41","date_gmt":"2026-03-10T12:07:41","guid":{"rendered":"https:\/\/enjoythepyrenees.com\/privacybeleid\/"},"modified":"2026-03-31T15:39:04","modified_gmt":"2026-03-31T15:39:04","slug":"privacybeleid","status":"publish","type":"page","link":"https:\/\/enjoythepyrenees.com\/nl\/privacybeleid\/","title":{"rendered":"Privacybeleid"},"content":{"rendered":"\t\t<div data-elementor-type=\"wp-page\" data-elementor-id=\"4900\" class=\"elementor elementor-4900 elementor-4570\" data-elementor-post-type=\"page\">\n\t\t\t\t<div class=\"elementor-element elementor-element-aa12392 e-flex e-con-boxed e-con e-parent\" data-id=\"aa12392\" data-element_type=\"container\" data-e-type=\"container\" data-settings=\"{&quot;background_background&quot;:&quot;classic&quot;}\">\n\t\t\t\t\t<div class=\"e-con-inner\">\n\t\t\t\t<div class=\"elementor-element elementor-element-22b4522 elementor-widget elementor-widget-heading\" data-id=\"22b4522\" data-element_type=\"widget\" data-e-type=\"widget\" data-widget_type=\"heading.default\">\n\t\t\t\t\t<h1 class=\"elementor-heading-title elementor-size-default\">Privacybeleid<\/h1>\t\t\t\t<\/div>\n\t\t\t\t\t<\/div>\n\t\t\t\t<\/div>\n\t\t<div class=\"elementor-element elementor-element-993ffad e-flex e-con-boxed e-con e-parent\" data-id=\"993ffad\" data-element_type=\"container\" data-e-type=\"container\">\n\t\t\t\t\t<div class=\"e-con-inner\">\n\t\t\t\t<div class=\"elementor-element elementor-element-9137d73 elementor-widget elementor-widget-text-editor\" data-id=\"9137d73\" data-element_type=\"widget\" data-e-type=\"widget\" data-widget_type=\"text-editor.default\">\n\t\t\t\t\t\t\t\t\t<div id=\"model-response-message-contentr_f824dfdfd217de10\" class=\"markdown markdown-main-panel enable-updated-hr-color\" dir=\"ltr\" aria-live=\"off\" aria-busy=\"false\"><div id=\"model-response-message-contentr_16aef297550050f7\" class=\"markdown markdown-main-panel enable-updated-hr-color\" dir=\"ltr\" aria-live=\"polite\" aria-busy=\"false\"><p data-path-to-node=\"4\">De website <b data-path-to-node=\"4\" data-index-in-node=\"8\">Enjoy the Pyrenees<\/b> (<a class=\"ng-star-inserted\" href=\"https:\/\/enjoythepyrenees.com\/nl\/\" target=\"_blank\" rel=\"noopener\">https:\/\/enjoythepyrenees.com<\/a>) s\u2019engage \u00e0 ce que la collecte et le traitement de vos donn\u00e9es soient conformes au R\u00e8glement G\u00e9n\u00e9ral sur la Protection des Donn\u00e9es (RGPD).<\/p><h3 data-path-to-node=\"5\">1. Verzameling van persoonsgegevens<\/h3><p data-path-to-node=\"6\">Wij verzamelen uitsluitend persoonsgegevens via ons <b data-path-to-node=\"6\" data-index-in-node=\"63\">contactformulier<\/b>. De verzamelde gegevens beperken zich tot wat u invult (doorgaans uw naam, e-mailadres en de inhoud van uw bericht).<\/p><ul data-path-to-node=\"7\"><li><p data-path-to-node=\"7,0,0\"><b data-path-to-node=\"7,0,0\" data-index-in-node=\"0\">Enig doel:<\/b> Deze gegevens worden uitsluitend verwerkt om <b data-path-to-node=\"7,0,0\" data-index-in-node=\"63\">uw vragen te beantwoorden<\/b> en de opvolging van uw verzoek te waarborgen.<\/p><\/li><li><p data-path-to-node=\"7,1,0\"><b data-path-to-node=\"7,1,0\" data-index-in-node=\"0\">Geen profilering:<\/b> Wij gebruiken deze gegevens niet voor marketing, geautomatiseerde nieuwsbrieven of doorverkoop aan derden.<\/p><\/li><\/ul><h3 data-path-to-node=\"8\">2. Cookies<\/h3><p data-path-to-node=\"9\">Onze website gebruikt een minimum aan cookies voor een goede werking:<\/p><ul data-path-to-node=\"10\"><li><p data-path-to-node=\"10,0,0\"><b data-path-to-node=\"10,0,0\" data-index-in-node=\"0\">Technische cookies:<\/b> Als u onze beheerpagina (administratie) bezoekt, wordt een tijdelijke cookie aangemaakt om te controleren of uw browser cookies accepteert. Deze bevat geen persoonsgegevens en wordt verwijderd wanneer u uw browser sluit.<\/p><\/li><li><p data-path-to-node=\"10,1,0\"><b data-path-to-node=\"10,1,0\" data-index-in-node=\"0\">Ingesloten inhoud:<\/b> Artikelen op deze website kunnen ingesloten inhoud bevatten (bijv. YouTube-video&#8217;s, Google Maps-kaarten). Deze inhoud gedraagt zich alsof u de website van de derde partij rechtstreeks bezoekt, die gegevens over u kan verzamelen of eigen cookies kan gebruiken.<\/p><\/li><\/ul><h3 data-path-to-node=\"11\">3. Bewaartermijn<\/h3><p data-path-to-node=\"12\">Via het formulier verzonden gegevens worden uitsluitend bewaard gedurende de tijd die nodig is om uw verzoek te verwerken en een volledig antwoord te geven. Ze worden niet opgeslagen in een permanente gebruikersdatabase op de website.<\/p><h3 data-path-to-node=\"13\">4. Uw rechten met betrekking tot uw gegevens<\/h3><p data-path-to-node=\"14\">Hoewel wij geen gebruikersprofielen aanmaken, heeft u de volgende rechten met betrekking tot e-mailcorrespondentie:<\/p><ul data-path-to-node=\"15\"><li><p data-path-to-node=\"15,0,0\"><b data-path-to-node=\"15,0,0\" data-index-in-node=\"0\">Recht op inzage en verwijdering:<\/b> U kunt op elk moment verzoeken dat wij de geschiedenis van onze e-mailcorrespondentie verwijderen.<\/p><\/li><\/ul><blockquote data-path-to-node=\"16\"><p data-path-to-node=\"16,0\"><i data-path-to-node=\"16,0\" data-index-in-node=\"0\">Opmerking: Dit omvat niet de gegevens die wij verplicht zijn te bewaren voor administratieve, juridische of beveiligingsdoeleinden.<\/i><\/p><\/blockquote><h3 data-path-to-node=\"17\">5. Overdracht van gegevens<\/h3><p data-path-to-node=\"18\">Uw gegevens worden aan geen enkele derde partij overgedragen. Ze blijven strikt vertrouwelijk tussen u en het beheer van <b data-path-to-node=\"18\" data-index-in-node=\"127\">Enjoy the Pyrenees<\/b>.<\/p><\/div><\/div>\t\t\t\t\t\t\t\t<\/div>\n\t\t\t\t\t<\/div>\n\t\t\t\t<\/div>\n\t\t\t\t<\/div>\n\t\t","protected":false},"excerpt":{"rendered":"<p>Privacybeleid De website Enjoy the Pyrenees (https:\/\/enjoythepyrenees.com) s\u2019engage \u00e0 ce que la collecte et le traitement de vos donn\u00e9es soient conformes au R\u00e8glement G\u00e9n\u00e9ral sur la Protection des Donn\u00e9es (RGPD). 1. Verzameling van persoonsgegevens Wij verzamelen uitsluitend persoonsgegevens via ons contactformulier. De verzamelde gegevens beperken zich tot wat u invult (doorgaans uw naam, e-mailadres en [&hellip;]<\/p>\n","protected":false},"author":1,"featured_media":0,"parent":0,"menu_order":0,"comment_status":"closed","ping_status":"closed","template":"","meta":{"_acf_changed":false,"footnotes":""},"class_list":["post-4900","page","type-page","status-publish","hentry"],"acf":[],"yoast_head":"<!-- This site is optimized with the Yoast SEO plugin v27.3 - https:\/\/yoast.com\/product\/yoast-seo-wordpress\/ -->\n<title>Privacybeleid - enjoythepyrenees.com<\/title>\n<meta name=\"robots\" content=\"index, follow, max-snippet:-1, max-image-preview:large, max-video-preview:-1\" \/>\n<link rel=\"canonical\" href=\"https:\/\/enjoythepyrenees.com\/nl\/privacybeleid\/\" \/>\n<meta property=\"og:locale\" content=\"nl_NL\" \/>\n<meta property=\"og:type\" content=\"article\" \/>\n<meta property=\"og:title\" content=\"Privacybeleid - enjoythepyrenees.com\" \/>\n<meta property=\"og:description\" content=\"Privacybeleid De website Enjoy the Pyrenees (https:\/\/enjoythepyrenees.com) s\u2019engage \u00e0 ce que la collecte et le traitement de vos donn\u00e9es soient conformes au R\u00e8glement G\u00e9n\u00e9ral sur la Protection des Donn\u00e9es (RGPD). 1. Verzameling van persoonsgegevens Wij verzamelen uitsluitend persoonsgegevens via ons contactformulier. De verzamelde gegevens beperken zich tot wat u invult (doorgaans uw naam, e-mailadres en [&hellip;]\" \/>\n<meta property=\"og:url\" content=\"https:\/\/enjoythepyrenees.com\/nl\/privacybeleid\/\" \/>\n<meta property=\"og:site_name\" content=\"enjoythepyrenees.com\" \/>\n<meta property=\"article:modified_time\" content=\"2026-03-31T15:39:04+00:00\" \/>\n<meta name=\"twitter:card\" content=\"summary_large_image\" \/>\n<meta name=\"twitter:label1\" content=\"Geschatte leestijd\" \/>\n\t<meta name=\"twitter:data1\" content=\"1 minuut\" \/>\n<script type=\"application\/ld+json\" class=\"yoast-schema-graph\">{\"@context\":\"https:\\\/\\\/schema.org\",\"@graph\":[{\"@type\":\"WebPage\",\"@id\":\"https:\\\/\\\/enjoythepyrenees.com\\\/nl\\\/privacybeleid\\\/\",\"url\":\"https:\\\/\\\/enjoythepyrenees.com\\\/nl\\\/privacybeleid\\\/\",\"name\":\"Privacybeleid - enjoythepyrenees.com\",\"isPartOf\":{\"@id\":\"https:\\\/\\\/enjoythepyrenees.com\\\/nl\\\/#website\"},\"datePublished\":\"2026-03-10T12:07:41+00:00\",\"dateModified\":\"2026-03-31T15:39:04+00:00\",\"breadcrumb\":{\"@id\":\"https:\\\/\\\/enjoythepyrenees.com\\\/nl\\\/privacybeleid\\\/#breadcrumb\"},\"inLanguage\":\"nl-NL\",\"potentialAction\":[{\"@type\":\"ReadAction\",\"target\":[\"https:\\\/\\\/enjoythepyrenees.com\\\/nl\\\/privacybeleid\\\/\"]}]},{\"@type\":\"BreadcrumbList\",\"@id\":\"https:\\\/\\\/enjoythepyrenees.com\\\/nl\\\/privacybeleid\\\/#breadcrumb\",\"itemListElement\":[{\"@type\":\"ListItem\",\"position\":1,\"name\":\"Home\",\"item\":\"https:\\\/\\\/enjoythepyrenees.com\\\/nl\\\/\"},{\"@type\":\"ListItem\",\"position\":2,\"name\":\"Privacybeleid\"}]},{\"@type\":\"WebSite\",\"@id\":\"https:\\\/\\\/enjoythepyrenees.com\\\/nl\\\/#website\",\"url\":\"https:\\\/\\\/enjoythepyrenees.com\\\/nl\\\/\",\"name\":\"Enjoy The Pyrenees\",\"description\":\"\",\"publisher\":{\"@id\":\"https:\\\/\\\/enjoythepyrenees.com\\\/nl\\\/#organization\"},\"alternateName\":\"EnjoyPyr\",\"potentialAction\":[{\"@type\":\"SearchAction\",\"target\":{\"@type\":\"EntryPoint\",\"urlTemplate\":\"https:\\\/\\\/enjoythepyrenees.com\\\/nl\\\/?s={search_term_string}\"},\"query-input\":{\"@type\":\"PropertyValueSpecification\",\"valueRequired\":true,\"valueName\":\"search_term_string\"}}],\"inLanguage\":\"nl-NL\"},{\"@type\":\"Organization\",\"@id\":\"https:\\\/\\\/enjoythepyrenees.com\\\/nl\\\/#organization\",\"name\":\"Enjoy The Pyrenees\",\"alternateName\":\"EnjoyPyr\",\"url\":\"https:\\\/\\\/enjoythepyrenees.com\\\/nl\\\/\",\"logo\":{\"@type\":\"ImageObject\",\"inLanguage\":\"nl-NL\",\"@id\":\"https:\\\/\\\/enjoythepyrenees.com\\\/nl\\\/#\\\/schema\\\/logo\\\/image\\\/\",\"url\":\"https:\\\/\\\/enjoythepyrenees.com\\\/wp-content\\\/uploads\\\/2025\\\/11\\\/logo-enjoy-pyr1.png\",\"contentUrl\":\"https:\\\/\\\/enjoythepyrenees.com\\\/wp-content\\\/uploads\\\/2025\\\/11\\\/logo-enjoy-pyr1.png\",\"width\":1314,\"height\":303,\"caption\":\"Enjoy The Pyrenees\"},\"image\":{\"@id\":\"https:\\\/\\\/enjoythepyrenees.com\\\/nl\\\/#\\\/schema\\\/logo\\\/image\\\/\"}}]}<\/script>\n<!-- \/ Yoast SEO plugin. -->","yoast_head_json":{"title":"Privacybeleid - enjoythepyrenees.com","robots":{"index":"index","follow":"follow","max-snippet":"max-snippet:-1","max-image-preview":"max-image-preview:large","max-video-preview":"max-video-preview:-1"},"canonical":"https:\/\/enjoythepyrenees.com\/nl\/privacybeleid\/","og_locale":"nl_NL","og_type":"article","og_title":"Privacybeleid - enjoythepyrenees.com","og_description":"Privacybeleid De website Enjoy the Pyrenees (https:\/\/enjoythepyrenees.com) s\u2019engage \u00e0 ce que la collecte et le traitement de vos donn\u00e9es soient conformes au R\u00e8glement G\u00e9n\u00e9ral sur la Protection des Donn\u00e9es (RGPD). 1. Verzameling van persoonsgegevens Wij verzamelen uitsluitend persoonsgegevens via ons contactformulier. De verzamelde gegevens beperken zich tot wat u invult (doorgaans uw naam, e-mailadres en [&hellip;]","og_url":"https:\/\/enjoythepyrenees.com\/nl\/privacybeleid\/","og_site_name":"enjoythepyrenees.com","article_modified_time":"2026-03-31T15:39:04+00:00","twitter_card":"summary_large_image","twitter_misc":{"Geschatte leestijd":"1 minuut"},"schema":{"@context":"https:\/\/schema.org","@graph":[{"@type":"WebPage","@id":"https:\/\/enjoythepyrenees.com\/nl\/privacybeleid\/","url":"https:\/\/enjoythepyrenees.com\/nl\/privacybeleid\/","name":"Privacybeleid - enjoythepyrenees.com","isPartOf":{"@id":"https:\/\/enjoythepyrenees.com\/nl\/#website"},"datePublished":"2026-03-10T12:07:41+00:00","dateModified":"2026-03-31T15:39:04+00:00","breadcrumb":{"@id":"https:\/\/enjoythepyrenees.com\/nl\/privacybeleid\/#breadcrumb"},"inLanguage":"nl-NL","potentialAction":[{"@type":"ReadAction","target":["https:\/\/enjoythepyrenees.com\/nl\/privacybeleid\/"]}]},{"@type":"BreadcrumbList","@id":"https:\/\/enjoythepyrenees.com\/nl\/privacybeleid\/#breadcrumb","itemListElement":[{"@type":"ListItem","position":1,"name":"Home","item":"https:\/\/enjoythepyrenees.com\/nl\/"},{"@type":"ListItem","position":2,"name":"Privacybeleid"}]},{"@type":"WebSite","@id":"https:\/\/enjoythepyrenees.com\/nl\/#website","url":"https:\/\/enjoythepyrenees.com\/nl\/","name":"Enjoy The Pyrenees","description":"","publisher":{"@id":"https:\/\/enjoythepyrenees.com\/nl\/#organization"},"alternateName":"EnjoyPyr","potentialAction":[{"@type":"SearchAction","target":{"@type":"EntryPoint","urlTemplate":"https:\/\/enjoythepyrenees.com\/nl\/?s={search_term_string}"},"query-input":{"@type":"PropertyValueSpecification","valueRequired":true,"valueName":"search_term_string"}}],"inLanguage":"nl-NL"},{"@type":"Organization","@id":"https:\/\/enjoythepyrenees.com\/nl\/#organization","name":"Enjoy The Pyrenees","alternateName":"EnjoyPyr","url":"https:\/\/enjoythepyrenees.com\/nl\/","logo":{"@type":"ImageObject","inLanguage":"nl-NL","@id":"https:\/\/enjoythepyrenees.com\/nl\/#\/schema\/logo\/image\/","url":"https:\/\/enjoythepyrenees.com\/wp-content\/uploads\/2025\/11\/logo-enjoy-pyr1.png","contentUrl":"https:\/\/enjoythepyrenees.com\/wp-content\/uploads\/2025\/11\/logo-enjoy-pyr1.png","width":1314,"height":303,"caption":"Enjoy The Pyrenees"},"image":{"@id":"https:\/\/enjoythepyrenees.com\/nl\/#\/schema\/logo\/image\/"}}]}},"_hostinger_reach_plugin_has_subscription_block":false,"_hostinger_reach_plugin_is_elementor":false,"_links":{"self":[{"href":"https:\/\/enjoythepyrenees.com\/nl\/wp-json\/wp\/v2\/pages\/4900","targetHints":{"allow":["GET"]}}],"collection":[{"href":"https:\/\/enjoythepyrenees.com\/nl\/wp-json\/wp\/v2\/pages"}],"about":[{"href":"https:\/\/enjoythepyrenees.com\/nl\/wp-json\/wp\/v2\/types\/page"}],"author":[{"embeddable":true,"href":"https:\/\/enjoythepyrenees.com\/nl\/wp-json\/wp\/v2\/users\/1"}],"replies":[{"embeddable":true,"href":"https:\/\/enjoythepyrenees.com\/nl\/wp-json\/wp\/v2\/comments?post=4900"}],"version-history":[{"count":3,"href":"https:\/\/enjoythepyrenees.com\/nl\/wp-json\/wp\/v2\/pages\/4900\/revisions"}],"predecessor-version":[{"id":6097,"href":"https:\/\/enjoythepyrenees.com\/nl\/wp-json\/wp\/v2\/pages\/4900\/revisions\/6097"}],"wp:attachment":[{"href":"https:\/\/enjoythepyrenees.com\/nl\/wp-json\/wp\/v2\/media?parent=4900"}],"curies":[{"name":"wp","href":"https:\/\/api.w.org\/{rel}","templated":true}]}}