{"id":4387,"date":"2026-02-20T08:59:16","date_gmt":"2026-02-20T08:59:16","guid":{"rendered":"https:\/\/enjoythepyrenees.com\/goede-praktijken-voor-duurzaam-toerisme\/"},"modified":"2026-03-31T15:39:03","modified_gmt":"2026-03-31T15:39:03","slug":"goede-praktijken-voor-duurzaam-toerisme","status":"publish","type":"page","link":"https:\/\/enjoythepyrenees.com\/nl\/goede-praktijken-voor-duurzaam-toerisme\/","title":{"rendered":"Tips voor duurzaam toerisme"},"content":{"rendered":"\t\t<div data-elementor-type=\"wp-page\" data-elementor-id=\"4387\" class=\"elementor elementor-4387 elementor-3224\" data-elementor-post-type=\"page\">\n\t\t\t\t<div class=\"elementor-element elementor-element-1fea6645 e-flex e-con-boxed e-con e-parent\" data-id=\"1fea6645\" data-element_type=\"container\" data-e-type=\"container\" data-settings=\"{&quot;background_background&quot;:&quot;classic&quot;}\">\n\t\t\t\t\t<div class=\"e-con-inner\">\n\t\t\t\t<div class=\"elementor-element elementor-element-2a29c86c elementor-widget elementor-widget-heading\" data-id=\"2a29c86c\" data-element_type=\"widget\" data-e-type=\"widget\" data-widget_type=\"heading.default\">\n\t\t\t\t\t<h1 class=\"elementor-heading-title elementor-size-default\">tips voor duurzaam toerisme<\/h1>\t\t\t\t<\/div>\n\t\t\t\t\t<\/div>\n\t\t\t\t<\/div>\n\t\t<div class=\"elementor-element elementor-element-5f3c554 e-flex e-con-boxed e-con e-parent\" data-id=\"5f3c554\" data-element_type=\"container\" data-e-type=\"container\">\n\t\t\t\t\t<div class=\"e-con-inner\">\n\t\t\t\t<div class=\"elementor-element elementor-element-5e60428 elementor-widget elementor-widget-text-editor\" data-id=\"5e60428\" data-element_type=\"widget\" data-e-type=\"widget\" data-widget_type=\"text-editor.default\">\n\t\t\t\t\t\t\t\t\t<p><span style=\"font-weight: 400;\">Beter reizen betekent kiezen voor toerisme dat <strong>respectvoller<\/strong> is voor de gebieden en de mensen die ze tot leven brengen. Via deze routes nodigt het project uit om te vertragen, je onder te dompelen in de landschappen, de bewoners te ontmoeten en lokale ambachten te waarderen, terwijl je verantwoorde en duurzame gewoonten omarmt.<\/span><\/p>\t\t\t\t\t\t\t\t<\/div>\n\t\t\t\t\t<\/div>\n\t\t\t\t<\/div>\n\t\t<div class=\"elementor-element elementor-element-26af37f4 e-flex e-con-boxed e-con e-parent\" data-id=\"26af37f4\" data-element_type=\"container\" data-e-type=\"container\">\n\t\t\t\t\t<div class=\"e-con-inner\">\n\t\t<div class=\"elementor-element elementor-element-1542c264 e-con-full e-flex e-con e-child\" data-id=\"1542c264\" data-element_type=\"container\" data-e-type=\"container\">\n\t\t\t\t<div class=\"elementor-element elementor-element-f4997af elementor-widget elementor-widget-image\" data-id=\"f4997af\" data-element_type=\"widget\" data-e-type=\"widget\" data-widget_type=\"image.default\">\n\t\t\t\t\t\t\t\t\t\t\t\t\t\t\t<img fetchpriority=\"high\" decoding=\"async\" width=\"1700\" height=\"2560\" src=\"https:\/\/enjoythepyrenees.com\/wp-content\/uploads\/2025\/12\/Personne-sur-la-colline-scaled.jpg\" class=\"attachment-full size-full wp-image-4913\" alt=\"\" srcset=\"https:\/\/enjoythepyrenees.com\/wp-content\/uploads\/2025\/12\/Personne-sur-la-colline-scaled.jpg 1700w, https:\/\/enjoythepyrenees.com\/wp-content\/uploads\/2025\/12\/Personne-sur-la-colline-199x300.jpg 199w, https:\/\/enjoythepyrenees.com\/wp-content\/uploads\/2025\/12\/Personne-sur-la-colline-680x1024.jpg 680w, https:\/\/enjoythepyrenees.com\/wp-content\/uploads\/2025\/12\/Personne-sur-la-colline-768x1156.jpg 768w, https:\/\/enjoythepyrenees.com\/wp-content\/uploads\/2025\/12\/Personne-sur-la-colline-1020x1536.jpg 1020w, https:\/\/enjoythepyrenees.com\/wp-content\/uploads\/2025\/12\/Personne-sur-la-colline-1360x2048.jpg 1360w\" sizes=\"(max-width: 1700px) 100vw, 1700px\" \/>\t\t\t\t\t\t\t\t\t\t\t\t\t\t\t<\/div>\n\t\t\t\t<\/div>\n\t\t<div class=\"elementor-element elementor-element-37917fd8 e-con-full e-flex e-con e-child\" data-id=\"37917fd8\" data-element_type=\"container\" data-e-type=\"container\">\n\t\t\t\t<div class=\"elementor-element elementor-element-69ff7b77 elementor-widget elementor-widget-heading\" data-id=\"69ff7b77\" data-element_type=\"widget\" data-e-type=\"widget\" data-widget_type=\"heading.default\">\n\t\t\t\t\t<h2 class=\"elementor-heading-title elementor-size-default\">Beter reizen, het hele jaar door<\/h2>\t\t\t\t<\/div>\n\t\t\t\t<div class=\"elementor-element elementor-element-58351d79 elementor-widget elementor-widget-text-editor\" data-id=\"58351d79\" data-element_type=\"widget\" data-e-type=\"widget\" data-widget_type=\"text-editor.default\">\n\t\t\t\t\t\t\t\t\t<p><span style=\"font-weight: 400;\">Onze routes zijn ontworpen om gedurende een groot deel van het jaar te volgen, waarbij drukke periodes worden vermeden. We moedigen reizen buiten het seizoen aan, met aangepaste activiteiten, lokale culturele evenementen en authentieke ervaringen, ver van het massatoerisme.<\/span><span style=\"font-weight: 400;\"><br \/><\/span><span style=\"font-weight: 400;\">Dit helpt natuurgebieden te beschermen, bezoekersstromen beter te verdelen en de regio in rustigere omstandigheden te beleven.<\/span><\/p>\t\t\t\t\t\t\t\t<\/div>\n\t\t\t\t<div class=\"elementor-element elementor-element-0ff930e elementor-widget elementor-widget-heading\" data-id=\"0ff930e\" data-element_type=\"widget\" data-e-type=\"widget\" data-widget_type=\"heading.default\">\n\t\t\t\t\t<h2 class=\"elementor-heading-title elementor-size-default\">De gebieden beschermen <br>en kwetsbare locaties ontlasten<\/h2>\t\t\t\t<\/div>\n\t\t\t\t<div class=\"elementor-element elementor-element-1821d36 elementor-widget elementor-widget-text-editor\" data-id=\"1821d36\" data-element_type=\"widget\" data-e-type=\"widget\" data-widget_type=\"text-editor.default\">\n\t\t\t\t\t\t\t\t\t<p><span style=\"font-weight: 400;\">We bieden alternatieve routes en minder bezochte plekken wanneer bepaalde locaties erg gewild zijn. Bossen, natuurparken en dorpen ontdekt u zo op een andere manier, via secundaire paden, meer afgelegen haltes en gepersonaliseerde ervaringen, vaak in kleine groepen.<\/span><\/p>\t\t\t\t\t\t\t\t<\/div>\n\t\t\t\t<div class=\"elementor-element elementor-element-21ac4c1 elementor-widget elementor-widget-heading\" data-id=\"21ac4c1\" data-element_type=\"widget\" data-e-type=\"widget\" data-widget_type=\"heading.default\">\n\t\t\t\t\t<h2 class=\"elementor-heading-title elementor-size-default\">Duurzamere mobiliteit bevorderen<\/h2>\t\t\t\t<\/div>\n\t\t\t\t<div class=\"elementor-element elementor-element-9e1b874 elementor-widget elementor-widget-text-editor\" data-id=\"9e1b874\" data-element_type=\"widget\" data-e-type=\"widget\" data-widget_type=\"text-editor.default\">\n\t\t\t\t\t\t\t\t\t<p><span style=\"font-weight: 400;\">De ontwikkelde routes combineren wandelen, fietsen, treinreizen en roadtrips. Wanneer een voertuig nodig is, moedigen we elektrische of hybride voertuigen aan, evenals intermodale verbindingen met het openbaar vervoer, met name via treinverbindingen die voor sommige routes beschikbaar zijn.<\/span><\/p>\t\t\t\t\t\t\t\t<\/div>\n\t\t\t\t<div class=\"elementor-element elementor-element-c293264 elementor-widget elementor-widget-heading\" data-id=\"c293264\" data-element_type=\"widget\" data-e-type=\"widget\" data-widget_type=\"heading.default\">\n\t\t\t\t\t<h2 class=\"elementor-heading-title elementor-size-default\">De lokale economie ondersteunen<\/h2>\t\t\t\t<\/div>\n\t\t\t\t<div class=\"elementor-element elementor-element-acda606 elementor-widget elementor-widget-text-editor\" data-id=\"acda606\" data-element_type=\"widget\" data-e-type=\"widget\" data-widget_type=\"text-editor.default\">\n\t\t\t\t\t\t\t\t\t<p><span style=\"font-weight: 400;\">Elke route belicht lokale ambachten en betrokkenen: betrokken accommodaties, producenten, ambachtslieden, restauranthouders en regionale gidsen.<\/span><span style=\"font-weight: 400;\"><br \/><\/span><span style=\"font-weight: 400;\">Door korte ketens, lokale producten en langere verblijven te bevorderen, dragen we bij aan een betere verdeling van de economische opbrengsten en een sterkere band met de doorkruiste gebieden.<\/span><\/p>\t\t\t\t\t\t\t\t<\/div>\n\t\t\t\t<div class=\"elementor-element elementor-element-32529a9 elementor-widget elementor-widget-heading\" data-id=\"32529a9\" data-element_type=\"widget\" data-e-type=\"widget\" data-widget_type=\"heading.default\">\n\t\t\t\t\t<h2 class=\"elementor-heading-title elementor-size-default\">Bewustwording voor verantwoorder toerisme<\/h2>\t\t\t\t<\/div>\n\t\t\t\t<div class=\"elementor-element elementor-element-2abea54 elementor-widget elementor-widget-text-editor\" data-id=\"2abea54\" data-element_type=\"widget\" data-e-type=\"widget\" data-widget_type=\"text-editor.default\">\n\t\t\t\t\t\t\t\t\t<p><span style=\"font-weight: 400;\">Gedurende de hele reis worden reizigers uitgenodigd eenvoudige gewoonten aan te nemen: afval verminderen, herbruikbare voorwerpen gebruiken, natuurgebieden en lokale culturen respecteren. Gidsen, producenten en dienstverleners spelen een sleutelrol bij het doorgeven van deze waarden, zodat iedereen actief bijdraagt aan het behoud van de gebieden.<\/span><\/p>\t\t\t\t\t\t\t\t<\/div>\n\t\t\t\t<div class=\"elementor-element elementor-element-ca7eb36 elementor-widget elementor-widget-heading\" data-id=\"ca7eb36\" data-element_type=\"widget\" data-e-type=\"widget\" data-widget_type=\"heading.default\">\n\t\t\t\t\t<h2 class=\"elementor-heading-title elementor-size-default\">Naar een toegankelijker toerisme<\/h2>\t\t\t\t<\/div>\n\t\t\t\t<div class=\"elementor-element elementor-element-ca9c10d elementor-widget elementor-widget-text-editor\" data-id=\"ca9c10d\" data-element_type=\"widget\" data-e-type=\"widget\" data-widget_type=\"text-editor.default\">\n\t\t\t\t\t\t\t\t\t<p><span style=\"font-weight: 400;\">Toegankelijkheid wordt waar mogelijk ge\u00efntegreerd in het ontwerp van de routes. Sommige etappes bieden voorzieningen, inclusieve activiteiten of specifieke aanpassingen zodat meer mensen ervan kunnen genieten.<\/span><span style=\"font-weight: 400;\"><br \/><\/span><span style=\"font-weight: 400;\"> De routes blijven flexibel: aanpasbaar tempo, toegankelijkere alternatieven, aanpassing van activiteiten aan de behoeften van reizigers, met respect voor de natuurlijke beperkingen van de berggebieden.<\/span><\/p>\t\t\t\t\t\t\t\t<\/div>\n\t\t\t\t<\/div>\n\t\t\t\t\t<\/div>\n\t\t\t\t<\/div>\n\t\t<div class=\"elementor-element elementor-element-cd68c32 elementor-hidden-desktop elementor-hidden-tablet elementor-hidden-mobile e-flex e-con-boxed e-con e-parent\" data-id=\"cd68c32\" data-element_type=\"container\" data-e-type=\"container\">\n\t\t\t\t\t<div class=\"e-con-inner\">\n\t\t<div class=\"elementor-element elementor-element-5924364 e-con-full e-flex e-con e-child\" data-id=\"5924364\" data-element_type=\"container\" data-e-type=\"container\" data-settings=\"{&quot;background_background&quot;:&quot;classic&quot;}\">\n\t\t\t\t<div class=\"elementor-element elementor-element-64ccfcb elementor-widget elementor-widget-heading\" data-id=\"64ccfcb\" data-element_type=\"widget\" data-e-type=\"widget\" data-widget_type=\"heading.default\">\n\t\t\t\t\t<h2 class=\"elementor-heading-title elementor-size-default\">Toerismepartners ondersteunen<\/h2>\t\t\t\t<\/div>\n\t\t\t\t<div class=\"elementor-element elementor-element-ac9f0b5 elementor-widget elementor-widget-text-editor\" data-id=\"ac9f0b5\" data-element_type=\"widget\" data-e-type=\"widget\" data-widget_type=\"text-editor.default\">\n\t\t\t\t\t\t\t\t\t<p><span style=\"font-weight: 400;\">In het kader van het project is een online cursus (MOOC) over duurzaam en regeneratief toerisme beschikbaar gesteld voor lokale professionals. Deze stelt hen in staat verantwoordere ervaringen binnen de routes te identificeren, te ontwikkelen en aan te bieden.<\/span><\/p><p><span style=\"font-weight: 400;\">Deze cursus is beschikbaar tot 20\/03\/2026.<\/span><\/p>\t\t\t\t\t\t\t\t<\/div>\n\t\t\t\t<div class=\"elementor-element elementor-element-e409441 elementor-align-center elementor-widget__width-initial elementor-hidden-desktop elementor-hidden-tablet elementor-hidden-mobile elementor-widget elementor-widget-button\" data-id=\"e409441\" data-element_type=\"widget\" data-e-type=\"widget\" data-widget_type=\"button.default\">\n\t\t\t\t\t\t\t\t\t\t<a class=\"elementor-button elementor-button-link elementor-size-sm elementor-animation-float\" href=\"https:\/\/enjoypyr.eurecatacademy.org\/?lang=fr%20\" target=\"_blank\">\n\t\t\t\t\t\t<span class=\"elementor-button-content-wrapper\">\n\t\t\t\t\t\t\t\t\t<span class=\"elementor-button-text\">Meer info<\/span>\n\t\t\t\t\t<\/span>\n\t\t\t\t\t<\/a>\n\t\t\t\t\t\t\t\t<\/div>\n\t\t\t\t<\/div>\n\t\t\t\t\t<\/div>\n\t\t\t\t<\/div>\n\t\t<div class=\"elementor-element elementor-element-bafe21a e-flex e-con-boxed e-con e-parent\" data-id=\"bafe21a\" data-element_type=\"container\" data-e-type=\"container\">\n\t\t\t\t\t<div class=\"e-con-inner\">\n\t\t<div class=\"elementor-element elementor-element-141223f e-con-full e-flex e-con e-child\" data-id=\"141223f\" data-element_type=\"container\" data-e-type=\"container\" data-settings=\"{&quot;background_background&quot;:&quot;classic&quot;}\">\n\t\t\t\t<div class=\"elementor-element elementor-element-aba692a elementor-widget elementor-widget-heading\" data-id=\"aba692a\" data-element_type=\"widget\" data-e-type=\"widget\" data-widget_type=\"heading.default\">\n\t\t\t\t\t<h2 class=\"elementor-heading-title elementor-size-default\">Accompagner les acteurs du tourisme durabe<\/h2>\t\t\t\t<\/div>\n\t\t\t\t<div class=\"elementor-element elementor-element-d051d67 elementor-widget elementor-widget-text-editor\" data-id=\"d051d67\" data-element_type=\"widget\" data-e-type=\"widget\" data-widget_type=\"text-editor.default\">\n\t\t\t\t\t\t\t\t\t<p><span lang=\"FR\">Pour aller plus loin dans le tourisme durable, vous pouvez \u00e9galement consulter cette plateforme : <\/span><strong><span lang=\"FR\">Le\u00a0<\/span><span lang=\"FR\">Regenerative Tourism Blueprint<\/span><\/strong><span lang=\"FR\">\u00a0est une plateforme qui transforme le concept de tourisme responsable en actions concr\u00e8tes pour les voyageurs. Elle propose des ressources et des conseils pour vous aider \u00e0 faire des choix de voyage qui b\u00e9n\u00e9ficient \u00e0 l\u2019environnement, aux populations locales et \u00e0 l\u2019\u00e9conomie du territoire.<\/span><\/p>\t\t\t\t\t\t\t\t<\/div>\n\t\t\t\t<div class=\"elementor-element elementor-element-d7062f6 elementor-align-center elementor-widget__width-initial elementor-widget elementor-widget-button\" data-id=\"d7062f6\" data-element_type=\"widget\" data-e-type=\"widget\" data-widget_type=\"button.default\">\n\t\t\t\t\t\t\t\t\t\t<a class=\"elementor-button elementor-button-link elementor-size-sm elementor-animation-float\" href=\"https:\/\/regenerativetourism.eu\/\" target=\"_blank\">\n\t\t\t\t\t\t<span class=\"elementor-button-content-wrapper\">\n\t\t\t\t\t\t\t\t\t<span class=\"elementor-button-text\">En savoir +<\/span>\n\t\t\t\t\t<\/span>\n\t\t\t\t\t<\/a>\n\t\t\t\t\t\t\t\t<\/div>\n\t\t\t\t<\/div>\n\t\t\t\t\t<\/div>\n\t\t\t\t<\/div>\n\t\t\t\t<\/div>\n\t\t","protected":false},"excerpt":{"rendered":"<p>tips voor duurzaam toerisme Beter reizen betekent kiezen voor toerisme dat respectvoller is voor de gebieden en de mensen die ze tot leven brengen. Via deze routes nodigt het project uit om te vertragen, je onder te dompelen in de landschappen, de bewoners te ontmoeten en lokale ambachten te waarderen, terwijl je verantwoorde en duurzame [&hellip;]<\/p>\n","protected":false},"author":1,"featured_media":0,"parent":0,"menu_order":0,"comment_status":"closed","ping_status":"closed","template":"","meta":{"_acf_changed":false,"footnotes":""},"class_list":["post-4387","page","type-page","status-publish","hentry"],"acf":[],"yoast_head":"<!-- This site is optimized with the Yoast SEO plugin v27.3 - https:\/\/yoast.com\/product\/yoast-seo-wordpress\/ -->\n<title>Tips voor duurzaam toerisme - enjoythepyrenees.com<\/title>\n<meta name=\"description\" content=\"Onze routes zijn ontworpen om het hele jaar door te volgen, met vermijding van drukke periodes.\" \/>\n<meta name=\"robots\" content=\"index, follow, max-snippet:-1, max-image-preview:large, max-video-preview:-1\" \/>\n<link rel=\"canonical\" href=\"https:\/\/enjoythepyrenees.com\/nl\/goede-praktijken-voor-duurzaam-toerisme\/\" \/>\n<meta property=\"og:locale\" content=\"nl_NL\" \/>\n<meta property=\"og:type\" content=\"article\" \/>\n<meta property=\"og:title\" content=\"Tips voor duurzaam toerisme - enjoythepyrenees.com\" \/>\n<meta property=\"og:description\" content=\"Onze routes zijn ontworpen om het hele jaar door te volgen, met vermijding van drukke periodes.\" \/>\n<meta property=\"og:url\" content=\"https:\/\/enjoythepyrenees.com\/nl\/goede-praktijken-voor-duurzaam-toerisme\/\" \/>\n<meta property=\"og:site_name\" content=\"enjoythepyrenees.com\" \/>\n<meta property=\"article:modified_time\" content=\"2026-03-31T15:39:03+00:00\" \/>\n<meta property=\"og:image\" content=\"https:\/\/enjoythepyrenees.com\/wp-content\/uploads\/2025\/12\/Personne-sur-la-colline-scaled.jpg\" \/>\n\t<meta property=\"og:image:width\" content=\"1700\" \/>\n\t<meta property=\"og:image:height\" content=\"2560\" \/>\n\t<meta property=\"og:image:type\" content=\"image\/jpeg\" \/>\n<meta name=\"twitter:card\" content=\"summary_large_image\" \/>\n<meta name=\"twitter:label1\" content=\"Geschatte leestijd\" \/>\n\t<meta name=\"twitter:data1\" content=\"2 minuten\" \/>\n<script type=\"application\/ld+json\" class=\"yoast-schema-graph\">{\"@context\":\"https:\\\/\\\/schema.org\",\"@graph\":[{\"@type\":\"WebPage\",\"@id\":\"https:\\\/\\\/enjoythepyrenees.com\\\/nl\\\/goede-praktijken-voor-duurzaam-toerisme\\\/\",\"url\":\"https:\\\/\\\/enjoythepyrenees.com\\\/nl\\\/goede-praktijken-voor-duurzaam-toerisme\\\/\",\"name\":\"Tips voor duurzaam toerisme - enjoythepyrenees.com\",\"isPartOf\":{\"@id\":\"https:\\\/\\\/enjoythepyrenees.com\\\/nl\\\/#website\"},\"primaryImageOfPage\":{\"@id\":\"https:\\\/\\\/enjoythepyrenees.com\\\/nl\\\/goede-praktijken-voor-duurzaam-toerisme\\\/#primaryimage\"},\"image\":{\"@id\":\"https:\\\/\\\/enjoythepyrenees.com\\\/nl\\\/goede-praktijken-voor-duurzaam-toerisme\\\/#primaryimage\"},\"thumbnailUrl\":\"https:\\\/\\\/enjoythepyrenees.com\\\/wp-content\\\/uploads\\\/2025\\\/12\\\/Personne-sur-la-colline-scaled.jpg\",\"datePublished\":\"2026-02-20T08:59:16+00:00\",\"dateModified\":\"2026-03-31T15:39:03+00:00\",\"description\":\"Onze routes zijn ontworpen om het hele jaar door te volgen, met vermijding van drukke periodes.\",\"breadcrumb\":{\"@id\":\"https:\\\/\\\/enjoythepyrenees.com\\\/nl\\\/goede-praktijken-voor-duurzaam-toerisme\\\/#breadcrumb\"},\"inLanguage\":\"nl-NL\",\"potentialAction\":[{\"@type\":\"ReadAction\",\"target\":[\"https:\\\/\\\/enjoythepyrenees.com\\\/nl\\\/goede-praktijken-voor-duurzaam-toerisme\\\/\"]}]},{\"@type\":\"ImageObject\",\"inLanguage\":\"nl-NL\",\"@id\":\"https:\\\/\\\/enjoythepyrenees.com\\\/nl\\\/goede-praktijken-voor-duurzaam-toerisme\\\/#primaryimage\",\"url\":\"https:\\\/\\\/enjoythepyrenees.com\\\/wp-content\\\/uploads\\\/2025\\\/12\\\/Personne-sur-la-colline-scaled.jpg\",\"contentUrl\":\"https:\\\/\\\/enjoythepyrenees.com\\\/wp-content\\\/uploads\\\/2025\\\/12\\\/Personne-sur-la-colline-scaled.jpg\"},{\"@type\":\"BreadcrumbList\",\"@id\":\"https:\\\/\\\/enjoythepyrenees.com\\\/nl\\\/goede-praktijken-voor-duurzaam-toerisme\\\/#breadcrumb\",\"itemListElement\":[{\"@type\":\"ListItem\",\"position\":1,\"name\":\"Home\",\"item\":\"https:\\\/\\\/enjoythepyrenees.com\\\/nl\\\/\"},{\"@type\":\"ListItem\",\"position\":2,\"name\":\"Tips voor duurzaam toerisme\"}]},{\"@type\":\"WebSite\",\"@id\":\"https:\\\/\\\/enjoythepyrenees.com\\\/nl\\\/#website\",\"url\":\"https:\\\/\\\/enjoythepyrenees.com\\\/nl\\\/\",\"name\":\"Enjoy The Pyrenees\",\"description\":\"\",\"publisher\":{\"@id\":\"https:\\\/\\\/enjoythepyrenees.com\\\/nl\\\/#organization\"},\"alternateName\":\"EnjoyPyr\",\"potentialAction\":[{\"@type\":\"SearchAction\",\"target\":{\"@type\":\"EntryPoint\",\"urlTemplate\":\"https:\\\/\\\/enjoythepyrenees.com\\\/nl\\\/?s={search_term_string}\"},\"query-input\":{\"@type\":\"PropertyValueSpecification\",\"valueRequired\":true,\"valueName\":\"search_term_string\"}}],\"inLanguage\":\"nl-NL\"},{\"@type\":\"Organization\",\"@id\":\"https:\\\/\\\/enjoythepyrenees.com\\\/nl\\\/#organization\",\"name\":\"Enjoy The Pyrenees\",\"alternateName\":\"EnjoyPyr\",\"url\":\"https:\\\/\\\/enjoythepyrenees.com\\\/nl\\\/\",\"logo\":{\"@type\":\"ImageObject\",\"inLanguage\":\"nl-NL\",\"@id\":\"https:\\\/\\\/enjoythepyrenees.com\\\/nl\\\/#\\\/schema\\\/logo\\\/image\\\/\",\"url\":\"https:\\\/\\\/enjoythepyrenees.com\\\/wp-content\\\/uploads\\\/2025\\\/11\\\/logo-enjoy-pyr1.png\",\"contentUrl\":\"https:\\\/\\\/enjoythepyrenees.com\\\/wp-content\\\/uploads\\\/2025\\\/11\\\/logo-enjoy-pyr1.png\",\"width\":1314,\"height\":303,\"caption\":\"Enjoy The Pyrenees\"},\"image\":{\"@id\":\"https:\\\/\\\/enjoythepyrenees.com\\\/nl\\\/#\\\/schema\\\/logo\\\/image\\\/\"}}]}<\/script>\n<!-- \/ Yoast SEO plugin. -->","yoast_head_json":{"title":"Tips voor duurzaam toerisme - enjoythepyrenees.com","description":"Onze routes zijn ontworpen om het hele jaar door te volgen, met vermijding van drukke periodes.","robots":{"index":"index","follow":"follow","max-snippet":"max-snippet:-1","max-image-preview":"max-image-preview:large","max-video-preview":"max-video-preview:-1"},"canonical":"https:\/\/enjoythepyrenees.com\/nl\/goede-praktijken-voor-duurzaam-toerisme\/","og_locale":"nl_NL","og_type":"article","og_title":"Tips voor duurzaam toerisme - enjoythepyrenees.com","og_description":"Onze routes zijn ontworpen om het hele jaar door te volgen, met vermijding van drukke periodes.","og_url":"https:\/\/enjoythepyrenees.com\/nl\/goede-praktijken-voor-duurzaam-toerisme\/","og_site_name":"enjoythepyrenees.com","article_modified_time":"2026-03-31T15:39:03+00:00","og_image":[{"width":1700,"height":2560,"url":"https:\/\/enjoythepyrenees.com\/wp-content\/uploads\/2025\/12\/Personne-sur-la-colline-scaled.jpg","type":"image\/jpeg"}],"twitter_card":"summary_large_image","twitter_misc":{"Geschatte leestijd":"2 minuten"},"schema":{"@context":"https:\/\/schema.org","@graph":[{"@type":"WebPage","@id":"https:\/\/enjoythepyrenees.com\/nl\/goede-praktijken-voor-duurzaam-toerisme\/","url":"https:\/\/enjoythepyrenees.com\/nl\/goede-praktijken-voor-duurzaam-toerisme\/","name":"Tips voor duurzaam toerisme - enjoythepyrenees.com","isPartOf":{"@id":"https:\/\/enjoythepyrenees.com\/nl\/#website"},"primaryImageOfPage":{"@id":"https:\/\/enjoythepyrenees.com\/nl\/goede-praktijken-voor-duurzaam-toerisme\/#primaryimage"},"image":{"@id":"https:\/\/enjoythepyrenees.com\/nl\/goede-praktijken-voor-duurzaam-toerisme\/#primaryimage"},"thumbnailUrl":"https:\/\/enjoythepyrenees.com\/wp-content\/uploads\/2025\/12\/Personne-sur-la-colline-scaled.jpg","datePublished":"2026-02-20T08:59:16+00:00","dateModified":"2026-03-31T15:39:03+00:00","description":"Onze routes zijn ontworpen om het hele jaar door te volgen, met vermijding van drukke periodes.","breadcrumb":{"@id":"https:\/\/enjoythepyrenees.com\/nl\/goede-praktijken-voor-duurzaam-toerisme\/#breadcrumb"},"inLanguage":"nl-NL","potentialAction":[{"@type":"ReadAction","target":["https:\/\/enjoythepyrenees.com\/nl\/goede-praktijken-voor-duurzaam-toerisme\/"]}]},{"@type":"ImageObject","inLanguage":"nl-NL","@id":"https:\/\/enjoythepyrenees.com\/nl\/goede-praktijken-voor-duurzaam-toerisme\/#primaryimage","url":"https:\/\/enjoythepyrenees.com\/wp-content\/uploads\/2025\/12\/Personne-sur-la-colline-scaled.jpg","contentUrl":"https:\/\/enjoythepyrenees.com\/wp-content\/uploads\/2025\/12\/Personne-sur-la-colline-scaled.jpg"},{"@type":"BreadcrumbList","@id":"https:\/\/enjoythepyrenees.com\/nl\/goede-praktijken-voor-duurzaam-toerisme\/#breadcrumb","itemListElement":[{"@type":"ListItem","position":1,"name":"Home","item":"https:\/\/enjoythepyrenees.com\/nl\/"},{"@type":"ListItem","position":2,"name":"Tips voor duurzaam toerisme"}]},{"@type":"WebSite","@id":"https:\/\/enjoythepyrenees.com\/nl\/#website","url":"https:\/\/enjoythepyrenees.com\/nl\/","name":"Enjoy The Pyrenees","description":"","publisher":{"@id":"https:\/\/enjoythepyrenees.com\/nl\/#organization"},"alternateName":"EnjoyPyr","potentialAction":[{"@type":"SearchAction","target":{"@type":"EntryPoint","urlTemplate":"https:\/\/enjoythepyrenees.com\/nl\/?s={search_term_string}"},"query-input":{"@type":"PropertyValueSpecification","valueRequired":true,"valueName":"search_term_string"}}],"inLanguage":"nl-NL"},{"@type":"Organization","@id":"https:\/\/enjoythepyrenees.com\/nl\/#organization","name":"Enjoy The Pyrenees","alternateName":"EnjoyPyr","url":"https:\/\/enjoythepyrenees.com\/nl\/","logo":{"@type":"ImageObject","inLanguage":"nl-NL","@id":"https:\/\/enjoythepyrenees.com\/nl\/#\/schema\/logo\/image\/","url":"https:\/\/enjoythepyrenees.com\/wp-content\/uploads\/2025\/11\/logo-enjoy-pyr1.png","contentUrl":"https:\/\/enjoythepyrenees.com\/wp-content\/uploads\/2025\/11\/logo-enjoy-pyr1.png","width":1314,"height":303,"caption":"Enjoy The Pyrenees"},"image":{"@id":"https:\/\/enjoythepyrenees.com\/nl\/#\/schema\/logo\/image\/"}}]}},"_hostinger_reach_plugin_has_subscription_block":false,"_hostinger_reach_plugin_is_elementor":false,"_links":{"self":[{"href":"https:\/\/enjoythepyrenees.com\/nl\/wp-json\/wp\/v2\/pages\/4387","targetHints":{"allow":["GET"]}}],"collection":[{"href":"https:\/\/enjoythepyrenees.com\/nl\/wp-json\/wp\/v2\/pages"}],"about":[{"href":"https:\/\/enjoythepyrenees.com\/nl\/wp-json\/wp\/v2\/types\/page"}],"author":[{"embeddable":true,"href":"https:\/\/enjoythepyrenees.com\/nl\/wp-json\/wp\/v2\/users\/1"}],"replies":[{"embeddable":true,"href":"https:\/\/enjoythepyrenees.com\/nl\/wp-json\/wp\/v2\/comments?post=4387"}],"version-history":[{"count":5,"href":"https:\/\/enjoythepyrenees.com\/nl\/wp-json\/wp\/v2\/pages\/4387\/revisions"}],"predecessor-version":[{"id":6085,"href":"https:\/\/enjoythepyrenees.com\/nl\/wp-json\/wp\/v2\/pages\/4387\/revisions\/6085"}],"wp:attachment":[{"href":"https:\/\/enjoythepyrenees.com\/nl\/wp-json\/wp\/v2\/media?parent=4387"}],"curies":[{"name":"wp","href":"https:\/\/api.w.org\/{rel}","templated":true}]}}