{"id":4383,"date":"2026-02-20T08:59:16","date_gmt":"2026-02-20T08:59:16","guid":{"rendered":"https:\/\/enjoythepyrenees.com\/turismo-jasangarriaren-jardunbide-egokiak\/"},"modified":"2026-03-31T15:39:03","modified_gmt":"2026-03-31T15:39:03","slug":"turismo-jasangarriaren-jardunbide-egokiak","status":"publish","type":"page","link":"https:\/\/enjoythepyrenees.com\/eu\/turismo-jasangarriaren-jardunbide-egokiak\/","title":{"rendered":"Turismo jasangarriaren jardunbide egokiak"},"content":{"rendered":"\t\t<div data-elementor-type=\"wp-page\" data-elementor-id=\"4383\" class=\"elementor elementor-4383 elementor-3224\" data-elementor-post-type=\"page\">\n\t\t\t\t<div class=\"elementor-element elementor-element-1fea6645 e-flex e-con-boxed e-con e-parent\" data-id=\"1fea6645\" data-element_type=\"container\" data-e-type=\"container\" data-settings=\"{&quot;background_background&quot;:&quot;classic&quot;}\">\n\t\t\t\t\t<div class=\"e-con-inner\">\n\t\t\t\t<div class=\"elementor-element elementor-element-2a29c86c elementor-widget elementor-widget-heading\" data-id=\"2a29c86c\" data-element_type=\"widget\" data-e-type=\"widget\" data-widget_type=\"heading.default\">\n\t\t\t\t\t<h1 class=\"elementor-heading-title elementor-size-default\">turismo jasangarriaren jardunbide egokiak<\/h1>\t\t\t\t<\/div>\n\t\t\t\t\t<\/div>\n\t\t\t\t<\/div>\n\t\t<div class=\"elementor-element elementor-element-5f3c554 e-flex e-con-boxed e-con e-parent\" data-id=\"5f3c554\" data-element_type=\"container\" data-e-type=\"container\">\n\t\t\t\t\t<div class=\"e-con-inner\">\n\t\t\t\t<div class=\"elementor-element elementor-element-5e60428 elementor-widget elementor-widget-text-editor\" data-id=\"5e60428\" data-element_type=\"widget\" data-e-type=\"widget\" data-widget_type=\"text-editor.default\">\n\t\t\t\t\t\t\t\t\t<p><span style=\"font-weight: 400;\">Hobeto bidaiatzea lurraldeekiko eta haiei bizia ematen dieten pertsonekiko <strong>errespetuagoa<\/strong> den turismoa aukeratzea da. Ibilbide hauen bidez, proiektuak erritmoa moteltzera, paisaietan murgiltzera, bertako biztanleak ezagutzera eta tokiko jakintza balioestera gonbidatzen zaitu, praktika arduratsu eta jasangarriak hartuz.<\/span><\/p>\t\t\t\t\t\t\t\t<\/div>\n\t\t\t\t\t<\/div>\n\t\t\t\t<\/div>\n\t\t<div class=\"elementor-element elementor-element-26af37f4 e-flex e-con-boxed e-con e-parent\" data-id=\"26af37f4\" data-element_type=\"container\" data-e-type=\"container\">\n\t\t\t\t\t<div class=\"e-con-inner\">\n\t\t<div class=\"elementor-element elementor-element-1542c264 e-con-full e-flex e-con e-child\" data-id=\"1542c264\" data-element_type=\"container\" data-e-type=\"container\">\n\t\t\t\t<div class=\"elementor-element elementor-element-f4997af elementor-widget elementor-widget-image\" data-id=\"f4997af\" data-element_type=\"widget\" data-e-type=\"widget\" data-widget_type=\"image.default\">\n\t\t\t\t\t\t\t\t\t\t\t\t\t\t\t<img fetchpriority=\"high\" decoding=\"async\" width=\"1700\" height=\"2560\" src=\"https:\/\/enjoythepyrenees.com\/wp-content\/uploads\/2025\/12\/Personne-sur-la-colline-scaled.jpg\" class=\"attachment-full size-full wp-image-187\" alt=\"\" srcset=\"https:\/\/enjoythepyrenees.com\/wp-content\/uploads\/2025\/12\/Personne-sur-la-colline-scaled.jpg 1700w, https:\/\/enjoythepyrenees.com\/wp-content\/uploads\/2025\/12\/Personne-sur-la-colline-199x300.jpg 199w, https:\/\/enjoythepyrenees.com\/wp-content\/uploads\/2025\/12\/Personne-sur-la-colline-680x1024.jpg 680w, https:\/\/enjoythepyrenees.com\/wp-content\/uploads\/2025\/12\/Personne-sur-la-colline-768x1156.jpg 768w, https:\/\/enjoythepyrenees.com\/wp-content\/uploads\/2025\/12\/Personne-sur-la-colline-1020x1536.jpg 1020w, https:\/\/enjoythepyrenees.com\/wp-content\/uploads\/2025\/12\/Personne-sur-la-colline-1360x2048.jpg 1360w\" sizes=\"(max-width: 1700px) 100vw, 1700px\" \/>\t\t\t\t\t\t\t\t\t\t\t\t\t\t\t<\/div>\n\t\t\t\t<\/div>\n\t\t<div class=\"elementor-element elementor-element-37917fd8 e-con-full e-flex e-con e-child\" data-id=\"37917fd8\" data-element_type=\"container\" data-e-type=\"container\">\n\t\t\t\t<div class=\"elementor-element elementor-element-69ff7b77 elementor-widget elementor-widget-heading\" data-id=\"69ff7b77\" data-element_type=\"widget\" data-e-type=\"widget\" data-widget_type=\"heading.default\">\n\t\t\t\t\t<h2 class=\"elementor-heading-title elementor-size-default\">Hobeto bidaiatu, urte osoan<\/h2>\t\t\t\t<\/div>\n\t\t\t\t<div class=\"elementor-element elementor-element-58351d79 elementor-widget elementor-widget-text-editor\" data-id=\"58351d79\" data-element_type=\"widget\" data-e-type=\"widget\" data-widget_type=\"text-editor.default\">\n\t\t\t\t\t\t\t\t\t<p><span style=\"font-weight: 400;\">Gure ibilbideak urteko zati handi batean zehar egiteko pentsatuta daude, jende-pilaketa handiko aldiak saihestuz. Denboraldi kanpoko bidaiak sustatzen ditugu, egokitutako jarduerekin, tokiko kultur ekitaldiekin eta esperientzia autentikoekin, turismo masibotik urrun.<\/span><span style=\"font-weight: 400;\"><br \/><\/span><span style=\"font-weight: 400;\">Honek gune naturalak babesten, bisitarien fluxuak hobeto banatzen eta lurraldea baldintza lasaiagoetan bizitzen laguntzen du.<\/span><\/p>\t\t\t\t\t\t\t\t<\/div>\n\t\t\t\t<div class=\"elementor-element elementor-element-0ff930e elementor-widget elementor-widget-heading\" data-id=\"0ff930e\" data-element_type=\"widget\" data-e-type=\"widget\" data-widget_type=\"heading.default\">\n\t\t\t\t\t<h2 class=\"elementor-heading-title elementor-size-default\">Lurraldeak zaindu <br>eta gune sentikorrak arindu<\/h2>\t\t\t\t<\/div>\n\t\t\t\t<div class=\"elementor-element elementor-element-1821d36 elementor-widget elementor-widget-text-editor\" data-id=\"1821d36\" data-element_type=\"widget\" data-e-type=\"widget\" data-widget_type=\"text-editor.default\">\n\t\t\t\t\t\t\t\t\t<p><span style=\"font-weight: 400;\">Ibilbide alternatiboak eta jende gutxiago jasotzen duten lekuak proposatzen ditugu gune batzuk oso eskatuak direnean. Basoak, parke naturalak eta herriak modu ezberdinean ezagutzen dira horrela, bigarren mailako bideetatik, etapa diskretuagoetatik eta esperientzia pertsonalizatuetatik, askotan talde txikietan.<\/span><\/p>\t\t\t\t\t\t\t\t<\/div>\n\t\t\t\t<div class=\"elementor-element elementor-element-21ac4c1 elementor-widget elementor-widget-heading\" data-id=\"21ac4c1\" data-element_type=\"widget\" data-e-type=\"widget\" data-widget_type=\"heading.default\">\n\t\t\t\t\t<h2 class=\"elementor-heading-title elementor-size-default\">Mugikortasun jasangarriagoa sustatu<\/h2>\t\t\t\t<\/div>\n\t\t\t\t<div class=\"elementor-element elementor-element-9e1b874 elementor-widget elementor-widget-text-editor\" data-id=\"9e1b874\" data-element_type=\"widget\" data-e-type=\"widget\" data-widget_type=\"text-editor.default\">\n\t\t\t\t\t\t\t\t\t<p><span style=\"font-weight: 400;\">Garatutako ibilbideek mendizaletasuna, bizikleta, trena eta errepideko bidaiak konbinatzen dituzte. Ibilgailua beharrezkoa denean, ibilgailu elektriko edo hibridoak sustatzen ditugu, baita garraio publikoarekiko intermodalitatea ere, bereziki trenez iristeko aukera, ibilbide batzuetan eskuragarri dagoena.<\/span><\/p>\t\t\t\t\t\t\t\t<\/div>\n\t\t\t\t<div class=\"elementor-element elementor-element-c293264 elementor-widget elementor-widget-heading\" data-id=\"c293264\" data-element_type=\"widget\" data-e-type=\"widget\" data-widget_type=\"heading.default\">\n\t\t\t\t\t<h2 class=\"elementor-heading-title elementor-size-default\">Tokiko ekonomia sustatu<\/h2>\t\t\t\t<\/div>\n\t\t\t\t<div class=\"elementor-element elementor-element-acda606 elementor-widget elementor-widget-text-editor\" data-id=\"acda606\" data-element_type=\"widget\" data-e-type=\"widget\" data-widget_type=\"text-editor.default\">\n\t\t\t\t\t\t\t\t\t<p><span style=\"font-weight: 400;\">Ibilbide bakoitzak tokiko jakintza eta eragile lokalak nabarmentzen ditu: konprometitutako ostatuak, ekoizleak, artisauak, jatetxeetako arduradunak eta eskualdeko gidariak.<\/span><span style=\"font-weight: 400;\"><br \/><\/span><span style=\"font-weight: 400;\">Zirkuitu laburrak, tokiko produktuak eta egonaldi luzeagoak lehenetsiz, onura ekonomikoen banaketa hobeagoa eta zeharkatutako lurraldeekin lotura sendoagoa lortzen laguntzen dugu.<\/span><\/p>\t\t\t\t\t\t\t\t<\/div>\n\t\t\t\t<div class=\"elementor-element elementor-element-32529a9 elementor-widget elementor-widget-heading\" data-id=\"32529a9\" data-element_type=\"widget\" data-e-type=\"widget\" data-widget_type=\"heading.default\">\n\t\t\t\t\t<h2 class=\"elementor-heading-title elementor-size-default\">Turismo arduratsuagoaren aldeko sentsibilizazioa<\/h2>\t\t\t\t<\/div>\n\t\t\t\t<div class=\"elementor-element elementor-element-2abea54 elementor-widget elementor-widget-text-editor\" data-id=\"2abea54\" data-element_type=\"widget\" data-e-type=\"widget\" data-widget_type=\"text-editor.default\">\n\t\t\t\t\t\t\t\t\t<p><span style=\"font-weight: 400;\">Bidaia osoan zehar, bidaiariak keinu sinpleak hartzera gonbidatzen dira: hondakinak murriztea, berrerabilgarriak diren objektuak erabiltzea, gune naturalak eta tokiko kulturak errespetatzea. Gidariek, ekoizleek eta zerbitzu-emaileek funtsezko eginkizuna dute balio hauek transmititzean, bakoitza lurraldeen babesaren eragile bihur dadin.<\/span><\/p>\t\t\t\t\t\t\t\t<\/div>\n\t\t\t\t<div class=\"elementor-element elementor-element-ca7eb36 elementor-widget elementor-widget-heading\" data-id=\"ca7eb36\" data-element_type=\"widget\" data-e-type=\"widget\" data-widget_type=\"heading.default\">\n\t\t\t\t\t<h2 class=\"elementor-heading-title elementor-size-default\">Turismo irisgarriagoa lortzeko bidean<\/h2>\t\t\t\t<\/div>\n\t\t\t\t<div class=\"elementor-element elementor-element-ca9c10d elementor-widget elementor-widget-text-editor\" data-id=\"ca9c10d\" data-element_type=\"widget\" data-e-type=\"widget\" data-widget_type=\"text-editor.default\">\n\t\t\t\t\t\t\t\t\t<p><span style=\"font-weight: 400;\">Irisgarritasuna ahal den guztietan ibilbideen diseinuan txertatzen da. Etapa batzuek ekipamenduak, jarduera inklusiboak edo egokitzapen espezifikoak eskaintzen dituzte pertsona gehiagok gozatu ahal izateko.<\/span><span style=\"font-weight: 400;\"><br \/><\/span><span style=\"font-weight: 400;\"> Ibilbideak malguak izaten jarraitzen dute: erritmoa doigarria, alternatiba irisgarriagoak, jardueren egokitzapena bidaiarien beharren arabera, mendiko lurraldeen muga naturalak errespetatuz.<\/span><\/p>\t\t\t\t\t\t\t\t<\/div>\n\t\t\t\t<\/div>\n\t\t\t\t\t<\/div>\n\t\t\t\t<\/div>\n\t\t<div class=\"elementor-element elementor-element-cd68c32 elementor-hidden-desktop elementor-hidden-tablet elementor-hidden-mobile e-flex e-con-boxed e-con e-parent\" data-id=\"cd68c32\" data-element_type=\"container\" data-e-type=\"container\">\n\t\t\t\t\t<div class=\"e-con-inner\">\n\t\t<div class=\"elementor-element elementor-element-5924364 e-con-full e-flex e-con e-child\" data-id=\"5924364\" data-element_type=\"container\" data-e-type=\"container\" data-settings=\"{&quot;background_background&quot;:&quot;classic&quot;}\">\n\t\t\t\t<div class=\"elementor-element elementor-element-64ccfcb elementor-widget elementor-widget-heading\" data-id=\"64ccfcb\" data-element_type=\"widget\" data-e-type=\"widget\" data-widget_type=\"heading.default\">\n\t\t\t\t\t<h2 class=\"elementor-heading-title elementor-size-default\">Turismoko eragileei lagundu<\/h2>\t\t\t\t<\/div>\n\t\t\t\t<div class=\"elementor-element elementor-element-ac9f0b5 elementor-widget elementor-widget-text-editor\" data-id=\"ac9f0b5\" data-element_type=\"widget\" data-e-type=\"widget\" data-widget_type=\"text-editor.default\">\n\t\t\t\t\t\t\t\t\t<p><span style=\"font-weight: 400;\">Proiektuaren barruan, turismo jasangarri eta birsortzaileari buruzko lineako prestakuntza (MOOC) bat jarri da tokiko profesionalen eskura. Horri esker, ibilbideen barruan esperientzia arduratsuagoak identifikatu, garatu eta proposatu ditzakete.<\/span><\/p><p><span style=\"font-weight: 400;\">Prestakuntza hau 2026\/03\/20ra arte dago eskuragarri.<\/span><\/p>\t\t\t\t\t\t\t\t<\/div>\n\t\t\t\t<div class=\"elementor-element elementor-element-e409441 elementor-align-center elementor-widget__width-initial elementor-hidden-desktop elementor-hidden-tablet elementor-hidden-mobile elementor-widget elementor-widget-button\" data-id=\"e409441\" data-element_type=\"widget\" data-e-type=\"widget\" data-widget_type=\"button.default\">\n\t\t\t\t\t\t\t\t\t\t<a class=\"elementor-button elementor-button-link elementor-size-sm elementor-animation-float\" href=\"https:\/\/enjoypyr.eurecatacademy.org\/?lang=fr%20\" target=\"_blank\">\n\t\t\t\t\t\t<span class=\"elementor-button-content-wrapper\">\n\t\t\t\t\t\t\t\t\t<span class=\"elementor-button-text\">Gehiago jakin<\/span>\n\t\t\t\t\t<\/span>\n\t\t\t\t\t<\/a>\n\t\t\t\t\t\t\t\t<\/div>\n\t\t\t\t<\/div>\n\t\t\t\t\t<\/div>\n\t\t\t\t<\/div>\n\t\t<div class=\"elementor-element elementor-element-bafe21a e-flex e-con-boxed e-con e-parent\" data-id=\"bafe21a\" data-element_type=\"container\" data-e-type=\"container\">\n\t\t\t\t\t<div class=\"e-con-inner\">\n\t\t<div class=\"elementor-element elementor-element-141223f e-con-full e-flex e-con e-child\" data-id=\"141223f\" data-element_type=\"container\" data-e-type=\"container\" data-settings=\"{&quot;background_background&quot;:&quot;classic&quot;}\">\n\t\t\t\t<div class=\"elementor-element elementor-element-aba692a elementor-widget elementor-widget-heading\" data-id=\"aba692a\" data-element_type=\"widget\" data-e-type=\"widget\" data-widget_type=\"heading.default\">\n\t\t\t\t\t<h2 class=\"elementor-heading-title elementor-size-default\">Accompagner les acteurs du tourisme durabe<\/h2>\t\t\t\t<\/div>\n\t\t\t\t<div class=\"elementor-element elementor-element-d051d67 elementor-widget elementor-widget-text-editor\" data-id=\"d051d67\" data-element_type=\"widget\" data-e-type=\"widget\" data-widget_type=\"text-editor.default\">\n\t\t\t\t\t\t\t\t\t<p><span lang=\"FR\">Pour aller plus loin dans le tourisme durable, vous pouvez \u00e9galement consulter cette plateforme : <\/span><strong><span lang=\"FR\">Le\u00a0<\/span><span lang=\"FR\">Regenerative Tourism Blueprint<\/span><\/strong><span lang=\"FR\">\u00a0est une plateforme qui transforme le concept de tourisme responsable en actions concr\u00e8tes pour les voyageurs. Elle propose des ressources et des conseils pour vous aider \u00e0 faire des choix de voyage qui b\u00e9n\u00e9ficient \u00e0 l\u2019environnement, aux populations locales et \u00e0 l\u2019\u00e9conomie du territoire.<\/span><\/p>\t\t\t\t\t\t\t\t<\/div>\n\t\t\t\t<div class=\"elementor-element elementor-element-d7062f6 elementor-align-center elementor-widget__width-initial elementor-widget elementor-widget-button\" data-id=\"d7062f6\" data-element_type=\"widget\" data-e-type=\"widget\" data-widget_type=\"button.default\">\n\t\t\t\t\t\t\t\t\t\t<a class=\"elementor-button elementor-button-link elementor-size-sm elementor-animation-float\" href=\"https:\/\/regenerativetourism.eu\/\" target=\"_blank\">\n\t\t\t\t\t\t<span class=\"elementor-button-content-wrapper\">\n\t\t\t\t\t\t\t\t\t<span class=\"elementor-button-text\">En savoir +<\/span>\n\t\t\t\t\t<\/span>\n\t\t\t\t\t<\/a>\n\t\t\t\t\t\t\t\t<\/div>\n\t\t\t\t<\/div>\n\t\t\t\t\t<\/div>\n\t\t\t\t<\/div>\n\t\t\t\t<\/div>\n\t\t","protected":false},"excerpt":{"rendered":"<p>turismo jasangarriaren jardunbide egokiak Hobeto bidaiatzea lurraldeekiko eta haiei bizia ematen dieten pertsonekiko errespetuagoa den turismoa aukeratzea da. Ibilbide hauen bidez, proiektuak erritmoa moteltzera, paisaietan murgiltzera, bertako biztanleak ezagutzera eta tokiko jakintza balioestera gonbidatzen zaitu, praktika arduratsu eta jasangarriak hartuz. Hobeto bidaiatu, urte osoan Gure ibilbideak urteko zati handi batean zehar egiteko pentsatuta daude, jende-pilaketa [&hellip;]<\/p>\n","protected":false},"author":1,"featured_media":0,"parent":0,"menu_order":0,"comment_status":"closed","ping_status":"closed","template":"","meta":{"_acf_changed":false,"footnotes":""},"class_list":["post-4383","page","type-page","status-publish","hentry"],"acf":[],"yoast_head":"<!-- This site is optimized with the Yoast SEO plugin v27.3 - https:\/\/yoast.com\/product\/yoast-seo-wordpress\/ -->\n<title>Turismo jasangarriaren jardunbide egokiak - enjoythepyrenees.com<\/title>\n<meta name=\"description\" content=\"Gure ibilbideak urteko zati handi batean zehar egiteko pentsatuta daude, jende-pilaketa handiko aldiak saihestuz.\" \/>\n<meta name=\"robots\" content=\"index, follow, max-snippet:-1, max-image-preview:large, max-video-preview:-1\" \/>\n<link rel=\"canonical\" href=\"https:\/\/enjoythepyrenees.com\/eu\/turismo-jasangarriaren-jardunbide-egokiak\/\" \/>\n<meta property=\"og:locale\" content=\"en_US\" \/>\n<meta property=\"og:type\" content=\"article\" \/>\n<meta property=\"og:title\" content=\"Turismo jasangarriaren jardunbide egokiak - enjoythepyrenees.com\" \/>\n<meta property=\"og:description\" content=\"Gure ibilbideak urteko zati handi batean zehar egiteko pentsatuta daude, jende-pilaketa handiko aldiak saihestuz.\" \/>\n<meta property=\"og:url\" content=\"https:\/\/enjoythepyrenees.com\/eu\/turismo-jasangarriaren-jardunbide-egokiak\/\" \/>\n<meta property=\"og:site_name\" content=\"enjoythepyrenees.com\" \/>\n<meta property=\"article:modified_time\" content=\"2026-03-31T15:39:03+00:00\" \/>\n<meta property=\"og:image\" content=\"https:\/\/enjoythepyrenees.com\/wp-content\/uploads\/2025\/12\/Personne-sur-la-colline-scaled.jpg\" \/>\n\t<meta property=\"og:image:width\" content=\"1700\" \/>\n\t<meta property=\"og:image:height\" content=\"2560\" \/>\n\t<meta property=\"og:image:type\" content=\"image\/jpeg\" \/>\n<meta name=\"twitter:card\" content=\"summary_large_image\" \/>\n<meta name=\"twitter:label1\" content=\"Est. reading time\" \/>\n\t<meta name=\"twitter:data1\" content=\"2 minutua\" \/>\n<script type=\"application\/ld+json\" class=\"yoast-schema-graph\">{\"@context\":\"https:\\\/\\\/schema.org\",\"@graph\":[{\"@type\":\"WebPage\",\"@id\":\"https:\\\/\\\/enjoythepyrenees.com\\\/eu\\\/turismo-jasangarriaren-jardunbide-egokiak\\\/\",\"url\":\"https:\\\/\\\/enjoythepyrenees.com\\\/eu\\\/turismo-jasangarriaren-jardunbide-egokiak\\\/\",\"name\":\"Turismo jasangarriaren jardunbide egokiak - enjoythepyrenees.com\",\"isPartOf\":{\"@id\":\"https:\\\/\\\/enjoythepyrenees.com\\\/eu\\\/#website\"},\"primaryImageOfPage\":{\"@id\":\"https:\\\/\\\/enjoythepyrenees.com\\\/eu\\\/turismo-jasangarriaren-jardunbide-egokiak\\\/#primaryimage\"},\"image\":{\"@id\":\"https:\\\/\\\/enjoythepyrenees.com\\\/eu\\\/turismo-jasangarriaren-jardunbide-egokiak\\\/#primaryimage\"},\"thumbnailUrl\":\"https:\\\/\\\/enjoythepyrenees.com\\\/wp-content\\\/uploads\\\/2025\\\/12\\\/Personne-sur-la-colline-scaled.jpg\",\"datePublished\":\"2026-02-20T08:59:16+00:00\",\"dateModified\":\"2026-03-31T15:39:03+00:00\",\"description\":\"Gure ibilbideak urteko zati handi batean zehar egiteko pentsatuta daude, jende-pilaketa handiko aldiak saihestuz.\",\"breadcrumb\":{\"@id\":\"https:\\\/\\\/enjoythepyrenees.com\\\/eu\\\/turismo-jasangarriaren-jardunbide-egokiak\\\/#breadcrumb\"},\"inLanguage\":\"eu\",\"potentialAction\":[{\"@type\":\"ReadAction\",\"target\":[\"https:\\\/\\\/enjoythepyrenees.com\\\/eu\\\/turismo-jasangarriaren-jardunbide-egokiak\\\/\"]}]},{\"@type\":\"ImageObject\",\"inLanguage\":\"eu\",\"@id\":\"https:\\\/\\\/enjoythepyrenees.com\\\/eu\\\/turismo-jasangarriaren-jardunbide-egokiak\\\/#primaryimage\",\"url\":\"https:\\\/\\\/enjoythepyrenees.com\\\/wp-content\\\/uploads\\\/2025\\\/12\\\/Personne-sur-la-colline-scaled.jpg\",\"contentUrl\":\"https:\\\/\\\/enjoythepyrenees.com\\\/wp-content\\\/uploads\\\/2025\\\/12\\\/Personne-sur-la-colline-scaled.jpg\"},{\"@type\":\"BreadcrumbList\",\"@id\":\"https:\\\/\\\/enjoythepyrenees.com\\\/eu\\\/turismo-jasangarriaren-jardunbide-egokiak\\\/#breadcrumb\",\"itemListElement\":[{\"@type\":\"ListItem\",\"position\":1,\"name\":\"Home\",\"item\":\"https:\\\/\\\/enjoythepyrenees.com\\\/eu\\\/\"},{\"@type\":\"ListItem\",\"position\":2,\"name\":\"Turismo jasangarriaren jardunbide egokiak\"}]},{\"@type\":\"WebSite\",\"@id\":\"https:\\\/\\\/enjoythepyrenees.com\\\/eu\\\/#website\",\"url\":\"https:\\\/\\\/enjoythepyrenees.com\\\/eu\\\/\",\"name\":\"Enjoy The Pyrenees\",\"description\":\"\",\"publisher\":{\"@id\":\"https:\\\/\\\/enjoythepyrenees.com\\\/eu\\\/#organization\"},\"alternateName\":\"EnjoyPyr\",\"potentialAction\":[{\"@type\":\"SearchAction\",\"target\":{\"@type\":\"EntryPoint\",\"urlTemplate\":\"https:\\\/\\\/enjoythepyrenees.com\\\/eu\\\/?s={search_term_string}\"},\"query-input\":{\"@type\":\"PropertyValueSpecification\",\"valueRequired\":true,\"valueName\":\"search_term_string\"}}],\"inLanguage\":\"eu\"},{\"@type\":\"Organization\",\"@id\":\"https:\\\/\\\/enjoythepyrenees.com\\\/eu\\\/#organization\",\"name\":\"Enjoy The Pyrenees\",\"alternateName\":\"EnjoyPyr\",\"url\":\"https:\\\/\\\/enjoythepyrenees.com\\\/eu\\\/\",\"logo\":{\"@type\":\"ImageObject\",\"inLanguage\":\"eu\",\"@id\":\"https:\\\/\\\/enjoythepyrenees.com\\\/eu\\\/#\\\/schema\\\/logo\\\/image\\\/\",\"url\":\"https:\\\/\\\/enjoythepyrenees.com\\\/wp-content\\\/uploads\\\/2025\\\/11\\\/logo-enjoy-pyr1.png\",\"contentUrl\":\"https:\\\/\\\/enjoythepyrenees.com\\\/wp-content\\\/uploads\\\/2025\\\/11\\\/logo-enjoy-pyr1.png\",\"width\":1314,\"height\":303,\"caption\":\"Enjoy The Pyrenees\"},\"image\":{\"@id\":\"https:\\\/\\\/enjoythepyrenees.com\\\/eu\\\/#\\\/schema\\\/logo\\\/image\\\/\"}}]}<\/script>\n<!-- \/ Yoast SEO plugin. -->","yoast_head_json":{"title":"Turismo jasangarriaren jardunbide egokiak - enjoythepyrenees.com","description":"Gure ibilbideak urteko zati handi batean zehar egiteko pentsatuta daude, jende-pilaketa handiko aldiak saihestuz.","robots":{"index":"index","follow":"follow","max-snippet":"max-snippet:-1","max-image-preview":"max-image-preview:large","max-video-preview":"max-video-preview:-1"},"canonical":"https:\/\/enjoythepyrenees.com\/eu\/turismo-jasangarriaren-jardunbide-egokiak\/","og_locale":"en_US","og_type":"article","og_title":"Turismo jasangarriaren jardunbide egokiak - enjoythepyrenees.com","og_description":"Gure ibilbideak urteko zati handi batean zehar egiteko pentsatuta daude, jende-pilaketa handiko aldiak saihestuz.","og_url":"https:\/\/enjoythepyrenees.com\/eu\/turismo-jasangarriaren-jardunbide-egokiak\/","og_site_name":"enjoythepyrenees.com","article_modified_time":"2026-03-31T15:39:03+00:00","og_image":[{"width":1700,"height":2560,"url":"https:\/\/enjoythepyrenees.com\/wp-content\/uploads\/2025\/12\/Personne-sur-la-colline-scaled.jpg","type":"image\/jpeg"}],"twitter_card":"summary_large_image","twitter_misc":{"Est. reading time":"2 minutua"},"schema":{"@context":"https:\/\/schema.org","@graph":[{"@type":"WebPage","@id":"https:\/\/enjoythepyrenees.com\/eu\/turismo-jasangarriaren-jardunbide-egokiak\/","url":"https:\/\/enjoythepyrenees.com\/eu\/turismo-jasangarriaren-jardunbide-egokiak\/","name":"Turismo jasangarriaren jardunbide egokiak - enjoythepyrenees.com","isPartOf":{"@id":"https:\/\/enjoythepyrenees.com\/eu\/#website"},"primaryImageOfPage":{"@id":"https:\/\/enjoythepyrenees.com\/eu\/turismo-jasangarriaren-jardunbide-egokiak\/#primaryimage"},"image":{"@id":"https:\/\/enjoythepyrenees.com\/eu\/turismo-jasangarriaren-jardunbide-egokiak\/#primaryimage"},"thumbnailUrl":"https:\/\/enjoythepyrenees.com\/wp-content\/uploads\/2025\/12\/Personne-sur-la-colline-scaled.jpg","datePublished":"2026-02-20T08:59:16+00:00","dateModified":"2026-03-31T15:39:03+00:00","description":"Gure ibilbideak urteko zati handi batean zehar egiteko pentsatuta daude, jende-pilaketa handiko aldiak saihestuz.","breadcrumb":{"@id":"https:\/\/enjoythepyrenees.com\/eu\/turismo-jasangarriaren-jardunbide-egokiak\/#breadcrumb"},"inLanguage":"eu","potentialAction":[{"@type":"ReadAction","target":["https:\/\/enjoythepyrenees.com\/eu\/turismo-jasangarriaren-jardunbide-egokiak\/"]}]},{"@type":"ImageObject","inLanguage":"eu","@id":"https:\/\/enjoythepyrenees.com\/eu\/turismo-jasangarriaren-jardunbide-egokiak\/#primaryimage","url":"https:\/\/enjoythepyrenees.com\/wp-content\/uploads\/2025\/12\/Personne-sur-la-colline-scaled.jpg","contentUrl":"https:\/\/enjoythepyrenees.com\/wp-content\/uploads\/2025\/12\/Personne-sur-la-colline-scaled.jpg"},{"@type":"BreadcrumbList","@id":"https:\/\/enjoythepyrenees.com\/eu\/turismo-jasangarriaren-jardunbide-egokiak\/#breadcrumb","itemListElement":[{"@type":"ListItem","position":1,"name":"Home","item":"https:\/\/enjoythepyrenees.com\/eu\/"},{"@type":"ListItem","position":2,"name":"Turismo jasangarriaren jardunbide egokiak"}]},{"@type":"WebSite","@id":"https:\/\/enjoythepyrenees.com\/eu\/#website","url":"https:\/\/enjoythepyrenees.com\/eu\/","name":"Enjoy The Pyrenees","description":"","publisher":{"@id":"https:\/\/enjoythepyrenees.com\/eu\/#organization"},"alternateName":"EnjoyPyr","potentialAction":[{"@type":"SearchAction","target":{"@type":"EntryPoint","urlTemplate":"https:\/\/enjoythepyrenees.com\/eu\/?s={search_term_string}"},"query-input":{"@type":"PropertyValueSpecification","valueRequired":true,"valueName":"search_term_string"}}],"inLanguage":"eu"},{"@type":"Organization","@id":"https:\/\/enjoythepyrenees.com\/eu\/#organization","name":"Enjoy The Pyrenees","alternateName":"EnjoyPyr","url":"https:\/\/enjoythepyrenees.com\/eu\/","logo":{"@type":"ImageObject","inLanguage":"eu","@id":"https:\/\/enjoythepyrenees.com\/eu\/#\/schema\/logo\/image\/","url":"https:\/\/enjoythepyrenees.com\/wp-content\/uploads\/2025\/11\/logo-enjoy-pyr1.png","contentUrl":"https:\/\/enjoythepyrenees.com\/wp-content\/uploads\/2025\/11\/logo-enjoy-pyr1.png","width":1314,"height":303,"caption":"Enjoy The Pyrenees"},"image":{"@id":"https:\/\/enjoythepyrenees.com\/eu\/#\/schema\/logo\/image\/"}}]}},"_hostinger_reach_plugin_has_subscription_block":false,"_hostinger_reach_plugin_is_elementor":false,"_links":{"self":[{"href":"https:\/\/enjoythepyrenees.com\/eu\/wp-json\/wp\/v2\/pages\/4383","targetHints":{"allow":["GET"]}}],"collection":[{"href":"https:\/\/enjoythepyrenees.com\/eu\/wp-json\/wp\/v2\/pages"}],"about":[{"href":"https:\/\/enjoythepyrenees.com\/eu\/wp-json\/wp\/v2\/types\/page"}],"author":[{"embeddable":true,"href":"https:\/\/enjoythepyrenees.com\/eu\/wp-json\/wp\/v2\/users\/1"}],"replies":[{"embeddable":true,"href":"https:\/\/enjoythepyrenees.com\/eu\/wp-json\/wp\/v2\/comments?post=4383"}],"version-history":[{"count":4,"href":"https:\/\/enjoythepyrenees.com\/eu\/wp-json\/wp\/v2\/pages\/4383\/revisions"}],"predecessor-version":[{"id":6081,"href":"https:\/\/enjoythepyrenees.com\/eu\/wp-json\/wp\/v2\/pages\/4383\/revisions\/6081"}],"wp:attachment":[{"href":"https:\/\/enjoythepyrenees.com\/eu\/wp-json\/wp\/v2\/media?parent=4383"}],"curies":[{"name":"wp","href":"https:\/\/api.w.org\/{rel}","templated":true}]}}