{"id":4909,"date":"2026-03-10T12:07:41","date_gmt":"2026-03-10T12:07:41","guid":{"rendered":"https:\/\/enjoythepyrenees.com\/politica-de-privacidad\/"},"modified":"2026-03-31T15:39:05","modified_gmt":"2026-03-31T15:39:05","slug":"politica-de-privacidad","status":"publish","type":"page","link":"https:\/\/enjoythepyrenees.com\/es\/politica-de-privacidad\/","title":{"rendered":"Pol\u00edtica de privacidad"},"content":{"rendered":"\t\t<div data-elementor-type=\"wp-page\" data-elementor-id=\"4909\" class=\"elementor elementor-4909 elementor-4570\" data-elementor-post-type=\"page\">\n\t\t\t\t<div class=\"elementor-element elementor-element-aa12392 e-flex e-con-boxed e-con e-parent\" data-id=\"aa12392\" data-element_type=\"container\" data-e-type=\"container\" data-settings=\"{&quot;background_background&quot;:&quot;classic&quot;}\">\n\t\t\t\t\t<div class=\"e-con-inner\">\n\t\t\t\t<div class=\"elementor-element elementor-element-22b4522 elementor-widget elementor-widget-heading\" data-id=\"22b4522\" data-element_type=\"widget\" data-e-type=\"widget\" data-widget_type=\"heading.default\">\n\t\t\t\t\t<h1 class=\"elementor-heading-title elementor-size-default\">Pol\u00edtica de privacidad<\/h1>\t\t\t\t<\/div>\n\t\t\t\t\t<\/div>\n\t\t\t\t<\/div>\n\t\t<div class=\"elementor-element elementor-element-993ffad e-flex e-con-boxed e-con e-parent\" data-id=\"993ffad\" data-element_type=\"container\" data-e-type=\"container\">\n\t\t\t\t\t<div class=\"e-con-inner\">\n\t\t\t\t<div class=\"elementor-element elementor-element-9137d73 elementor-widget elementor-widget-text-editor\" data-id=\"9137d73\" data-element_type=\"widget\" data-e-type=\"widget\" data-widget_type=\"text-editor.default\">\n\t\t\t\t\t\t\t\t\t<div id=\"model-response-message-contentr_f824dfdfd217de10\" class=\"markdown markdown-main-panel enable-updated-hr-color\" dir=\"ltr\" aria-live=\"off\" aria-busy=\"false\"><div id=\"model-response-message-contentr_16aef297550050f7\" class=\"markdown markdown-main-panel enable-updated-hr-color\" dir=\"ltr\" aria-live=\"polite\" aria-busy=\"false\"><p data-path-to-node=\"4\">Le site <b data-path-to-node=\"4\" data-index-in-node=\"8\">Enjoy the Pyrenees<\/b> (<a class=\"ng-star-inserted\" href=\"https:\/\/enjoythepyrenees.com\/es\/\" target=\"_blank\" rel=\"noopener\">https:\/\/enjoythepyrenees.com<\/a>) s\u2019engage \u00e0 ce que la collecte et le traitement de vos donn\u00e9es soient conformes au R\u00e8glement G\u00e9n\u00e9ral sur la Protection des Donn\u00e9es (RGPD).<\/p><h3 data-path-to-node=\"5\">1. Recogida de datos personales<\/h3><p data-path-to-node=\"6\">Solo recogemos informaci\u00f3n personal a trav\u00e9s de nuestro <b data-path-to-node=\"6\" data-index-in-node=\"63\">formulario de contacto<\/b>. Los datos recogidos se limitan a lo que introduces (generalmente tu nombre, direcci\u00f3n de correo electr\u00f3nico y el contenido de tu mensaje).<\/p><ul data-path-to-node=\"7\"><li><p data-path-to-node=\"7,0,0\"><b data-path-to-node=\"7,0,0\" data-index-in-node=\"0\">Finalidad \u00fanica:<\/b> Estos datos se tratan exclusivamente para <b data-path-to-node=\"7,0,0\" data-index-in-node=\"63\">responder a tus preguntas<\/b> y dar seguimiento a tu solicitud.<\/p><\/li><li><p data-path-to-node=\"7,1,0\"><b data-path-to-node=\"7,1,0\" data-index-in-node=\"0\">Sin perfilado:<\/b> No utilizamos estos datos con fines de marketing, newsletters automatizadas ni reventa a terceros.<\/p><\/li><\/ul><h3 data-path-to-node=\"8\">2. Cookies<\/h3><p data-path-to-node=\"9\">Nuestro sitio utiliza un m\u00ednimo de cookies para su correcto funcionamiento:<\/p><ul data-path-to-node=\"10\"><li><p data-path-to-node=\"10,0,0\"><b data-path-to-node=\"10,0,0\" data-index-in-node=\"0\">Cookies t\u00e9cnicas:<\/b> Si visitas nuestra p\u00e1gina de gesti\u00f3n (administraci\u00f3n), se crea una cookie temporal para verificar si tu navegador acepta cookies. No contiene ning\u00fan dato personal y se elimina al cerrar el navegador.<\/p><\/li><li><p data-path-to-node=\"10,1,0\"><b data-path-to-node=\"10,1,0\" data-index-in-node=\"0\">Contenido incrustado:<\/b> Los art\u00edculos de este sitio pueden incluir contenidos incrustados (ej.: v\u00eddeos de YouTube, mapas de Google Maps). Estos contenidos se comportan de la misma manera que si visitaras directamente el sitio de terceros, el cual puede recoger datos sobre ti o utilizar sus propias cookies.<\/p><\/li><\/ul><h3 data-path-to-node=\"11\">3. Plazo de conservaci\u00f3n<\/h3><p data-path-to-node=\"12\">Los datos enviados a trav\u00e9s del formulario se conservan \u00fanicamente el tiempo necesario para tramitar tu solicitud y ofrecer una respuesta completa. No se almacenan en una base de datos de usuarios permanente en el sitio.<\/p><h3 data-path-to-node=\"13\">4. Tus derechos sobre tus datos<\/h3><p data-path-to-node=\"14\">Aunque no creamos perfiles de usuario, dispones de los siguientes derechos en relaci\u00f3n con los intercambios de correo electr\u00f3nico:<\/p><ul data-path-to-node=\"15\"><li><p data-path-to-node=\"15,0,0\"><b data-path-to-node=\"15,0,0\" data-index-in-node=\"0\">Derecho de acceso y supresi\u00f3n:<\/b> Puedes solicitar en cualquier momento que eliminemos el historial de nuestros intercambios de correo electr\u00f3nico.<\/p><\/li><\/ul><blockquote data-path-to-node=\"16\"><p data-path-to-node=\"16,0\"><i data-path-to-node=\"16,0\" data-index-in-node=\"0\">Nota: Esto no incluye los datos que estamos obligados a conservar con fines administrativos, legales o de seguridad.<\/i><\/p><\/blockquote><h3 data-path-to-node=\"17\">5. Transmisi\u00f3n de datos<\/h3><p data-path-to-node=\"18\">Tu informaci\u00f3n no se transmite a ning\u00fan tercero. Permanece estrictamente confidencial entre t\u00fa y la administraci\u00f3n de <b data-path-to-node=\"18\" data-index-in-node=\"127\">Enjoy the Pyrenees<\/b>.<\/p><\/div><\/div>\t\t\t\t\t\t\t\t<\/div>\n\t\t\t\t\t<\/div>\n\t\t\t\t<\/div>\n\t\t\t\t<\/div>\n\t\t","protected":false},"excerpt":{"rendered":"<p>Pol\u00edtica de privacidad Le site Enjoy the Pyrenees (https:\/\/enjoythepyrenees.com) s\u2019engage \u00e0 ce que la collecte et le traitement de vos donn\u00e9es soient conformes au R\u00e8glement G\u00e9n\u00e9ral sur la Protection des Donn\u00e9es (RGPD). 1. Recogida de datos personales Solo recogemos informaci\u00f3n personal a trav\u00e9s de nuestro formulario de contacto. Los datos recogidos se limitan a lo [&hellip;]<\/p>\n","protected":false},"author":1,"featured_media":0,"parent":0,"menu_order":0,"comment_status":"closed","ping_status":"closed","template":"","meta":{"_acf_changed":false,"footnotes":""},"class_list":["post-4909","page","type-page","status-publish","hentry"],"acf":[],"yoast_head":"<!-- This site is optimized with the Yoast SEO plugin v27.3 - https:\/\/yoast.com\/product\/yoast-seo-wordpress\/ -->\n<title>Pol\u00edtica de privacidad - enjoythepyrenees.com<\/title>\n<meta name=\"robots\" content=\"index, follow, max-snippet:-1, max-image-preview:large, max-video-preview:-1\" \/>\n<link rel=\"canonical\" href=\"https:\/\/enjoythepyrenees.com\/es\/politica-de-privacidad\/\" \/>\n<meta property=\"og:locale\" content=\"es_ES\" \/>\n<meta property=\"og:type\" content=\"article\" \/>\n<meta property=\"og:title\" content=\"Pol\u00edtica de privacidad - enjoythepyrenees.com\" \/>\n<meta property=\"og:description\" content=\"Pol\u00edtica de privacidad Le site Enjoy the Pyrenees (https:\/\/enjoythepyrenees.com) s\u2019engage \u00e0 ce que la collecte et le traitement de vos donn\u00e9es soient conformes au R\u00e8glement G\u00e9n\u00e9ral sur la Protection des Donn\u00e9es (RGPD). 1. Recogida de datos personales Solo recogemos informaci\u00f3n personal a trav\u00e9s de nuestro formulario de contacto. Los datos recogidos se limitan a lo [&hellip;]\" \/>\n<meta property=\"og:url\" content=\"https:\/\/enjoythepyrenees.com\/es\/politica-de-privacidad\/\" \/>\n<meta property=\"og:site_name\" content=\"enjoythepyrenees.com\" \/>\n<meta property=\"article:modified_time\" content=\"2026-03-31T15:39:05+00:00\" \/>\n<meta name=\"twitter:card\" content=\"summary_large_image\" \/>\n<meta name=\"twitter:label1\" content=\"Tiempo de lectura\" \/>\n\t<meta name=\"twitter:data1\" content=\"2 minutos\" \/>\n<script type=\"application\/ld+json\" class=\"yoast-schema-graph\">{\"@context\":\"https:\\\/\\\/schema.org\",\"@graph\":[{\"@type\":\"WebPage\",\"@id\":\"https:\\\/\\\/enjoythepyrenees.com\\\/es\\\/politica-de-privacidad\\\/\",\"url\":\"https:\\\/\\\/enjoythepyrenees.com\\\/es\\\/politica-de-privacidad\\\/\",\"name\":\"Pol\u00edtica de privacidad - enjoythepyrenees.com\",\"isPartOf\":{\"@id\":\"https:\\\/\\\/enjoythepyrenees.com\\\/es\\\/#website\"},\"datePublished\":\"2026-03-10T12:07:41+00:00\",\"dateModified\":\"2026-03-31T15:39:05+00:00\",\"breadcrumb\":{\"@id\":\"https:\\\/\\\/enjoythepyrenees.com\\\/es\\\/politica-de-privacidad\\\/#breadcrumb\"},\"inLanguage\":\"es\",\"potentialAction\":[{\"@type\":\"ReadAction\",\"target\":[\"https:\\\/\\\/enjoythepyrenees.com\\\/es\\\/politica-de-privacidad\\\/\"]}]},{\"@type\":\"BreadcrumbList\",\"@id\":\"https:\\\/\\\/enjoythepyrenees.com\\\/es\\\/politica-de-privacidad\\\/#breadcrumb\",\"itemListElement\":[{\"@type\":\"ListItem\",\"position\":1,\"name\":\"Home\",\"item\":\"https:\\\/\\\/enjoythepyrenees.com\\\/es\\\/\"},{\"@type\":\"ListItem\",\"position\":2,\"name\":\"Pol\u00edtica de privacidad\"}]},{\"@type\":\"WebSite\",\"@id\":\"https:\\\/\\\/enjoythepyrenees.com\\\/es\\\/#website\",\"url\":\"https:\\\/\\\/enjoythepyrenees.com\\\/es\\\/\",\"name\":\"Enjoy The Pyrenees\",\"description\":\"\",\"publisher\":{\"@id\":\"https:\\\/\\\/enjoythepyrenees.com\\\/es\\\/#organization\"},\"alternateName\":\"EnjoyPyr\",\"potentialAction\":[{\"@type\":\"SearchAction\",\"target\":{\"@type\":\"EntryPoint\",\"urlTemplate\":\"https:\\\/\\\/enjoythepyrenees.com\\\/es\\\/?s={search_term_string}\"},\"query-input\":{\"@type\":\"PropertyValueSpecification\",\"valueRequired\":true,\"valueName\":\"search_term_string\"}}],\"inLanguage\":\"es\"},{\"@type\":\"Organization\",\"@id\":\"https:\\\/\\\/enjoythepyrenees.com\\\/es\\\/#organization\",\"name\":\"Enjoy The Pyrenees\",\"alternateName\":\"EnjoyPyr\",\"url\":\"https:\\\/\\\/enjoythepyrenees.com\\\/es\\\/\",\"logo\":{\"@type\":\"ImageObject\",\"inLanguage\":\"es\",\"@id\":\"https:\\\/\\\/enjoythepyrenees.com\\\/es\\\/#\\\/schema\\\/logo\\\/image\\\/\",\"url\":\"https:\\\/\\\/enjoythepyrenees.com\\\/wp-content\\\/uploads\\\/2025\\\/11\\\/logo-enjoy-pyr1.png\",\"contentUrl\":\"https:\\\/\\\/enjoythepyrenees.com\\\/wp-content\\\/uploads\\\/2025\\\/11\\\/logo-enjoy-pyr1.png\",\"width\":1314,\"height\":303,\"caption\":\"Enjoy The Pyrenees\"},\"image\":{\"@id\":\"https:\\\/\\\/enjoythepyrenees.com\\\/es\\\/#\\\/schema\\\/logo\\\/image\\\/\"}}]}<\/script>\n<!-- \/ Yoast SEO plugin. -->","yoast_head_json":{"title":"Pol\u00edtica de privacidad - enjoythepyrenees.com","robots":{"index":"index","follow":"follow","max-snippet":"max-snippet:-1","max-image-preview":"max-image-preview:large","max-video-preview":"max-video-preview:-1"},"canonical":"https:\/\/enjoythepyrenees.com\/es\/politica-de-privacidad\/","og_locale":"es_ES","og_type":"article","og_title":"Pol\u00edtica de privacidad - enjoythepyrenees.com","og_description":"Pol\u00edtica de privacidad Le site Enjoy the Pyrenees (https:\/\/enjoythepyrenees.com) s\u2019engage \u00e0 ce que la collecte et le traitement de vos donn\u00e9es soient conformes au R\u00e8glement G\u00e9n\u00e9ral sur la Protection des Donn\u00e9es (RGPD). 1. Recogida de datos personales Solo recogemos informaci\u00f3n personal a trav\u00e9s de nuestro formulario de contacto. Los datos recogidos se limitan a lo [&hellip;]","og_url":"https:\/\/enjoythepyrenees.com\/es\/politica-de-privacidad\/","og_site_name":"enjoythepyrenees.com","article_modified_time":"2026-03-31T15:39:05+00:00","twitter_card":"summary_large_image","twitter_misc":{"Tiempo de lectura":"2 minutos"},"schema":{"@context":"https:\/\/schema.org","@graph":[{"@type":"WebPage","@id":"https:\/\/enjoythepyrenees.com\/es\/politica-de-privacidad\/","url":"https:\/\/enjoythepyrenees.com\/es\/politica-de-privacidad\/","name":"Pol\u00edtica de privacidad - enjoythepyrenees.com","isPartOf":{"@id":"https:\/\/enjoythepyrenees.com\/es\/#website"},"datePublished":"2026-03-10T12:07:41+00:00","dateModified":"2026-03-31T15:39:05+00:00","breadcrumb":{"@id":"https:\/\/enjoythepyrenees.com\/es\/politica-de-privacidad\/#breadcrumb"},"inLanguage":"es","potentialAction":[{"@type":"ReadAction","target":["https:\/\/enjoythepyrenees.com\/es\/politica-de-privacidad\/"]}]},{"@type":"BreadcrumbList","@id":"https:\/\/enjoythepyrenees.com\/es\/politica-de-privacidad\/#breadcrumb","itemListElement":[{"@type":"ListItem","position":1,"name":"Home","item":"https:\/\/enjoythepyrenees.com\/es\/"},{"@type":"ListItem","position":2,"name":"Pol\u00edtica de privacidad"}]},{"@type":"WebSite","@id":"https:\/\/enjoythepyrenees.com\/es\/#website","url":"https:\/\/enjoythepyrenees.com\/es\/","name":"Enjoy The Pyrenees","description":"","publisher":{"@id":"https:\/\/enjoythepyrenees.com\/es\/#organization"},"alternateName":"EnjoyPyr","potentialAction":[{"@type":"SearchAction","target":{"@type":"EntryPoint","urlTemplate":"https:\/\/enjoythepyrenees.com\/es\/?s={search_term_string}"},"query-input":{"@type":"PropertyValueSpecification","valueRequired":true,"valueName":"search_term_string"}}],"inLanguage":"es"},{"@type":"Organization","@id":"https:\/\/enjoythepyrenees.com\/es\/#organization","name":"Enjoy The Pyrenees","alternateName":"EnjoyPyr","url":"https:\/\/enjoythepyrenees.com\/es\/","logo":{"@type":"ImageObject","inLanguage":"es","@id":"https:\/\/enjoythepyrenees.com\/es\/#\/schema\/logo\/image\/","url":"https:\/\/enjoythepyrenees.com\/wp-content\/uploads\/2025\/11\/logo-enjoy-pyr1.png","contentUrl":"https:\/\/enjoythepyrenees.com\/wp-content\/uploads\/2025\/11\/logo-enjoy-pyr1.png","width":1314,"height":303,"caption":"Enjoy The Pyrenees"},"image":{"@id":"https:\/\/enjoythepyrenees.com\/es\/#\/schema\/logo\/image\/"}}]}},"_hostinger_reach_plugin_has_subscription_block":false,"_hostinger_reach_plugin_is_elementor":false,"_links":{"self":[{"href":"https:\/\/enjoythepyrenees.com\/es\/wp-json\/wp\/v2\/pages\/4909","targetHints":{"allow":["GET"]}}],"collection":[{"href":"https:\/\/enjoythepyrenees.com\/es\/wp-json\/wp\/v2\/pages"}],"about":[{"href":"https:\/\/enjoythepyrenees.com\/es\/wp-json\/wp\/v2\/types\/page"}],"author":[{"embeddable":true,"href":"https:\/\/enjoythepyrenees.com\/es\/wp-json\/wp\/v2\/users\/1"}],"replies":[{"embeddable":true,"href":"https:\/\/enjoythepyrenees.com\/es\/wp-json\/wp\/v2\/comments?post=4909"}],"version-history":[{"count":3,"href":"https:\/\/enjoythepyrenees.com\/es\/wp-json\/wp\/v2\/pages\/4909\/revisions"}],"predecessor-version":[{"id":6103,"href":"https:\/\/enjoythepyrenees.com\/es\/wp-json\/wp\/v2\/pages\/4909\/revisions\/6103"}],"wp:attachment":[{"href":"https:\/\/enjoythepyrenees.com\/es\/wp-json\/wp\/v2\/media?parent=4909"}],"curies":[{"name":"wp","href":"https:\/\/api.w.org\/{rel}","templated":true}]}}