{"id":4882,"date":"2026-02-09T10:54:35","date_gmt":"2026-02-09T10:54:35","guid":{"rendered":"https:\/\/enjoythepyrenees.com\/aviso-legal\/"},"modified":"2026-03-31T15:39:03","modified_gmt":"2026-03-31T15:39:03","slug":"aviso-legal","status":"publish","type":"page","link":"https:\/\/enjoythepyrenees.com\/es\/aviso-legal\/","title":{"rendered":"Aviso legal"},"content":{"rendered":"\t\t<div data-elementor-type=\"wp-page\" data-elementor-id=\"4882\" class=\"elementor elementor-4882 elementor-2682\" data-elementor-post-type=\"page\">\n\t\t\t\t<div class=\"elementor-element elementor-element-aa12392 e-flex e-con-boxed e-con e-parent\" data-id=\"aa12392\" data-element_type=\"container\" data-e-type=\"container\" data-settings=\"{&quot;background_background&quot;:&quot;classic&quot;}\">\n\t\t\t\t\t<div class=\"e-con-inner\">\n\t\t\t\t<div class=\"elementor-element elementor-element-22b4522 elementor-widget elementor-widget-heading\" data-id=\"22b4522\" data-element_type=\"widget\" data-e-type=\"widget\" data-widget_type=\"heading.default\">\n\t\t\t\t\t<h1 class=\"elementor-heading-title elementor-size-default\">Aviso legal<\/h1>\t\t\t\t<\/div>\n\t\t\t\t\t<\/div>\n\t\t\t\t<\/div>\n\t\t<div class=\"elementor-element elementor-element-993ffad e-flex e-con-boxed e-con e-parent\" data-id=\"993ffad\" data-element_type=\"container\" data-e-type=\"container\">\n\t\t\t\t\t<div class=\"e-con-inner\">\n\t\t\t\t<div class=\"elementor-element elementor-element-9137d73 elementor-widget elementor-widget-text-editor\" data-id=\"9137d73\" data-element_type=\"widget\" data-e-type=\"widget\" data-widget_type=\"text-editor.default\">\n\t\t\t\t\t\t\t\t\t<div id=\"model-response-message-contentr_f824dfdfd217de10\" class=\"markdown markdown-main-panel enable-updated-hr-color\" dir=\"ltr\" aria-live=\"off\" aria-busy=\"false\"><h1 data-path-to-node=\"3\"><span dir=\"auto\">Aviso legal<\/span><\/h1><h3 data-path-to-node=\"4\"><b data-path-to-node=\"4\" data-index-in-node=\"0\"><span dir=\"auto\">1. Editor del sitio<\/span><\/b><\/h3><p data-path-to-node=\"5\"><span dir=\"auto\">La edici\u00f3n del sitio <\/span><b data-path-to-node=\"5\" data-index-in-node=\"18\"><span dir=\"auto\">ENJOY THE PYRENNES <\/span><\/b><span dir=\"auto\">est\u00e1 a cargo de:<\/span><\/p><ul data-path-to-node=\"6\"><li><p data-path-to-node=\"6,0,0\"><b data-path-to-node=\"6,0,0\" data-index-in-node=\"0\"><span dir=\"auto\">Nom\/Raison sociale : AGENCE DES PYRENNEES<\/span><\/b><\/p><\/li><li><p data-path-to-node=\"6,1,0\"><b data-path-to-node=\"6,1,0\" data-index-in-node=\"0\"><span dir=\"auto\">Forma jur\u00eddica:<\/span><\/b><span dir=\"auto\"> Association<\/span><\/p><\/li><li><p data-path-to-node=\"6,2,0\"><b data-path-to-node=\"6,2,0\" data-index-in-node=\"0\"><span dir=\"auto\">Capital social:<\/span><\/b><span dir=\"auto\">No aplicable<\/span><\/p><\/li><li><p data-path-to-node=\"6,3,0\"><b data-path-to-node=\"6,3,0\" data-index-in-node=\"0\"><span dir=\"auto\">Domicilio social: <\/span><\/b><span dir=\"auto\">7 place du Mar\u00e9chal Juin, 31800 Saint-Gaudens<\/span><\/p><\/li><li><p data-path-to-node=\"6,4,0\"><b data-path-to-node=\"6,4,0\" data-index-in-node=\"0\"><span dir=\"auto\">N\u00famero de registro:<\/span><\/b><span dir=\"auto\"> 881 881 148\u00a000053<\/span><\/p><\/li><li><p data-path-to-node=\"6,5,0\"><b data-path-to-node=\"6,5,0\" data-index-in-node=\"0\"><span dir=\"auto\">N\u00famero de IVA intracomunitario:<\/span><\/b><span dir=\"auto\"> No sujeto<\/span><\/p><\/li><li><p data-path-to-node=\"6,6,0\"><b data-path-to-node=\"6,6,0\" data-index-in-node=\"0\"><span dir=\"auto\">Director de la publicaci\u00f3n: <\/span><\/b><span dir=\"auto\">Agence des Pyr\u00e9nn\u00e9es<\/span><\/p><\/li><li><p data-path-to-node=\"6,7,0\"><b data-path-to-node=\"6,7,0\" data-index-in-node=\"0\"><span dir=\"auto\">Contacto: <\/span><\/b><span dir=\"auto\">contact@agencedespyrenees.fr\u00a0\/\u00a009 73 56 26 02<\/span><\/p><\/li><\/ul><hr data-path-to-node=\"7\" \/><h3 data-path-to-node=\"8\"><b data-path-to-node=\"8\" data-index-in-node=\"0\"><span dir=\"auto\">2. Alojamiento web y editor<\/span><\/b><\/h3><p data-path-to-node=\"9\"><span dir=\"auto\">El sitio est\u00e1 alojado por la empresa:<\/span><\/p><ul data-path-to-node=\"10\"><li><p data-path-to-node=\"10,0,0\"><b data-path-to-node=\"10,0,0\" data-index-in-node=\"0\"><span dir=\"auto\">Nombre del alojamiento web:<\/span><\/b><span dir=\"auto\"> HOSTINGER<\/span><\/p><\/li><\/ul><h3 data-path-to-node=\"3\"><b data-path-to-node=\"3\" data-index-in-node=\"0\"><span dir=\"auto\">Dise\u00f1o y desarrollo<\/span><\/b><\/h3><p data-path-to-node=\"4\"><span dir=\"auto\">El dise\u00f1o, desarrollo y mantenimiento t\u00e9cnico del sitio est\u00e1n a cargo de:<\/span><\/p><ul data-path-to-node=\"5\"><li><p data-path-to-node=\"5,0,0\"><b data-path-to-node=\"5,0,0\" data-index-in-node=\"0\"><span dir=\"auto\">Proveedor: STUDIO PAR ICI<\/span><\/b><\/p><\/li><li><p data-path-to-node=\"5,1,0\"><b data-path-to-node=\"5,1,0\" data-index-in-node=\"0\"><span dir=\"auto\">Domicilio social: <\/span><\/b><span dir=\"auto\">847 Route de Frans, 69400 Villefranche-sur-Sa\u00f4ne<\/span><\/p><\/li><li><p data-path-to-node=\"5,2,0\"><b data-path-to-node=\"5,2,0\" data-index-in-node=\"0\"><span dir=\"auto\">Sitio web:<\/span><\/b><a href=\"http:\/\/www.studioparici.com\"><span dir=\"auto\"> www.studioparici.com<\/span><\/a><\/p><\/li><li><p data-path-to-node=\"5,3,0\"><b data-path-to-node=\"5,3,0\" data-index-in-node=\"0\"><span dir=\"auto\">Contacto: <\/span><\/b><span dir=\"auto\">contact@studioparici.com<\/span><\/p><\/li><\/ul><hr data-path-to-node=\"11\" \/><h3 data-path-to-node=\"12\"><b data-path-to-node=\"12\" data-index-in-node=\"0\"><span dir=\"auto\">3. Acceso al sitio y Propiedad Intelectual<\/span><\/b><\/h3><p data-path-to-node=\"13\"><span dir=\"auto\">El sitio es accesible desde cualquier lugar, 7 d\u00edas a la semana, 24 horas al d\u00eda, salvo caso de fuerza mayor o mantenimiento.<\/span><\/p><ul data-path-to-node=\"14\"><li><p data-path-to-node=\"14,0,0\"><b data-path-to-node=\"14,0,0\" data-index-in-node=\"0\"><span dir=\"auto\">Derechos de autor:<\/span><\/b><span dir=\"auto\"> Queda prohibida toda reproducci\u00f3n, representaci\u00f3n, modificaci\u00f3n, publicaci\u00f3n o adaptaci\u00f3n total o parcial de los elementos del sitio (textos, im\u00e1genes, logotipos, iconos), salvo autorizaci\u00f3n escrita previa.<\/span><\/p><\/li><li><p data-path-to-node=\"14,1,0\"><span dir=\"auto\">Toda explotaci\u00f3n no autorizada se considerar\u00e1 una infracci\u00f3n (art\u00edculos L.335-2 y siguientes del C\u00f3digo de Propiedad Intelectual franc\u00e9s).<\/span><\/p><\/li><\/ul><hr data-path-to-node=\"15\" \/><h3 data-path-to-node=\"16\"><b data-path-to-node=\"16\" data-index-in-node=\"0\"><span dir=\"auto\">4. Protecci\u00f3n de datos personales (RGPD)<\/span><\/b><\/h3><p data-path-to-node=\"17\"><span dir=\"auto\">De conformidad con la ley francesa \u00abInformatique et Libert\u00e9s\u00bb y el Reglamento General de Protecci\u00f3n de Datos (RGPD):<\/span><\/p><ul data-path-to-node=\"18\"><li><p data-path-to-node=\"18,0,0\"><b data-path-to-node=\"18,0,0\" data-index-in-node=\"0\"><span dir=\"auto\">Responsable del tratamiento: <\/span><\/b><strong><span dir=\"auto\">ENJOY THE PYRENEES<\/span><\/strong><\/p><\/li><li><p data-path-to-node=\"18,1,0\"><b data-path-to-node=\"18,1,0\" data-index-in-node=\"0\"><span dir=\"auto\">Finalidad: <\/span><\/b><span dir=\"auto\">Los datos recogidos a trav\u00e9s de los formularios se utilizan exclusivamente para responder a las solicitudes de contacto.<\/span><\/p><\/li><li><p data-path-to-node=\"18,2,0\"><b data-path-to-node=\"18,2,0\" data-index-in-node=\"0\"><span dir=\"auto\">Tus derechos:<\/span><\/b><span dir=\"auto\"> Dispones de un derecho de acceso, rectificaci\u00f3n, supresi\u00f3n y oposici\u00f3n sobre tus datos personales.<\/span><\/p><\/li><li><p data-path-to-node=\"18,3,0\"><b data-path-to-node=\"18,3,0\" data-index-in-node=\"0\"><span dir=\"auto\">Ejercer tus derechos:<\/span><\/b><span dir=\"auto\"> Env\u00eda tu solicitud por correo electr\u00f3nico a: contact@agencedespyrenees.fr<\/span><\/p><\/li><\/ul><hr data-path-to-node=\"19\" \/><h3 data-path-to-node=\"20\"><b data-path-to-node=\"20\" data-index-in-node=\"0\"><span dir=\"auto\">5. Cookies<\/span><\/b><\/h3><p data-path-to-node=\"21\"><span dir=\"auto\">Se informa al usuario de que durante sus visitas al sitio, una cookie puede instalarse autom\u00e1ticamente en su navegador.<\/span><\/p><ul data-path-to-node=\"22\"><li><p data-path-to-node=\"22,0,0\"><span dir=\"auto\">La cookie sirve para registrar informaci\u00f3n relativa a la navegaci\u00f3n, pero no permite identificar al usuario.<\/span><\/p><\/li><li><p data-path-to-node=\"22,1,0\"><span dir=\"auto\">Puedes desactivar estas cookies a trav\u00e9s de los ajustes de tu navegador o mediante nuestro banner de gesti\u00f3n de cookies.<\/span><\/p><\/li><\/ul><hr data-path-to-node=\"23\" \/><h3 data-path-to-node=\"24\"><b data-path-to-node=\"24\" data-index-in-node=\"0\"><span dir=\"auto\">6. Legislaci\u00f3n aplicable y jurisdicci\u00f3n<\/span><\/b><\/h3><p data-path-to-node=\"25\"><span dir=\"auto\">Todo litigio relacionado con el uso del sitio <\/span><b data-path-to-node=\"25\" data-index-in-node=\"51\"><span dir=\"auto\">ENJOY THE PYRENNES<\/span><\/b><span dir=\"auto\"> est\u00e1 sometido al derecho <\/span><b data-path-to-node=\"25\" data-index-in-node=\"85\"><span dir=\"auto\">franc\u00e9s y XXXX<\/span><\/b><span dir=\"auto\"> . Se atribuye jurisdicci\u00f3n exclusiva a los tribunales competentes de <\/span><b data-path-to-node=\"25\" data-index-in-node=\"172\"><span dir=\"auto\">[XXXXX]<\/span><\/b><span dir=\"auto\"> .<\/span><\/p><\/div>\t\t\t\t\t\t\t\t<\/div>\n\t\t\t\t\t<\/div>\n\t\t\t\t<\/div>\n\t\t\t\t<\/div>\n\t\t","protected":false},"excerpt":{"rendered":"<p>Aviso legal Aviso legal 1. Editor del sitio La edici\u00f3n del sitio ENJOY THE PYRENNES est\u00e1 a cargo de: Nom\/Raison sociale : AGENCE DES PYRENNEES Forma jur\u00eddica: Association Capital social:No aplicable Domicilio social: 7 place du Mar\u00e9chal Juin, 31800 Saint-Gaudens N\u00famero de registro: 881 881 148\u00a000053 N\u00famero de IVA intracomunitario: No sujeto Director de la [&hellip;]<\/p>\n","protected":false},"author":1,"featured_media":0,"parent":0,"menu_order":0,"comment_status":"closed","ping_status":"closed","template":"","meta":{"_acf_changed":false,"footnotes":""},"class_list":["post-4882","page","type-page","status-publish","hentry"],"acf":[],"yoast_head":"<!-- This site is optimized with the Yoast SEO plugin v27.3 - https:\/\/yoast.com\/product\/yoast-seo-wordpress\/ -->\n<title>Aviso legal - enjoythepyrenees.com<\/title>\n<meta name=\"robots\" content=\"index, follow, max-snippet:-1, max-image-preview:large, max-video-preview:-1\" \/>\n<link rel=\"canonical\" href=\"https:\/\/enjoythepyrenees.com\/es\/aviso-legal\/\" \/>\n<meta property=\"og:locale\" content=\"es_ES\" \/>\n<meta property=\"og:type\" content=\"article\" \/>\n<meta property=\"og:title\" content=\"Aviso legal - enjoythepyrenees.com\" \/>\n<meta property=\"og:description\" content=\"Aviso legal Aviso legal 1. Editor del sitio La edici\u00f3n del sitio ENJOY THE PYRENNES est\u00e1 a cargo de: Nom\/Raison sociale : AGENCE DES PYRENNEES Forma jur\u00eddica: Association Capital social:No aplicable Domicilio social: 7 place du Mar\u00e9chal Juin, 31800 Saint-Gaudens N\u00famero de registro: 881 881 148\u00a000053 N\u00famero de IVA intracomunitario: No sujeto Director de la [&hellip;]\" \/>\n<meta property=\"og:url\" content=\"https:\/\/enjoythepyrenees.com\/es\/aviso-legal\/\" \/>\n<meta property=\"og:site_name\" content=\"enjoythepyrenees.com\" \/>\n<meta property=\"article:modified_time\" content=\"2026-03-31T15:39:03+00:00\" \/>\n<meta name=\"twitter:card\" content=\"summary_large_image\" \/>\n<meta name=\"twitter:label1\" content=\"Tiempo de lectura\" \/>\n\t<meta name=\"twitter:data1\" content=\"2 minutos\" \/>\n<script type=\"application\/ld+json\" class=\"yoast-schema-graph\">{\"@context\":\"https:\\\/\\\/schema.org\",\"@graph\":[{\"@type\":\"WebPage\",\"@id\":\"https:\\\/\\\/enjoythepyrenees.com\\\/es\\\/aviso-legal\\\/\",\"url\":\"https:\\\/\\\/enjoythepyrenees.com\\\/es\\\/aviso-legal\\\/\",\"name\":\"Aviso legal - enjoythepyrenees.com\",\"isPartOf\":{\"@id\":\"https:\\\/\\\/enjoythepyrenees.com\\\/es\\\/#website\"},\"datePublished\":\"2026-02-09T10:54:35+00:00\",\"dateModified\":\"2026-03-31T15:39:03+00:00\",\"breadcrumb\":{\"@id\":\"https:\\\/\\\/enjoythepyrenees.com\\\/es\\\/aviso-legal\\\/#breadcrumb\"},\"inLanguage\":\"es\",\"potentialAction\":[{\"@type\":\"ReadAction\",\"target\":[\"https:\\\/\\\/enjoythepyrenees.com\\\/es\\\/aviso-legal\\\/\"]}]},{\"@type\":\"BreadcrumbList\",\"@id\":\"https:\\\/\\\/enjoythepyrenees.com\\\/es\\\/aviso-legal\\\/#breadcrumb\",\"itemListElement\":[{\"@type\":\"ListItem\",\"position\":1,\"name\":\"Home\",\"item\":\"https:\\\/\\\/enjoythepyrenees.com\\\/es\\\/\"},{\"@type\":\"ListItem\",\"position\":2,\"name\":\"Aviso legal\"}]},{\"@type\":\"WebSite\",\"@id\":\"https:\\\/\\\/enjoythepyrenees.com\\\/es\\\/#website\",\"url\":\"https:\\\/\\\/enjoythepyrenees.com\\\/es\\\/\",\"name\":\"Enjoy The Pyrenees\",\"description\":\"\",\"publisher\":{\"@id\":\"https:\\\/\\\/enjoythepyrenees.com\\\/es\\\/#organization\"},\"alternateName\":\"EnjoyPyr\",\"potentialAction\":[{\"@type\":\"SearchAction\",\"target\":{\"@type\":\"EntryPoint\",\"urlTemplate\":\"https:\\\/\\\/enjoythepyrenees.com\\\/es\\\/?s={search_term_string}\"},\"query-input\":{\"@type\":\"PropertyValueSpecification\",\"valueRequired\":true,\"valueName\":\"search_term_string\"}}],\"inLanguage\":\"es\"},{\"@type\":\"Organization\",\"@id\":\"https:\\\/\\\/enjoythepyrenees.com\\\/es\\\/#organization\",\"name\":\"Enjoy The Pyrenees\",\"alternateName\":\"EnjoyPyr\",\"url\":\"https:\\\/\\\/enjoythepyrenees.com\\\/es\\\/\",\"logo\":{\"@type\":\"ImageObject\",\"inLanguage\":\"es\",\"@id\":\"https:\\\/\\\/enjoythepyrenees.com\\\/es\\\/#\\\/schema\\\/logo\\\/image\\\/\",\"url\":\"https:\\\/\\\/enjoythepyrenees.com\\\/wp-content\\\/uploads\\\/2025\\\/11\\\/logo-enjoy-pyr1.png\",\"contentUrl\":\"https:\\\/\\\/enjoythepyrenees.com\\\/wp-content\\\/uploads\\\/2025\\\/11\\\/logo-enjoy-pyr1.png\",\"width\":1314,\"height\":303,\"caption\":\"Enjoy The Pyrenees\"},\"image\":{\"@id\":\"https:\\\/\\\/enjoythepyrenees.com\\\/es\\\/#\\\/schema\\\/logo\\\/image\\\/\"}}]}<\/script>\n<!-- \/ Yoast SEO plugin. -->","yoast_head_json":{"title":"Aviso legal - enjoythepyrenees.com","robots":{"index":"index","follow":"follow","max-snippet":"max-snippet:-1","max-image-preview":"max-image-preview:large","max-video-preview":"max-video-preview:-1"},"canonical":"https:\/\/enjoythepyrenees.com\/es\/aviso-legal\/","og_locale":"es_ES","og_type":"article","og_title":"Aviso legal - enjoythepyrenees.com","og_description":"Aviso legal Aviso legal 1. Editor del sitio La edici\u00f3n del sitio ENJOY THE PYRENNES est\u00e1 a cargo de: Nom\/Raison sociale : AGENCE DES PYRENNEES Forma jur\u00eddica: Association Capital social:No aplicable Domicilio social: 7 place du Mar\u00e9chal Juin, 31800 Saint-Gaudens N\u00famero de registro: 881 881 148\u00a000053 N\u00famero de IVA intracomunitario: No sujeto Director de la [&hellip;]","og_url":"https:\/\/enjoythepyrenees.com\/es\/aviso-legal\/","og_site_name":"enjoythepyrenees.com","article_modified_time":"2026-03-31T15:39:03+00:00","twitter_card":"summary_large_image","twitter_misc":{"Tiempo de lectura":"2 minutos"},"schema":{"@context":"https:\/\/schema.org","@graph":[{"@type":"WebPage","@id":"https:\/\/enjoythepyrenees.com\/es\/aviso-legal\/","url":"https:\/\/enjoythepyrenees.com\/es\/aviso-legal\/","name":"Aviso legal - enjoythepyrenees.com","isPartOf":{"@id":"https:\/\/enjoythepyrenees.com\/es\/#website"},"datePublished":"2026-02-09T10:54:35+00:00","dateModified":"2026-03-31T15:39:03+00:00","breadcrumb":{"@id":"https:\/\/enjoythepyrenees.com\/es\/aviso-legal\/#breadcrumb"},"inLanguage":"es","potentialAction":[{"@type":"ReadAction","target":["https:\/\/enjoythepyrenees.com\/es\/aviso-legal\/"]}]},{"@type":"BreadcrumbList","@id":"https:\/\/enjoythepyrenees.com\/es\/aviso-legal\/#breadcrumb","itemListElement":[{"@type":"ListItem","position":1,"name":"Home","item":"https:\/\/enjoythepyrenees.com\/es\/"},{"@type":"ListItem","position":2,"name":"Aviso legal"}]},{"@type":"WebSite","@id":"https:\/\/enjoythepyrenees.com\/es\/#website","url":"https:\/\/enjoythepyrenees.com\/es\/","name":"Enjoy The Pyrenees","description":"","publisher":{"@id":"https:\/\/enjoythepyrenees.com\/es\/#organization"},"alternateName":"EnjoyPyr","potentialAction":[{"@type":"SearchAction","target":{"@type":"EntryPoint","urlTemplate":"https:\/\/enjoythepyrenees.com\/es\/?s={search_term_string}"},"query-input":{"@type":"PropertyValueSpecification","valueRequired":true,"valueName":"search_term_string"}}],"inLanguage":"es"},{"@type":"Organization","@id":"https:\/\/enjoythepyrenees.com\/es\/#organization","name":"Enjoy The Pyrenees","alternateName":"EnjoyPyr","url":"https:\/\/enjoythepyrenees.com\/es\/","logo":{"@type":"ImageObject","inLanguage":"es","@id":"https:\/\/enjoythepyrenees.com\/es\/#\/schema\/logo\/image\/","url":"https:\/\/enjoythepyrenees.com\/wp-content\/uploads\/2025\/11\/logo-enjoy-pyr1.png","contentUrl":"https:\/\/enjoythepyrenees.com\/wp-content\/uploads\/2025\/11\/logo-enjoy-pyr1.png","width":1314,"height":303,"caption":"Enjoy The Pyrenees"},"image":{"@id":"https:\/\/enjoythepyrenees.com\/es\/#\/schema\/logo\/image\/"}}]}},"_hostinger_reach_plugin_has_subscription_block":false,"_hostinger_reach_plugin_is_elementor":false,"_links":{"self":[{"href":"https:\/\/enjoythepyrenees.com\/es\/wp-json\/wp\/v2\/pages\/4882","targetHints":{"allow":["GET"]}}],"collection":[{"href":"https:\/\/enjoythepyrenees.com\/es\/wp-json\/wp\/v2\/pages"}],"about":[{"href":"https:\/\/enjoythepyrenees.com\/es\/wp-json\/wp\/v2\/types\/page"}],"author":[{"embeddable":true,"href":"https:\/\/enjoythepyrenees.com\/es\/wp-json\/wp\/v2\/users\/1"}],"replies":[{"embeddable":true,"href":"https:\/\/enjoythepyrenees.com\/es\/wp-json\/wp\/v2\/comments?post=4882"}],"version-history":[{"count":3,"href":"https:\/\/enjoythepyrenees.com\/es\/wp-json\/wp\/v2\/pages\/4882\/revisions"}],"predecessor-version":[{"id":6079,"href":"https:\/\/enjoythepyrenees.com\/es\/wp-json\/wp\/v2\/pages\/4882\/revisions\/6079"}],"wp:attachment":[{"href":"https:\/\/enjoythepyrenees.com\/es\/wp-json\/wp\/v2\/media?parent=4882"}],"curies":[{"name":"wp","href":"https:\/\/api.w.org\/{rel}","templated":true}]}}