{"id":4393,"date":"2026-02-20T08:59:16","date_gmt":"2026-02-20T08:59:16","guid":{"rendered":"https:\/\/enjoythepyrenees.com\/buenas-practicas-del-turismo-sostenible\/"},"modified":"2026-03-31T15:39:04","modified_gmt":"2026-03-31T15:39:04","slug":"buenas-practicas-del-turismo-sostenible","status":"publish","type":"page","link":"https:\/\/enjoythepyrenees.com\/es\/buenas-practicas-del-turismo-sostenible\/","title":{"rendered":"Buenas pr\u00e1cticas del turismo sostenible"},"content":{"rendered":"\t\t<div data-elementor-type=\"wp-page\" data-elementor-id=\"4393\" class=\"elementor elementor-4393 elementor-3224\" data-elementor-post-type=\"page\">\n\t\t\t\t<div class=\"elementor-element elementor-element-1fea6645 e-flex e-con-boxed e-con e-parent\" data-id=\"1fea6645\" data-element_type=\"container\" data-e-type=\"container\" data-settings=\"{&quot;background_background&quot;:&quot;classic&quot;}\">\n\t\t\t\t\t<div class=\"e-con-inner\">\n\t\t\t\t<div class=\"elementor-element elementor-element-2a29c86c elementor-widget elementor-widget-heading\" data-id=\"2a29c86c\" data-element_type=\"widget\" data-e-type=\"widget\" data-widget_type=\"heading.default\">\n\t\t\t\t\t<h1 class=\"elementor-heading-title elementor-size-default\">buenas pr\u00e1cticas del turismo sostenible<\/h1>\t\t\t\t<\/div>\n\t\t\t\t\t<\/div>\n\t\t\t\t<\/div>\n\t\t<div class=\"elementor-element elementor-element-5f3c554 e-flex e-con-boxed e-con e-parent\" data-id=\"5f3c554\" data-element_type=\"container\" data-e-type=\"container\">\n\t\t\t\t\t<div class=\"e-con-inner\">\n\t\t\t\t<div class=\"elementor-element elementor-element-5e60428 elementor-widget elementor-widget-text-editor\" data-id=\"5e60428\" data-element_type=\"widget\" data-e-type=\"widget\" data-widget_type=\"text-editor.default\">\n\t\t\t\t\t\t\t\t\t<p><span style=\"font-weight: 400;\">Viajar mejor es elegir un turismo <strong>m\u00e1s respetuoso<\/strong> con los territorios y con quienes los hacen vivir. A trav\u00e9s de estos itinerarios, el proyecto invita a reducir el ritmo, a sumergirse en los paisajes, a encontrarse con los habitantes y a valorar los saberes locales, adoptando pr\u00e1cticas responsables y sostenibles.<\/span><\/p>\t\t\t\t\t\t\t\t<\/div>\n\t\t\t\t\t<\/div>\n\t\t\t\t<\/div>\n\t\t<div class=\"elementor-element elementor-element-26af37f4 e-flex e-con-boxed e-con e-parent\" data-id=\"26af37f4\" data-element_type=\"container\" data-e-type=\"container\">\n\t\t\t\t\t<div class=\"e-con-inner\">\n\t\t<div class=\"elementor-element elementor-element-1542c264 e-con-full e-flex e-con e-child\" data-id=\"1542c264\" data-element_type=\"container\" data-e-type=\"container\">\n\t\t\t\t<div class=\"elementor-element elementor-element-f4997af elementor-widget elementor-widget-image\" data-id=\"f4997af\" data-element_type=\"widget\" data-e-type=\"widget\" data-widget_type=\"image.default\">\n\t\t\t\t\t\t\t\t\t\t\t\t\t\t\t<img fetchpriority=\"high\" decoding=\"async\" width=\"1700\" height=\"2560\" src=\"https:\/\/enjoythepyrenees.com\/wp-content\/uploads\/2025\/12\/Personne-sur-la-colline-scaled.jpg\" class=\"attachment-full size-full wp-image-191\" alt=\"\" srcset=\"https:\/\/enjoythepyrenees.com\/wp-content\/uploads\/2025\/12\/Personne-sur-la-colline-scaled.jpg 1700w, https:\/\/enjoythepyrenees.com\/wp-content\/uploads\/2025\/12\/Personne-sur-la-colline-199x300.jpg 199w, https:\/\/enjoythepyrenees.com\/wp-content\/uploads\/2025\/12\/Personne-sur-la-colline-680x1024.jpg 680w, https:\/\/enjoythepyrenees.com\/wp-content\/uploads\/2025\/12\/Personne-sur-la-colline-768x1156.jpg 768w, https:\/\/enjoythepyrenees.com\/wp-content\/uploads\/2025\/12\/Personne-sur-la-colline-1020x1536.jpg 1020w, https:\/\/enjoythepyrenees.com\/wp-content\/uploads\/2025\/12\/Personne-sur-la-colline-1360x2048.jpg 1360w\" sizes=\"(max-width: 1700px) 100vw, 1700px\" \/>\t\t\t\t\t\t\t\t\t\t\t\t\t\t\t<\/div>\n\t\t\t\t<\/div>\n\t\t<div class=\"elementor-element elementor-element-37917fd8 e-con-full e-flex e-con e-child\" data-id=\"37917fd8\" data-element_type=\"container\" data-e-type=\"container\">\n\t\t\t\t<div class=\"elementor-element elementor-element-69ff7b77 elementor-widget elementor-widget-heading\" data-id=\"69ff7b77\" data-element_type=\"widget\" data-e-type=\"widget\" data-widget_type=\"heading.default\">\n\t\t\t\t\t<h2 class=\"elementor-heading-title elementor-size-default\">Viajar mejor, todo el a\u00f1o<\/h2>\t\t\t\t<\/div>\n\t\t\t\t<div class=\"elementor-element elementor-element-58351d79 elementor-widget elementor-widget-text-editor\" data-id=\"58351d79\" data-element_type=\"widget\" data-e-type=\"widget\" data-widget_type=\"text-editor.default\">\n\t\t\t\t\t\t\t\t\t<p><span style=\"font-weight: 400;\">Nuestros itinerarios est\u00e1n pensados para recorrerse durante gran parte del a\u00f1o, evitando los periodos de mayor afluencia. Fomentamos los viajes fuera de temporada, con actividades adaptadas, eventos culturales locales y experiencias aut\u00e9nticas, lejos del turismo de masas.<\/span><span style=\"font-weight: 400;\"><br \/><\/span><span style=\"font-weight: 400;\">Esto permite preservar los espacios naturales, repartir mejor los flujos de visitantes y vivir el territorio en condiciones m\u00e1s serenas.<\/span><\/p>\t\t\t\t\t\t\t\t<\/div>\n\t\t\t\t<div class=\"elementor-element elementor-element-0ff930e elementor-widget elementor-widget-heading\" data-id=\"0ff930e\" data-element_type=\"widget\" data-e-type=\"widget\" data-widget_type=\"heading.default\">\n\t\t\t\t\t<h2 class=\"elementor-heading-title elementor-size-default\">Preservar los territorios <br>y descongestionar los lugares sensibles<\/h2>\t\t\t\t<\/div>\n\t\t\t\t<div class=\"elementor-element elementor-element-1821d36 elementor-widget elementor-widget-text-editor\" data-id=\"1821d36\" data-element_type=\"widget\" data-e-type=\"widget\" data-widget_type=\"text-editor.default\">\n\t\t\t\t\t\t\t\t\t<p><span style=\"font-weight: 400;\">Proponemos recorridos alternativos y lugares menos frecuentados cuando ciertos sitios tienen mucha demanda. Bosques, parques naturales y pueblos se descubren as\u00ed de otra manera, a trav\u00e9s de senderos secundarios, etapas m\u00e1s \u00edntimas y experiencias personalizadas, a menudo en grupos reducidos.<\/span><\/p>\t\t\t\t\t\t\t\t<\/div>\n\t\t\t\t<div class=\"elementor-element elementor-element-21ac4c1 elementor-widget elementor-widget-heading\" data-id=\"21ac4c1\" data-element_type=\"widget\" data-e-type=\"widget\" data-widget_type=\"heading.default\">\n\t\t\t\t\t<h2 class=\"elementor-heading-title elementor-size-default\">Fomentar movilidades m\u00e1s sostenibles<\/h2>\t\t\t\t<\/div>\n\t\t\t\t<div class=\"elementor-element elementor-element-9e1b874 elementor-widget elementor-widget-text-editor\" data-id=\"9e1b874\" data-element_type=\"widget\" data-e-type=\"widget\" data-widget_type=\"text-editor.default\">\n\t\t\t\t\t\t\t\t\t<p><span style=\"font-weight: 400;\">Los itinerarios desarrollados combinan senderismo, bicicleta, tren y rutas en veh\u00edculo. Cuando el uso de un veh\u00edculo es necesario, fomentamos los veh\u00edculos el\u00e9ctricos o h\u00edbridos, as\u00ed como la intermodalidad con el transporte p\u00fablico, especialmente mediante un acceso en tren que es posible para algunos de los itinerarios.<\/span><\/p>\t\t\t\t\t\t\t\t<\/div>\n\t\t\t\t<div class=\"elementor-element elementor-element-c293264 elementor-widget elementor-widget-heading\" data-id=\"c293264\" data-element_type=\"widget\" data-e-type=\"widget\" data-widget_type=\"heading.default\">\n\t\t\t\t\t<h2 class=\"elementor-heading-title elementor-size-default\">Apoyar la econom\u00eda local<\/h2>\t\t\t\t<\/div>\n\t\t\t\t<div class=\"elementor-element elementor-element-acda606 elementor-widget elementor-widget-text-editor\" data-id=\"acda606\" data-element_type=\"widget\" data-e-type=\"widget\" data-widget_type=\"text-editor.default\">\n\t\t\t\t\t\t\t\t\t<p><span style=\"font-weight: 400;\">Cada itinerario pone en valor los saberes y los actores locales: alojamientos comprometidos, productores, artesanos, restauradores y gu\u00edas de la zona.<\/span><span style=\"font-weight: 400;\"><br \/><\/span><span style=\"font-weight: 400;\">Al privilegiar los circuitos cortos, los productos locales y las estancias m\u00e1s largas, contribuimos a una mejor distribuci\u00f3n de los beneficios econ\u00f3micos y a un v\u00ednculo m\u00e1s fuerte con los territorios recorridos.<\/span><\/p>\t\t\t\t\t\t\t\t<\/div>\n\t\t\t\t<div class=\"elementor-element elementor-element-32529a9 elementor-widget elementor-widget-heading\" data-id=\"32529a9\" data-element_type=\"widget\" data-e-type=\"widget\" data-widget_type=\"heading.default\">\n\t\t\t\t\t<h2 class=\"elementor-heading-title elementor-size-default\">Sensibilizar hacia un turismo m\u00e1s responsable<\/h2>\t\t\t\t<\/div>\n\t\t\t\t<div class=\"elementor-element elementor-element-2abea54 elementor-widget elementor-widget-text-editor\" data-id=\"2abea54\" data-element_type=\"widget\" data-e-type=\"widget\" data-widget_type=\"text-editor.default\">\n\t\t\t\t\t\t\t\t\t<p><span style=\"font-weight: 400;\">A lo largo del viaje, los viajeros est\u00e1n invitados a adoptar gestos sencillos: reducir los residuos, utilizar objetos reutilizables, respetar los espacios naturales y las culturas locales. Gu\u00edas, productores y prestadores de servicios desempe\u00f1an un papel clave en la transmisi\u00f3n de estos valores, para que cada uno se convierta en actor de la preservaci\u00f3n de los territorios.<\/span><\/p>\t\t\t\t\t\t\t\t<\/div>\n\t\t\t\t<div class=\"elementor-element elementor-element-ca7eb36 elementor-widget elementor-widget-heading\" data-id=\"ca7eb36\" data-element_type=\"widget\" data-e-type=\"widget\" data-widget_type=\"heading.default\">\n\t\t\t\t\t<h2 class=\"elementor-heading-title elementor-size-default\">Avanzar hacia un turismo m\u00e1s accesible<\/h2>\t\t\t\t<\/div>\n\t\t\t\t<div class=\"elementor-element elementor-element-ca9c10d elementor-widget elementor-widget-text-editor\" data-id=\"ca9c10d\" data-element_type=\"widget\" data-e-type=\"widget\" data-widget_type=\"text-editor.default\">\n\t\t\t\t\t\t\t\t\t<p><span style=\"font-weight: 400;\">La accesibilidad se integra siempre que es posible en el dise\u00f1o de los itinerarios. Algunas etapas proponen equipamientos, actividades inclusivas o adaptaciones espec\u00edficas para que un mayor n\u00famero de personas pueda disfrutarlas.<\/span><span style=\"font-weight: 400;\"><br \/><\/span><span style=\"font-weight: 400;\"> Los recorridos son flexibles: ritmo ajustable, alternativas m\u00e1s accesibles, adaptaci\u00f3n de las actividades seg\u00fan las necesidades de los viajeros, respetando las limitaciones naturales de los territorios de monta\u00f1a.<\/span><\/p>\t\t\t\t\t\t\t\t<\/div>\n\t\t\t\t<\/div>\n\t\t\t\t\t<\/div>\n\t\t\t\t<\/div>\n\t\t<div class=\"elementor-element elementor-element-cd68c32 elementor-hidden-desktop elementor-hidden-tablet elementor-hidden-mobile e-flex e-con-boxed e-con e-parent\" data-id=\"cd68c32\" data-element_type=\"container\" data-e-type=\"container\">\n\t\t\t\t\t<div class=\"e-con-inner\">\n\t\t<div class=\"elementor-element elementor-element-5924364 e-con-full e-flex e-con e-child\" data-id=\"5924364\" data-element_type=\"container\" data-e-type=\"container\" data-settings=\"{&quot;background_background&quot;:&quot;classic&quot;}\">\n\t\t\t\t<div class=\"elementor-element elementor-element-64ccfcb elementor-widget elementor-widget-heading\" data-id=\"64ccfcb\" data-element_type=\"widget\" data-e-type=\"widget\" data-widget_type=\"heading.default\">\n\t\t\t\t\t<h2 class=\"elementor-heading-title elementor-size-default\">Acompa\u00f1ar a los actores del turismo<\/h2>\t\t\t\t<\/div>\n\t\t\t\t<div class=\"elementor-element elementor-element-ac9f0b5 elementor-widget elementor-widget-text-editor\" data-id=\"ac9f0b5\" data-element_type=\"widget\" data-e-type=\"widget\" data-widget_type=\"text-editor.default\">\n\t\t\t\t\t\t\t\t\t<p><span style=\"font-weight: 400;\">En el marco del proyecto, se ha puesto a disposici\u00f3n de los profesionales locales una formaci\u00f3n en l\u00ednea (MOOC) dedicada al turismo sostenible y regenerativo. Les permite identificar, desarrollar y proponer experiencias m\u00e1s responsables dentro de los itinerarios.<\/span><\/p><p><span style=\"font-weight: 400;\">Esta formaci\u00f3n est\u00e1 disponible hasta el 20\/03\/2026.<\/span><\/p>\t\t\t\t\t\t\t\t<\/div>\n\t\t\t\t<div class=\"elementor-element elementor-element-e409441 elementor-align-center elementor-widget__width-initial elementor-hidden-desktop elementor-hidden-tablet elementor-hidden-mobile elementor-widget elementor-widget-button\" data-id=\"e409441\" data-element_type=\"widget\" data-e-type=\"widget\" data-widget_type=\"button.default\">\n\t\t\t\t\t\t\t\t\t\t<a class=\"elementor-button elementor-button-link elementor-size-sm elementor-animation-float\" href=\"https:\/\/enjoypyr.eurecatacademy.org\/?lang=fr%20\" target=\"_blank\">\n\t\t\t\t\t\t<span class=\"elementor-button-content-wrapper\">\n\t\t\t\t\t\t\t\t\t<span class=\"elementor-button-text\">M\u00e1s informaci\u00f3n<\/span>\n\t\t\t\t\t<\/span>\n\t\t\t\t\t<\/a>\n\t\t\t\t\t\t\t\t<\/div>\n\t\t\t\t<\/div>\n\t\t\t\t\t<\/div>\n\t\t\t\t<\/div>\n\t\t<div class=\"elementor-element elementor-element-bafe21a e-flex e-con-boxed e-con e-parent\" data-id=\"bafe21a\" data-element_type=\"container\" data-e-type=\"container\">\n\t\t\t\t\t<div class=\"e-con-inner\">\n\t\t<div class=\"elementor-element elementor-element-141223f e-con-full e-flex e-con e-child\" data-id=\"141223f\" data-element_type=\"container\" data-e-type=\"container\" data-settings=\"{&quot;background_background&quot;:&quot;classic&quot;}\">\n\t\t\t\t<div class=\"elementor-element elementor-element-aba692a elementor-widget elementor-widget-heading\" data-id=\"aba692a\" data-element_type=\"widget\" data-e-type=\"widget\" data-widget_type=\"heading.default\">\n\t\t\t\t\t<h2 class=\"elementor-heading-title elementor-size-default\">Accompagner les acteurs du tourisme durabe<\/h2>\t\t\t\t<\/div>\n\t\t\t\t<div class=\"elementor-element elementor-element-d051d67 elementor-widget elementor-widget-text-editor\" data-id=\"d051d67\" data-element_type=\"widget\" data-e-type=\"widget\" data-widget_type=\"text-editor.default\">\n\t\t\t\t\t\t\t\t\t<p><span lang=\"FR\">Pour aller plus loin dans le tourisme durable, vous pouvez \u00e9galement consulter cette plateforme : <\/span><strong><span lang=\"FR\">Le\u00a0<\/span><span lang=\"FR\">Regenerative Tourism Blueprint<\/span><\/strong><span lang=\"FR\">\u00a0est une plateforme qui transforme le concept de tourisme responsable en actions concr\u00e8tes pour les voyageurs. Elle propose des ressources et des conseils pour vous aider \u00e0 faire des choix de voyage qui b\u00e9n\u00e9ficient \u00e0 l\u2019environnement, aux populations locales et \u00e0 l\u2019\u00e9conomie du territoire.<\/span><\/p>\t\t\t\t\t\t\t\t<\/div>\n\t\t\t\t<div class=\"elementor-element elementor-element-d7062f6 elementor-align-center elementor-widget__width-initial elementor-widget elementor-widget-button\" data-id=\"d7062f6\" data-element_type=\"widget\" data-e-type=\"widget\" data-widget_type=\"button.default\">\n\t\t\t\t\t\t\t\t\t\t<a class=\"elementor-button elementor-button-link elementor-size-sm elementor-animation-float\" href=\"https:\/\/regenerativetourism.eu\/\" target=\"_blank\">\n\t\t\t\t\t\t<span class=\"elementor-button-content-wrapper\">\n\t\t\t\t\t\t\t\t\t<span class=\"elementor-button-text\">En savoir +<\/span>\n\t\t\t\t\t<\/span>\n\t\t\t\t\t<\/a>\n\t\t\t\t\t\t\t\t<\/div>\n\t\t\t\t<\/div>\n\t\t\t\t\t<\/div>\n\t\t\t\t<\/div>\n\t\t\t\t<\/div>\n\t\t","protected":false},"excerpt":{"rendered":"<p>buenas pr\u00e1cticas del turismo sostenible Viajar mejor es elegir un turismo m\u00e1s respetuoso con los territorios y con quienes los hacen vivir. A trav\u00e9s de estos itinerarios, el proyecto invita a reducir el ritmo, a sumergirse en los paisajes, a encontrarse con los habitantes y a valorar los saberes locales, adoptando pr\u00e1cticas responsables y sostenibles. [&hellip;]<\/p>\n","protected":false},"author":1,"featured_media":0,"parent":0,"menu_order":0,"comment_status":"closed","ping_status":"closed","template":"","meta":{"_acf_changed":false,"footnotes":""},"class_list":["post-4393","page","type-page","status-publish","hentry"],"acf":[],"yoast_head":"<!-- This site is optimized with the Yoast SEO plugin v27.3 - https:\/\/yoast.com\/product\/yoast-seo-wordpress\/ -->\n<title>Buenas pr\u00e1cticas del turismo sostenible - enjoythepyrenees.com<\/title>\n<meta name=\"description\" content=\"Nuestros itinerarios est\u00e1n pensados para recorrerse durante gran parte del a\u00f1o, evitando los periodos de mayor afluencia.\" \/>\n<meta name=\"robots\" content=\"index, follow, max-snippet:-1, max-image-preview:large, max-video-preview:-1\" \/>\n<link rel=\"canonical\" href=\"https:\/\/enjoythepyrenees.com\/es\/buenas-practicas-del-turismo-sostenible\/\" \/>\n<meta property=\"og:locale\" content=\"es_ES\" \/>\n<meta property=\"og:type\" content=\"article\" \/>\n<meta property=\"og:title\" content=\"Buenas pr\u00e1cticas del turismo sostenible - enjoythepyrenees.com\" \/>\n<meta property=\"og:description\" content=\"Nuestros itinerarios est\u00e1n pensados para recorrerse durante gran parte del a\u00f1o, evitando los periodos de mayor afluencia.\" \/>\n<meta property=\"og:url\" content=\"https:\/\/enjoythepyrenees.com\/es\/buenas-practicas-del-turismo-sostenible\/\" \/>\n<meta property=\"og:site_name\" content=\"enjoythepyrenees.com\" \/>\n<meta property=\"article:modified_time\" content=\"2026-03-31T15:39:04+00:00\" \/>\n<meta property=\"og:image\" content=\"https:\/\/enjoythepyrenees.com\/wp-content\/uploads\/2025\/12\/Personne-sur-la-colline-scaled.jpg\" \/>\n\t<meta property=\"og:image:width\" content=\"1700\" \/>\n\t<meta property=\"og:image:height\" content=\"2560\" \/>\n\t<meta property=\"og:image:type\" content=\"image\/jpeg\" \/>\n<meta name=\"twitter:card\" content=\"summary_large_image\" \/>\n<meta name=\"twitter:label1\" content=\"Tiempo de lectura\" \/>\n\t<meta name=\"twitter:data1\" content=\"3 minutos\" \/>\n<script type=\"application\/ld+json\" class=\"yoast-schema-graph\">{\"@context\":\"https:\\\/\\\/schema.org\",\"@graph\":[{\"@type\":\"WebPage\",\"@id\":\"https:\\\/\\\/enjoythepyrenees.com\\\/es\\\/buenas-practicas-del-turismo-sostenible\\\/\",\"url\":\"https:\\\/\\\/enjoythepyrenees.com\\\/es\\\/buenas-practicas-del-turismo-sostenible\\\/\",\"name\":\"Buenas pr\u00e1cticas del turismo sostenible - enjoythepyrenees.com\",\"isPartOf\":{\"@id\":\"https:\\\/\\\/enjoythepyrenees.com\\\/es\\\/#website\"},\"primaryImageOfPage\":{\"@id\":\"https:\\\/\\\/enjoythepyrenees.com\\\/es\\\/buenas-practicas-del-turismo-sostenible\\\/#primaryimage\"},\"image\":{\"@id\":\"https:\\\/\\\/enjoythepyrenees.com\\\/es\\\/buenas-practicas-del-turismo-sostenible\\\/#primaryimage\"},\"thumbnailUrl\":\"https:\\\/\\\/enjoythepyrenees.com\\\/wp-content\\\/uploads\\\/2025\\\/12\\\/Personne-sur-la-colline-scaled.jpg\",\"datePublished\":\"2026-02-20T08:59:16+00:00\",\"dateModified\":\"2026-03-31T15:39:04+00:00\",\"description\":\"Nuestros itinerarios est\u00e1n pensados para recorrerse durante gran parte del a\u00f1o, evitando los periodos de mayor afluencia.\",\"breadcrumb\":{\"@id\":\"https:\\\/\\\/enjoythepyrenees.com\\\/es\\\/buenas-practicas-del-turismo-sostenible\\\/#breadcrumb\"},\"inLanguage\":\"es\",\"potentialAction\":[{\"@type\":\"ReadAction\",\"target\":[\"https:\\\/\\\/enjoythepyrenees.com\\\/es\\\/buenas-practicas-del-turismo-sostenible\\\/\"]}]},{\"@type\":\"ImageObject\",\"inLanguage\":\"es\",\"@id\":\"https:\\\/\\\/enjoythepyrenees.com\\\/es\\\/buenas-practicas-del-turismo-sostenible\\\/#primaryimage\",\"url\":\"https:\\\/\\\/enjoythepyrenees.com\\\/wp-content\\\/uploads\\\/2025\\\/12\\\/Personne-sur-la-colline-scaled.jpg\",\"contentUrl\":\"https:\\\/\\\/enjoythepyrenees.com\\\/wp-content\\\/uploads\\\/2025\\\/12\\\/Personne-sur-la-colline-scaled.jpg\"},{\"@type\":\"BreadcrumbList\",\"@id\":\"https:\\\/\\\/enjoythepyrenees.com\\\/es\\\/buenas-practicas-del-turismo-sostenible\\\/#breadcrumb\",\"itemListElement\":[{\"@type\":\"ListItem\",\"position\":1,\"name\":\"Home\",\"item\":\"https:\\\/\\\/enjoythepyrenees.com\\\/es\\\/\"},{\"@type\":\"ListItem\",\"position\":2,\"name\":\"Buenas pr\u00e1cticas del turismo sostenible\"}]},{\"@type\":\"WebSite\",\"@id\":\"https:\\\/\\\/enjoythepyrenees.com\\\/es\\\/#website\",\"url\":\"https:\\\/\\\/enjoythepyrenees.com\\\/es\\\/\",\"name\":\"Enjoy The Pyrenees\",\"description\":\"\",\"publisher\":{\"@id\":\"https:\\\/\\\/enjoythepyrenees.com\\\/es\\\/#organization\"},\"alternateName\":\"EnjoyPyr\",\"potentialAction\":[{\"@type\":\"SearchAction\",\"target\":{\"@type\":\"EntryPoint\",\"urlTemplate\":\"https:\\\/\\\/enjoythepyrenees.com\\\/es\\\/?s={search_term_string}\"},\"query-input\":{\"@type\":\"PropertyValueSpecification\",\"valueRequired\":true,\"valueName\":\"search_term_string\"}}],\"inLanguage\":\"es\"},{\"@type\":\"Organization\",\"@id\":\"https:\\\/\\\/enjoythepyrenees.com\\\/es\\\/#organization\",\"name\":\"Enjoy The Pyrenees\",\"alternateName\":\"EnjoyPyr\",\"url\":\"https:\\\/\\\/enjoythepyrenees.com\\\/es\\\/\",\"logo\":{\"@type\":\"ImageObject\",\"inLanguage\":\"es\",\"@id\":\"https:\\\/\\\/enjoythepyrenees.com\\\/es\\\/#\\\/schema\\\/logo\\\/image\\\/\",\"url\":\"https:\\\/\\\/enjoythepyrenees.com\\\/wp-content\\\/uploads\\\/2025\\\/11\\\/logo-enjoy-pyr1.png\",\"contentUrl\":\"https:\\\/\\\/enjoythepyrenees.com\\\/wp-content\\\/uploads\\\/2025\\\/11\\\/logo-enjoy-pyr1.png\",\"width\":1314,\"height\":303,\"caption\":\"Enjoy The Pyrenees\"},\"image\":{\"@id\":\"https:\\\/\\\/enjoythepyrenees.com\\\/es\\\/#\\\/schema\\\/logo\\\/image\\\/\"}}]}<\/script>\n<!-- \/ Yoast SEO plugin. -->","yoast_head_json":{"title":"Buenas pr\u00e1cticas del turismo sostenible - enjoythepyrenees.com","description":"Nuestros itinerarios est\u00e1n pensados para recorrerse durante gran parte del a\u00f1o, evitando los periodos de mayor afluencia.","robots":{"index":"index","follow":"follow","max-snippet":"max-snippet:-1","max-image-preview":"max-image-preview:large","max-video-preview":"max-video-preview:-1"},"canonical":"https:\/\/enjoythepyrenees.com\/es\/buenas-practicas-del-turismo-sostenible\/","og_locale":"es_ES","og_type":"article","og_title":"Buenas pr\u00e1cticas del turismo sostenible - enjoythepyrenees.com","og_description":"Nuestros itinerarios est\u00e1n pensados para recorrerse durante gran parte del a\u00f1o, evitando los periodos de mayor afluencia.","og_url":"https:\/\/enjoythepyrenees.com\/es\/buenas-practicas-del-turismo-sostenible\/","og_site_name":"enjoythepyrenees.com","article_modified_time":"2026-03-31T15:39:04+00:00","og_image":[{"width":1700,"height":2560,"url":"https:\/\/enjoythepyrenees.com\/wp-content\/uploads\/2025\/12\/Personne-sur-la-colline-scaled.jpg","type":"image\/jpeg"}],"twitter_card":"summary_large_image","twitter_misc":{"Tiempo de lectura":"3 minutos"},"schema":{"@context":"https:\/\/schema.org","@graph":[{"@type":"WebPage","@id":"https:\/\/enjoythepyrenees.com\/es\/buenas-practicas-del-turismo-sostenible\/","url":"https:\/\/enjoythepyrenees.com\/es\/buenas-practicas-del-turismo-sostenible\/","name":"Buenas pr\u00e1cticas del turismo sostenible - enjoythepyrenees.com","isPartOf":{"@id":"https:\/\/enjoythepyrenees.com\/es\/#website"},"primaryImageOfPage":{"@id":"https:\/\/enjoythepyrenees.com\/es\/buenas-practicas-del-turismo-sostenible\/#primaryimage"},"image":{"@id":"https:\/\/enjoythepyrenees.com\/es\/buenas-practicas-del-turismo-sostenible\/#primaryimage"},"thumbnailUrl":"https:\/\/enjoythepyrenees.com\/wp-content\/uploads\/2025\/12\/Personne-sur-la-colline-scaled.jpg","datePublished":"2026-02-20T08:59:16+00:00","dateModified":"2026-03-31T15:39:04+00:00","description":"Nuestros itinerarios est\u00e1n pensados para recorrerse durante gran parte del a\u00f1o, evitando los periodos de mayor afluencia.","breadcrumb":{"@id":"https:\/\/enjoythepyrenees.com\/es\/buenas-practicas-del-turismo-sostenible\/#breadcrumb"},"inLanguage":"es","potentialAction":[{"@type":"ReadAction","target":["https:\/\/enjoythepyrenees.com\/es\/buenas-practicas-del-turismo-sostenible\/"]}]},{"@type":"ImageObject","inLanguage":"es","@id":"https:\/\/enjoythepyrenees.com\/es\/buenas-practicas-del-turismo-sostenible\/#primaryimage","url":"https:\/\/enjoythepyrenees.com\/wp-content\/uploads\/2025\/12\/Personne-sur-la-colline-scaled.jpg","contentUrl":"https:\/\/enjoythepyrenees.com\/wp-content\/uploads\/2025\/12\/Personne-sur-la-colline-scaled.jpg"},{"@type":"BreadcrumbList","@id":"https:\/\/enjoythepyrenees.com\/es\/buenas-practicas-del-turismo-sostenible\/#breadcrumb","itemListElement":[{"@type":"ListItem","position":1,"name":"Home","item":"https:\/\/enjoythepyrenees.com\/es\/"},{"@type":"ListItem","position":2,"name":"Buenas pr\u00e1cticas del turismo sostenible"}]},{"@type":"WebSite","@id":"https:\/\/enjoythepyrenees.com\/es\/#website","url":"https:\/\/enjoythepyrenees.com\/es\/","name":"Enjoy The Pyrenees","description":"","publisher":{"@id":"https:\/\/enjoythepyrenees.com\/es\/#organization"},"alternateName":"EnjoyPyr","potentialAction":[{"@type":"SearchAction","target":{"@type":"EntryPoint","urlTemplate":"https:\/\/enjoythepyrenees.com\/es\/?s={search_term_string}"},"query-input":{"@type":"PropertyValueSpecification","valueRequired":true,"valueName":"search_term_string"}}],"inLanguage":"es"},{"@type":"Organization","@id":"https:\/\/enjoythepyrenees.com\/es\/#organization","name":"Enjoy The Pyrenees","alternateName":"EnjoyPyr","url":"https:\/\/enjoythepyrenees.com\/es\/","logo":{"@type":"ImageObject","inLanguage":"es","@id":"https:\/\/enjoythepyrenees.com\/es\/#\/schema\/logo\/image\/","url":"https:\/\/enjoythepyrenees.com\/wp-content\/uploads\/2025\/11\/logo-enjoy-pyr1.png","contentUrl":"https:\/\/enjoythepyrenees.com\/wp-content\/uploads\/2025\/11\/logo-enjoy-pyr1.png","width":1314,"height":303,"caption":"Enjoy The Pyrenees"},"image":{"@id":"https:\/\/enjoythepyrenees.com\/es\/#\/schema\/logo\/image\/"}}]}},"_hostinger_reach_plugin_has_subscription_block":false,"_hostinger_reach_plugin_is_elementor":false,"_links":{"self":[{"href":"https:\/\/enjoythepyrenees.com\/es\/wp-json\/wp\/v2\/pages\/4393","targetHints":{"allow":["GET"]}}],"collection":[{"href":"https:\/\/enjoythepyrenees.com\/es\/wp-json\/wp\/v2\/pages"}],"about":[{"href":"https:\/\/enjoythepyrenees.com\/es\/wp-json\/wp\/v2\/types\/page"}],"author":[{"embeddable":true,"href":"https:\/\/enjoythepyrenees.com\/es\/wp-json\/wp\/v2\/users\/1"}],"replies":[{"embeddable":true,"href":"https:\/\/enjoythepyrenees.com\/es\/wp-json\/wp\/v2\/comments?post=4393"}],"version-history":[{"count":4,"href":"https:\/\/enjoythepyrenees.com\/es\/wp-json\/wp\/v2\/pages\/4393\/revisions"}],"predecessor-version":[{"id":6091,"href":"https:\/\/enjoythepyrenees.com\/es\/wp-json\/wp\/v2\/pages\/4393\/revisions\/6091"}],"wp:attachment":[{"href":"https:\/\/enjoythepyrenees.com\/es\/wp-json\/wp\/v2\/media?parent=4393"}],"curies":[{"name":"wp","href":"https:\/\/api.w.org\/{rel}","templated":true}]}}