{"id":4389,"date":"2026-02-20T08:59:16","date_gmt":"2026-02-20T08:59:16","guid":{"rendered":"https:\/\/enjoythepyrenees.com\/sustainable-tourism-best-practices\/"},"modified":"2026-03-31T15:39:04","modified_gmt":"2026-03-31T15:39:04","slug":"sustainable-tourism-best-practices","status":"publish","type":"page","link":"https:\/\/enjoythepyrenees.com\/en\/sustainable-tourism-best-practices\/","title":{"rendered":"Sustainable Tourism Best Practices"},"content":{"rendered":"\t\t<div data-elementor-type=\"wp-page\" data-elementor-id=\"4389\" class=\"elementor elementor-4389 elementor-3224\" data-elementor-post-type=\"page\">\n\t\t\t\t<div class=\"elementor-element elementor-element-1fea6645 e-flex e-con-boxed e-con e-parent\" data-id=\"1fea6645\" data-element_type=\"container\" data-e-type=\"container\" data-settings=\"{&quot;background_background&quot;:&quot;classic&quot;}\">\n\t\t\t\t\t<div class=\"e-con-inner\">\n\t\t\t\t<div class=\"elementor-element elementor-element-2a29c86c elementor-widget elementor-widget-heading\" data-id=\"2a29c86c\" data-element_type=\"widget\" data-e-type=\"widget\" data-widget_type=\"heading.default\">\n\t\t\t\t\t<h1 class=\"elementor-heading-title elementor-size-default\">sustainable tourism best practices<\/h1>\t\t\t\t<\/div>\n\t\t\t\t\t<\/div>\n\t\t\t\t<\/div>\n\t\t<div class=\"elementor-element elementor-element-5f3c554 e-flex e-con-boxed e-con e-parent\" data-id=\"5f3c554\" data-element_type=\"container\" data-e-type=\"container\">\n\t\t\t\t\t<div class=\"e-con-inner\">\n\t\t\t\t<div class=\"elementor-element elementor-element-5e60428 elementor-widget elementor-widget-text-editor\" data-id=\"5e60428\" data-element_type=\"widget\" data-e-type=\"widget\" data-widget_type=\"text-editor.default\">\n\t\t\t\t\t\t\t\t\t<p><span style=\"font-weight: 400;\">Travelling better means choosing tourism that is <strong>more respectful<\/strong> of the land and the people who bring it to life. Through these routes, the project invites you to slow down, immerse yourself in the landscapes, meet the locals and celebrate traditional know-how \u2014 all while adopting responsible, sustainable practices.<\/span><\/p>\t\t\t\t\t\t\t\t<\/div>\n\t\t\t\t\t<\/div>\n\t\t\t\t<\/div>\n\t\t<div class=\"elementor-element elementor-element-26af37f4 e-flex e-con-boxed e-con e-parent\" data-id=\"26af37f4\" data-element_type=\"container\" data-e-type=\"container\">\n\t\t\t\t\t<div class=\"e-con-inner\">\n\t\t<div class=\"elementor-element elementor-element-1542c264 e-con-full e-flex e-con e-child\" data-id=\"1542c264\" data-element_type=\"container\" data-e-type=\"container\">\n\t\t\t\t<div class=\"elementor-element elementor-element-f4997af elementor-widget elementor-widget-image\" data-id=\"f4997af\" data-element_type=\"widget\" data-e-type=\"widget\" data-widget_type=\"image.default\">\n\t\t\t\t\t\t\t\t\t\t\t\t\t\t\t<img fetchpriority=\"high\" decoding=\"async\" width=\"1700\" height=\"2560\" src=\"https:\/\/enjoythepyrenees.com\/wp-content\/uploads\/2025\/12\/Personne-sur-la-colline-scaled.jpg\" class=\"attachment-full size-full wp-image-189\" alt=\"\" srcset=\"https:\/\/enjoythepyrenees.com\/wp-content\/uploads\/2025\/12\/Personne-sur-la-colline-scaled.jpg 1700w, https:\/\/enjoythepyrenees.com\/wp-content\/uploads\/2025\/12\/Personne-sur-la-colline-199x300.jpg 199w, https:\/\/enjoythepyrenees.com\/wp-content\/uploads\/2025\/12\/Personne-sur-la-colline-680x1024.jpg 680w, https:\/\/enjoythepyrenees.com\/wp-content\/uploads\/2025\/12\/Personne-sur-la-colline-768x1156.jpg 768w, https:\/\/enjoythepyrenees.com\/wp-content\/uploads\/2025\/12\/Personne-sur-la-colline-1020x1536.jpg 1020w, https:\/\/enjoythepyrenees.com\/wp-content\/uploads\/2025\/12\/Personne-sur-la-colline-1360x2048.jpg 1360w\" sizes=\"(max-width: 1700px) 100vw, 1700px\" \/>\t\t\t\t\t\t\t\t\t\t\t\t\t\t\t<\/div>\n\t\t\t\t<\/div>\n\t\t<div class=\"elementor-element elementor-element-37917fd8 e-con-full e-flex e-con e-child\" data-id=\"37917fd8\" data-element_type=\"container\" data-e-type=\"container\">\n\t\t\t\t<div class=\"elementor-element elementor-element-69ff7b77 elementor-widget elementor-widget-heading\" data-id=\"69ff7b77\" data-element_type=\"widget\" data-e-type=\"widget\" data-widget_type=\"heading.default\">\n\t\t\t\t\t<h2 class=\"elementor-heading-title elementor-size-default\">Travel better, all year round<\/h2>\t\t\t\t<\/div>\n\t\t\t\t<div class=\"elementor-element elementor-element-58351d79 elementor-widget elementor-widget-text-editor\" data-id=\"58351d79\" data-element_type=\"widget\" data-e-type=\"widget\" data-widget_type=\"text-editor.default\">\n\t\t\t\t\t\t\t\t\t<p><span style=\"font-weight: 400;\">Our routes are designed to be travelled throughout much of the year, steering clear of peak periods. We encourage off-season travel, with tailored activities, local cultural events and authentic experiences far removed from mass tourism.<\/span><span style=\"font-weight: 400;\"><br \/><\/span><span style=\"font-weight: 400;\">This helps preserve natural sites, better distribute visitor flows and allow you to experience the region in more peaceful conditions.<\/span><\/p>\t\t\t\t\t\t\t\t<\/div>\n\t\t\t\t<div class=\"elementor-element elementor-element-0ff930e elementor-widget elementor-widget-heading\" data-id=\"0ff930e\" data-element_type=\"widget\" data-e-type=\"widget\" data-widget_type=\"heading.default\">\n\t\t\t\t\t<h2 class=\"elementor-heading-title elementor-size-default\">Protect the land <br>and ease pressure on sensitive sites<\/h2>\t\t\t\t<\/div>\n\t\t\t\t<div class=\"elementor-element elementor-element-1821d36 elementor-widget elementor-widget-text-editor\" data-id=\"1821d36\" data-element_type=\"widget\" data-e-type=\"widget\" data-widget_type=\"text-editor.default\">\n\t\t\t\t\t\t\t\t\t<p><span style=\"font-weight: 400;\">We offer alternative routes and lesser-known spots when certain sites are in high demand. Forests, natural parks and villages can thus be discovered differently \u2014 via secondary trails, more secluded stops and personalised experiences, often in small groups.<\/span><\/p>\t\t\t\t\t\t\t\t<\/div>\n\t\t\t\t<div class=\"elementor-element elementor-element-21ac4c1 elementor-widget elementor-widget-heading\" data-id=\"21ac4c1\" data-element_type=\"widget\" data-e-type=\"widget\" data-widget_type=\"heading.default\">\n\t\t\t\t\t<h2 class=\"elementor-heading-title elementor-size-default\">Promote more sustainable mobility<\/h2>\t\t\t\t<\/div>\n\t\t\t\t<div class=\"elementor-element elementor-element-9e1b874 elementor-widget elementor-widget-text-editor\" data-id=\"9e1b874\" data-element_type=\"widget\" data-e-type=\"widget\" data-widget_type=\"text-editor.default\">\n\t\t\t\t\t\t\t\t\t<p><span style=\"font-weight: 400;\">The routes we have developed combine hiking, cycling, train travel and road trips. When a vehicle is needed, we encourage electric or hybrid options, as well as intermodal connections with public transport \u2014 particularly via train access, which is available for some of the itineraries.<\/span><\/p>\t\t\t\t\t\t\t\t<\/div>\n\t\t\t\t<div class=\"elementor-element elementor-element-c293264 elementor-widget elementor-widget-heading\" data-id=\"c293264\" data-element_type=\"widget\" data-e-type=\"widget\" data-widget_type=\"heading.default\">\n\t\t\t\t\t<h2 class=\"elementor-heading-title elementor-size-default\">Support the local economy<\/h2>\t\t\t\t<\/div>\n\t\t\t\t<div class=\"elementor-element elementor-element-acda606 elementor-widget elementor-widget-text-editor\" data-id=\"acda606\" data-element_type=\"widget\" data-e-type=\"widget\" data-widget_type=\"text-editor.default\">\n\t\t\t\t\t\t\t\t\t<p><span style=\"font-weight: 400;\">Each route highlights local expertise and stakeholders: committed accommodation providers, producers, artisans, restaurateurs and regional guides.<\/span><span style=\"font-weight: 400;\"><br \/><\/span><span style=\"font-weight: 400;\">By favouring short supply chains, local products and longer stays, we contribute to a fairer distribution of economic benefits and a stronger bond with the regions we travel through.<\/span><\/p>\t\t\t\t\t\t\t\t<\/div>\n\t\t\t\t<div class=\"elementor-element elementor-element-32529a9 elementor-widget elementor-widget-heading\" data-id=\"32529a9\" data-element_type=\"widget\" data-e-type=\"widget\" data-widget_type=\"heading.default\">\n\t\t\t\t\t<h2 class=\"elementor-heading-title elementor-size-default\">Raise awareness for more responsible tourism<\/h2>\t\t\t\t<\/div>\n\t\t\t\t<div class=\"elementor-element elementor-element-2abea54 elementor-widget elementor-widget-text-editor\" data-id=\"2abea54\" data-element_type=\"widget\" data-e-type=\"widget\" data-widget_type=\"text-editor.default\">\n\t\t\t\t\t\t\t\t\t<p><span style=\"font-weight: 400;\">Throughout the journey, travellers are encouraged to adopt simple habits: reducing waste, using reusable items, respecting natural spaces and local cultures. Guides, producers and service providers play a key role in passing on these values, so that everyone becomes an active participant in preserving the land.<\/span><\/p>\t\t\t\t\t\t\t\t<\/div>\n\t\t\t\t<div class=\"elementor-element elementor-element-ca7eb36 elementor-widget elementor-widget-heading\" data-id=\"ca7eb36\" data-element_type=\"widget\" data-e-type=\"widget\" data-widget_type=\"heading.default\">\n\t\t\t\t\t<h2 class=\"elementor-heading-title elementor-size-default\">Moving towards more accessible tourism<\/h2>\t\t\t\t<\/div>\n\t\t\t\t<div class=\"elementor-element elementor-element-ca9c10d elementor-widget elementor-widget-text-editor\" data-id=\"ca9c10d\" data-element_type=\"widget\" data-e-type=\"widget\" data-widget_type=\"text-editor.default\">\n\t\t\t\t\t\t\t\t\t<p><span style=\"font-weight: 400;\">Accessibility is woven into the design of the routes wherever possible. Some stages offer adapted facilities, inclusive activities or specific adjustments so that a wider range of people can enjoy them.<\/span><span style=\"font-weight: 400;\"><br \/><\/span><span style=\"font-weight: 400;\"> The itineraries remain flexible: adjustable pace, more accessible alternatives and activities adapted to travellers\u2019 needs, within the natural constraints of mountain terrain.<\/span><\/p>\t\t\t\t\t\t\t\t<\/div>\n\t\t\t\t<\/div>\n\t\t\t\t\t<\/div>\n\t\t\t\t<\/div>\n\t\t<div class=\"elementor-element elementor-element-cd68c32 elementor-hidden-desktop elementor-hidden-tablet elementor-hidden-mobile e-flex e-con-boxed e-con e-parent\" data-id=\"cd68c32\" data-element_type=\"container\" data-e-type=\"container\">\n\t\t\t\t\t<div class=\"e-con-inner\">\n\t\t<div class=\"elementor-element elementor-element-5924364 e-con-full e-flex e-con e-child\" data-id=\"5924364\" data-element_type=\"container\" data-e-type=\"container\" data-settings=\"{&quot;background_background&quot;:&quot;classic&quot;}\">\n\t\t\t\t<div class=\"elementor-element elementor-element-64ccfcb elementor-widget elementor-widget-heading\" data-id=\"64ccfcb\" data-element_type=\"widget\" data-e-type=\"widget\" data-widget_type=\"heading.default\">\n\t\t\t\t\t<h2 class=\"elementor-heading-title elementor-size-default\">Supporting tourism professionals<\/h2>\t\t\t\t<\/div>\n\t\t\t\t<div class=\"elementor-element elementor-element-ac9f0b5 elementor-widget elementor-widget-text-editor\" data-id=\"ac9f0b5\" data-element_type=\"widget\" data-e-type=\"widget\" data-widget_type=\"text-editor.default\">\n\t\t\t\t\t\t\t\t\t<p><span style=\"font-weight: 400;\">As part of the project, an online training course (MOOC) dedicated to sustainable and regenerative tourism has been made available to local professionals. It enables them to identify, develop and offer more responsible experiences within the itineraries.<\/span><\/p><p><span style=\"font-weight: 400;\">This training is available until 20\/03\/2026.<\/span><\/p>\t\t\t\t\t\t\t\t<\/div>\n\t\t\t\t<div class=\"elementor-element elementor-element-e409441 elementor-align-center elementor-widget__width-initial elementor-hidden-desktop elementor-hidden-tablet elementor-hidden-mobile elementor-widget elementor-widget-button\" data-id=\"e409441\" data-element_type=\"widget\" data-e-type=\"widget\" data-widget_type=\"button.default\">\n\t\t\t\t\t\t\t\t\t\t<a class=\"elementor-button elementor-button-link elementor-size-sm elementor-animation-float\" href=\"https:\/\/enjoypyr.eurecatacademy.org\/?lang=fr%20\" target=\"_blank\">\n\t\t\t\t\t\t<span class=\"elementor-button-content-wrapper\">\n\t\t\t\t\t\t\t\t\t<span class=\"elementor-button-text\">Learn more<\/span>\n\t\t\t\t\t<\/span>\n\t\t\t\t\t<\/a>\n\t\t\t\t\t\t\t\t<\/div>\n\t\t\t\t<\/div>\n\t\t\t\t\t<\/div>\n\t\t\t\t<\/div>\n\t\t<div class=\"elementor-element elementor-element-bafe21a e-flex e-con-boxed e-con e-parent\" data-id=\"bafe21a\" data-element_type=\"container\" data-e-type=\"container\">\n\t\t\t\t\t<div class=\"e-con-inner\">\n\t\t<div class=\"elementor-element elementor-element-141223f e-con-full e-flex e-con e-child\" data-id=\"141223f\" data-element_type=\"container\" data-e-type=\"container\" data-settings=\"{&quot;background_background&quot;:&quot;classic&quot;}\">\n\t\t\t\t<div class=\"elementor-element elementor-element-aba692a elementor-widget elementor-widget-heading\" data-id=\"aba692a\" data-element_type=\"widget\" data-e-type=\"widget\" data-widget_type=\"heading.default\">\n\t\t\t\t\t<h2 class=\"elementor-heading-title elementor-size-default\">Accompagner les acteurs du tourisme durabe<\/h2>\t\t\t\t<\/div>\n\t\t\t\t<div class=\"elementor-element elementor-element-d051d67 elementor-widget elementor-widget-text-editor\" data-id=\"d051d67\" data-element_type=\"widget\" data-e-type=\"widget\" data-widget_type=\"text-editor.default\">\n\t\t\t\t\t\t\t\t\t<p><span lang=\"FR\">Pour aller plus loin dans le tourisme durable, vous pouvez \u00e9galement consulter cette plateforme : <\/span><strong><span lang=\"FR\">Le\u00a0<\/span><span lang=\"FR\">Regenerative Tourism Blueprint<\/span><\/strong><span lang=\"FR\">\u00a0est une plateforme qui transforme le concept de tourisme responsable en actions concr\u00e8tes pour les voyageurs. Elle propose des ressources et des conseils pour vous aider \u00e0 faire des choix de voyage qui b\u00e9n\u00e9ficient \u00e0 l\u2019environnement, aux populations locales et \u00e0 l\u2019\u00e9conomie du territoire.<\/span><\/p>\t\t\t\t\t\t\t\t<\/div>\n\t\t\t\t<div class=\"elementor-element elementor-element-d7062f6 elementor-align-center elementor-widget__width-initial elementor-widget elementor-widget-button\" data-id=\"d7062f6\" data-element_type=\"widget\" data-e-type=\"widget\" data-widget_type=\"button.default\">\n\t\t\t\t\t\t\t\t\t\t<a class=\"elementor-button elementor-button-link elementor-size-sm elementor-animation-float\" href=\"https:\/\/regenerativetourism.eu\/\" target=\"_blank\">\n\t\t\t\t\t\t<span class=\"elementor-button-content-wrapper\">\n\t\t\t\t\t\t\t\t\t<span class=\"elementor-button-text\">En savoir +<\/span>\n\t\t\t\t\t<\/span>\n\t\t\t\t\t<\/a>\n\t\t\t\t\t\t\t\t<\/div>\n\t\t\t\t<\/div>\n\t\t\t\t\t<\/div>\n\t\t\t\t<\/div>\n\t\t\t\t<\/div>\n\t\t","protected":false},"excerpt":{"rendered":"<p>sustainable tourism best practices Travelling better means choosing tourism that is more respectful of the land and the people who bring it to life. Through these routes, the project invites you to slow down, immerse yourself in the landscapes, meet the locals and celebrate traditional know-how \u2014 all while adopting responsible, sustainable practices. Travel better, [&hellip;]<\/p>\n","protected":false},"author":1,"featured_media":0,"parent":0,"menu_order":0,"comment_status":"closed","ping_status":"closed","template":"","meta":{"_acf_changed":false,"footnotes":""},"class_list":["post-4389","page","type-page","status-publish","hentry"],"acf":[],"yoast_head":"<!-- This site is optimized with the Yoast SEO plugin v27.3 - https:\/\/yoast.com\/product\/yoast-seo-wordpress\/ -->\n<title>Sustainable Tourism Best Practices - enjoythepyrenees.com<\/title>\n<meta name=\"description\" content=\"Our routes are designed to be travelled throughout much of the year, steering clear of peak periods.\" \/>\n<meta name=\"robots\" content=\"index, follow, max-snippet:-1, max-image-preview:large, max-video-preview:-1\" \/>\n<link rel=\"canonical\" href=\"https:\/\/enjoythepyrenees.com\/en\/sustainable-tourism-best-practices\/\" \/>\n<meta property=\"og:locale\" content=\"en_US\" \/>\n<meta property=\"og:type\" content=\"article\" \/>\n<meta property=\"og:title\" content=\"Sustainable Tourism Best Practices - enjoythepyrenees.com\" \/>\n<meta property=\"og:description\" content=\"Our routes are designed to be travelled throughout much of the year, steering clear of peak periods.\" \/>\n<meta property=\"og:url\" content=\"https:\/\/enjoythepyrenees.com\/en\/sustainable-tourism-best-practices\/\" \/>\n<meta property=\"og:site_name\" content=\"enjoythepyrenees.com\" \/>\n<meta property=\"article:modified_time\" content=\"2026-03-31T15:39:04+00:00\" \/>\n<meta property=\"og:image\" content=\"https:\/\/enjoythepyrenees.com\/wp-content\/uploads\/2025\/12\/Personne-sur-la-colline-scaled.jpg\" \/>\n\t<meta property=\"og:image:width\" content=\"1700\" \/>\n\t<meta property=\"og:image:height\" content=\"2560\" \/>\n\t<meta property=\"og:image:type\" content=\"image\/jpeg\" \/>\n<meta name=\"twitter:card\" content=\"summary_large_image\" \/>\n<meta name=\"twitter:label1\" content=\"Est. reading time\" \/>\n\t<meta name=\"twitter:data1\" content=\"2 minutes\" \/>\n<script type=\"application\/ld+json\" class=\"yoast-schema-graph\">{\"@context\":\"https:\\\/\\\/schema.org\",\"@graph\":[{\"@type\":\"WebPage\",\"@id\":\"https:\\\/\\\/enjoythepyrenees.com\\\/en\\\/sustainable-tourism-best-practices\\\/\",\"url\":\"https:\\\/\\\/enjoythepyrenees.com\\\/en\\\/sustainable-tourism-best-practices\\\/\",\"name\":\"Sustainable Tourism Best Practices - enjoythepyrenees.com\",\"isPartOf\":{\"@id\":\"https:\\\/\\\/enjoythepyrenees.com\\\/en\\\/#website\"},\"primaryImageOfPage\":{\"@id\":\"https:\\\/\\\/enjoythepyrenees.com\\\/en\\\/sustainable-tourism-best-practices\\\/#primaryimage\"},\"image\":{\"@id\":\"https:\\\/\\\/enjoythepyrenees.com\\\/en\\\/sustainable-tourism-best-practices\\\/#primaryimage\"},\"thumbnailUrl\":\"https:\\\/\\\/enjoythepyrenees.com\\\/wp-content\\\/uploads\\\/2025\\\/12\\\/Personne-sur-la-colline-scaled.jpg\",\"datePublished\":\"2026-02-20T08:59:16+00:00\",\"dateModified\":\"2026-03-31T15:39:04+00:00\",\"description\":\"Our routes are designed to be travelled throughout much of the year, steering clear of peak periods.\",\"breadcrumb\":{\"@id\":\"https:\\\/\\\/enjoythepyrenees.com\\\/en\\\/sustainable-tourism-best-practices\\\/#breadcrumb\"},\"inLanguage\":\"en-US\",\"potentialAction\":[{\"@type\":\"ReadAction\",\"target\":[\"https:\\\/\\\/enjoythepyrenees.com\\\/en\\\/sustainable-tourism-best-practices\\\/\"]}]},{\"@type\":\"ImageObject\",\"inLanguage\":\"en-US\",\"@id\":\"https:\\\/\\\/enjoythepyrenees.com\\\/en\\\/sustainable-tourism-best-practices\\\/#primaryimage\",\"url\":\"https:\\\/\\\/enjoythepyrenees.com\\\/wp-content\\\/uploads\\\/2025\\\/12\\\/Personne-sur-la-colline-scaled.jpg\",\"contentUrl\":\"https:\\\/\\\/enjoythepyrenees.com\\\/wp-content\\\/uploads\\\/2025\\\/12\\\/Personne-sur-la-colline-scaled.jpg\"},{\"@type\":\"BreadcrumbList\",\"@id\":\"https:\\\/\\\/enjoythepyrenees.com\\\/en\\\/sustainable-tourism-best-practices\\\/#breadcrumb\",\"itemListElement\":[{\"@type\":\"ListItem\",\"position\":1,\"name\":\"Home\",\"item\":\"https:\\\/\\\/enjoythepyrenees.com\\\/en\\\/\"},{\"@type\":\"ListItem\",\"position\":2,\"name\":\"Sustainable Tourism Best Practices\"}]},{\"@type\":\"WebSite\",\"@id\":\"https:\\\/\\\/enjoythepyrenees.com\\\/en\\\/#website\",\"url\":\"https:\\\/\\\/enjoythepyrenees.com\\\/en\\\/\",\"name\":\"Enjoy The Pyrenees\",\"description\":\"\",\"publisher\":{\"@id\":\"https:\\\/\\\/enjoythepyrenees.com\\\/en\\\/#organization\"},\"alternateName\":\"EnjoyPyr\",\"potentialAction\":[{\"@type\":\"SearchAction\",\"target\":{\"@type\":\"EntryPoint\",\"urlTemplate\":\"https:\\\/\\\/enjoythepyrenees.com\\\/en\\\/?s={search_term_string}\"},\"query-input\":{\"@type\":\"PropertyValueSpecification\",\"valueRequired\":true,\"valueName\":\"search_term_string\"}}],\"inLanguage\":\"en-US\"},{\"@type\":\"Organization\",\"@id\":\"https:\\\/\\\/enjoythepyrenees.com\\\/en\\\/#organization\",\"name\":\"Enjoy The Pyrenees\",\"alternateName\":\"EnjoyPyr\",\"url\":\"https:\\\/\\\/enjoythepyrenees.com\\\/en\\\/\",\"logo\":{\"@type\":\"ImageObject\",\"inLanguage\":\"en-US\",\"@id\":\"https:\\\/\\\/enjoythepyrenees.com\\\/en\\\/#\\\/schema\\\/logo\\\/image\\\/\",\"url\":\"https:\\\/\\\/enjoythepyrenees.com\\\/wp-content\\\/uploads\\\/2025\\\/11\\\/logo-enjoy-pyr1.png\",\"contentUrl\":\"https:\\\/\\\/enjoythepyrenees.com\\\/wp-content\\\/uploads\\\/2025\\\/11\\\/logo-enjoy-pyr1.png\",\"width\":1314,\"height\":303,\"caption\":\"Enjoy The Pyrenees\"},\"image\":{\"@id\":\"https:\\\/\\\/enjoythepyrenees.com\\\/en\\\/#\\\/schema\\\/logo\\\/image\\\/\"}}]}<\/script>\n<!-- \/ Yoast SEO plugin. -->","yoast_head_json":{"title":"Sustainable Tourism Best Practices - enjoythepyrenees.com","description":"Our routes are designed to be travelled throughout much of the year, steering clear of peak periods.","robots":{"index":"index","follow":"follow","max-snippet":"max-snippet:-1","max-image-preview":"max-image-preview:large","max-video-preview":"max-video-preview:-1"},"canonical":"https:\/\/enjoythepyrenees.com\/en\/sustainable-tourism-best-practices\/","og_locale":"en_US","og_type":"article","og_title":"Sustainable Tourism Best Practices - enjoythepyrenees.com","og_description":"Our routes are designed to be travelled throughout much of the year, steering clear of peak periods.","og_url":"https:\/\/enjoythepyrenees.com\/en\/sustainable-tourism-best-practices\/","og_site_name":"enjoythepyrenees.com","article_modified_time":"2026-03-31T15:39:04+00:00","og_image":[{"width":1700,"height":2560,"url":"https:\/\/enjoythepyrenees.com\/wp-content\/uploads\/2025\/12\/Personne-sur-la-colline-scaled.jpg","type":"image\/jpeg"}],"twitter_card":"summary_large_image","twitter_misc":{"Est. reading time":"2 minutes"},"schema":{"@context":"https:\/\/schema.org","@graph":[{"@type":"WebPage","@id":"https:\/\/enjoythepyrenees.com\/en\/sustainable-tourism-best-practices\/","url":"https:\/\/enjoythepyrenees.com\/en\/sustainable-tourism-best-practices\/","name":"Sustainable Tourism Best Practices - enjoythepyrenees.com","isPartOf":{"@id":"https:\/\/enjoythepyrenees.com\/en\/#website"},"primaryImageOfPage":{"@id":"https:\/\/enjoythepyrenees.com\/en\/sustainable-tourism-best-practices\/#primaryimage"},"image":{"@id":"https:\/\/enjoythepyrenees.com\/en\/sustainable-tourism-best-practices\/#primaryimage"},"thumbnailUrl":"https:\/\/enjoythepyrenees.com\/wp-content\/uploads\/2025\/12\/Personne-sur-la-colline-scaled.jpg","datePublished":"2026-02-20T08:59:16+00:00","dateModified":"2026-03-31T15:39:04+00:00","description":"Our routes are designed to be travelled throughout much of the year, steering clear of peak periods.","breadcrumb":{"@id":"https:\/\/enjoythepyrenees.com\/en\/sustainable-tourism-best-practices\/#breadcrumb"},"inLanguage":"en-US","potentialAction":[{"@type":"ReadAction","target":["https:\/\/enjoythepyrenees.com\/en\/sustainable-tourism-best-practices\/"]}]},{"@type":"ImageObject","inLanguage":"en-US","@id":"https:\/\/enjoythepyrenees.com\/en\/sustainable-tourism-best-practices\/#primaryimage","url":"https:\/\/enjoythepyrenees.com\/wp-content\/uploads\/2025\/12\/Personne-sur-la-colline-scaled.jpg","contentUrl":"https:\/\/enjoythepyrenees.com\/wp-content\/uploads\/2025\/12\/Personne-sur-la-colline-scaled.jpg"},{"@type":"BreadcrumbList","@id":"https:\/\/enjoythepyrenees.com\/en\/sustainable-tourism-best-practices\/#breadcrumb","itemListElement":[{"@type":"ListItem","position":1,"name":"Home","item":"https:\/\/enjoythepyrenees.com\/en\/"},{"@type":"ListItem","position":2,"name":"Sustainable Tourism Best Practices"}]},{"@type":"WebSite","@id":"https:\/\/enjoythepyrenees.com\/en\/#website","url":"https:\/\/enjoythepyrenees.com\/en\/","name":"Enjoy The Pyrenees","description":"","publisher":{"@id":"https:\/\/enjoythepyrenees.com\/en\/#organization"},"alternateName":"EnjoyPyr","potentialAction":[{"@type":"SearchAction","target":{"@type":"EntryPoint","urlTemplate":"https:\/\/enjoythepyrenees.com\/en\/?s={search_term_string}"},"query-input":{"@type":"PropertyValueSpecification","valueRequired":true,"valueName":"search_term_string"}}],"inLanguage":"en-US"},{"@type":"Organization","@id":"https:\/\/enjoythepyrenees.com\/en\/#organization","name":"Enjoy The Pyrenees","alternateName":"EnjoyPyr","url":"https:\/\/enjoythepyrenees.com\/en\/","logo":{"@type":"ImageObject","inLanguage":"en-US","@id":"https:\/\/enjoythepyrenees.com\/en\/#\/schema\/logo\/image\/","url":"https:\/\/enjoythepyrenees.com\/wp-content\/uploads\/2025\/11\/logo-enjoy-pyr1.png","contentUrl":"https:\/\/enjoythepyrenees.com\/wp-content\/uploads\/2025\/11\/logo-enjoy-pyr1.png","width":1314,"height":303,"caption":"Enjoy The Pyrenees"},"image":{"@id":"https:\/\/enjoythepyrenees.com\/en\/#\/schema\/logo\/image\/"}}]}},"_hostinger_reach_plugin_has_subscription_block":false,"_hostinger_reach_plugin_is_elementor":false,"_links":{"self":[{"href":"https:\/\/enjoythepyrenees.com\/en\/wp-json\/wp\/v2\/pages\/4389","targetHints":{"allow":["GET"]}}],"collection":[{"href":"https:\/\/enjoythepyrenees.com\/en\/wp-json\/wp\/v2\/pages"}],"about":[{"href":"https:\/\/enjoythepyrenees.com\/en\/wp-json\/wp\/v2\/types\/page"}],"author":[{"embeddable":true,"href":"https:\/\/enjoythepyrenees.com\/en\/wp-json\/wp\/v2\/users\/1"}],"replies":[{"embeddable":true,"href":"https:\/\/enjoythepyrenees.com\/en\/wp-json\/wp\/v2\/comments?post=4389"}],"version-history":[{"count":5,"href":"https:\/\/enjoythepyrenees.com\/en\/wp-json\/wp\/v2\/pages\/4389\/revisions"}],"predecessor-version":[{"id":6087,"href":"https:\/\/enjoythepyrenees.com\/en\/wp-json\/wp\/v2\/pages\/4389\/revisions\/6087"}],"wp:attachment":[{"href":"https:\/\/enjoythepyrenees.com\/en\/wp-json\/wp\/v2\/media?parent=4389"}],"curies":[{"name":"wp","href":"https:\/\/api.w.org\/{rel}","templated":true}]}}