{"id":4906,"date":"2026-03-10T12:07:41","date_gmt":"2026-03-10T12:07:41","guid":{"rendered":"https:\/\/enjoythepyrenees.com\/datenschutzrichtlinien\/"},"modified":"2026-03-31T15:39:04","modified_gmt":"2026-03-31T15:39:04","slug":"datenschutzrichtlinien","status":"publish","type":"page","link":"https:\/\/enjoythepyrenees.com\/de\/datenschutzrichtlinien\/","title":{"rendered":"Datenschutzrichtlinien"},"content":{"rendered":"\t\t<div data-elementor-type=\"wp-page\" data-elementor-id=\"4906\" class=\"elementor elementor-4906 elementor-4570\" data-elementor-post-type=\"page\">\n\t\t\t\t<div class=\"elementor-element elementor-element-aa12392 e-flex e-con-boxed e-con e-parent\" data-id=\"aa12392\" data-element_type=\"container\" data-e-type=\"container\" data-settings=\"{&quot;background_background&quot;:&quot;classic&quot;}\">\n\t\t\t\t\t<div class=\"e-con-inner\">\n\t\t\t\t<div class=\"elementor-element elementor-element-22b4522 elementor-widget elementor-widget-heading\" data-id=\"22b4522\" data-element_type=\"widget\" data-e-type=\"widget\" data-widget_type=\"heading.default\">\n\t\t\t\t\t<h1 class=\"elementor-heading-title elementor-size-default\">Datenschutzrichtlinien<\/h1>\t\t\t\t<\/div>\n\t\t\t\t\t<\/div>\n\t\t\t\t<\/div>\n\t\t<div class=\"elementor-element elementor-element-993ffad e-flex e-con-boxed e-con e-parent\" data-id=\"993ffad\" data-element_type=\"container\" data-e-type=\"container\">\n\t\t\t\t\t<div class=\"e-con-inner\">\n\t\t\t\t<div class=\"elementor-element elementor-element-9137d73 elementor-widget elementor-widget-text-editor\" data-id=\"9137d73\" data-element_type=\"widget\" data-e-type=\"widget\" data-widget_type=\"text-editor.default\">\n\t\t\t\t\t\t\t\t\t<div id=\"model-response-message-contentr_f824dfdfd217de10\" class=\"markdown markdown-main-panel enable-updated-hr-color\" dir=\"ltr\" aria-live=\"off\" aria-busy=\"false\"><div id=\"model-response-message-contentr_16aef297550050f7\" class=\"markdown markdown-main-panel enable-updated-hr-color\" dir=\"ltr\" aria-live=\"polite\" aria-busy=\"false\"><p data-path-to-node=\"4\">Die Website <b data-path-to-node=\"4\" data-index-in-node=\"8\">Enjoy the Pyrenees<\/b> (<a class=\"ng-star-inserted\" href=\"https:\/\/enjoythepyrenees.com\/de\/\" target=\"_blank\" rel=\"noopener\">https:\/\/enjoythepyrenees.com<\/a>) verpflichtet sich, die Erhebung und Verarbeitung Ihrer Daten in \u00dcbereinstimmung mit der Datenschutz-Grundverordnung (DSGVO) durchzuf\u00fchren.<\/p><h3 data-path-to-node=\"5\">1. Erhebung personenbezogener Daten<\/h3><p data-path-to-node=\"6\">Wir erheben personenbezogene Daten ausschlie\u00dflich \u00fcber unser <b data-path-to-node=\"6\" data-index-in-node=\"63\">Kontaktformular<\/b>. Die erhobenen Daten beschr\u00e4nken sich auf das, was Sie eingeben (in der Regel Ihr Name, Ihre E-Mail-Adresse und der Inhalt Ihrer Nachricht).<\/p><ul data-path-to-node=\"7\"><li><p data-path-to-node=\"7,0,0\"><b data-path-to-node=\"7,0,0\" data-index-in-node=\"0\">Einziger Zweck:<\/b> Diese Daten werden ausschlie\u00dflich verarbeitet, um <b data-path-to-node=\"7,0,0\" data-index-in-node=\"63\">Ihre Fragen zu beantworten<\/b> und die Bearbeitung Ihrer Anfrage sicherzustellen.<\/p><\/li><li><p data-path-to-node=\"7,1,0\"><b data-path-to-node=\"7,1,0\" data-index-in-node=\"0\">Kein Profiling:<\/b> Wir verwenden diese Daten nicht f\u00fcr Marketingzwecke, automatisierte Newsletter oder den Weiterverkauf an Dritte.<\/p><\/li><\/ul><h3 data-path-to-node=\"8\">2. Cookies<\/h3><p data-path-to-node=\"9\">Unsere Website verwendet ein Minimum an Cookies f\u00fcr ihren ordnungsgem\u00e4\u00dfen Betrieb:<\/p><ul data-path-to-node=\"10\"><li><p data-path-to-node=\"10,0,0\"><b data-path-to-node=\"10,0,0\" data-index-in-node=\"0\">Technische Cookies:<\/b> Wenn Sie unsere Verwaltungsseite (Administration) besuchen, wird ein tempor\u00e4res Cookie erstellt, um zu \u00fcberpr\u00fcfen, ob Ihr Browser Cookies akzeptiert. Es enth\u00e4lt keine personenbezogenen Daten und wird beim Schlie\u00dfen Ihres Browsers gel\u00f6scht.<\/p><\/li><li><p data-path-to-node=\"10,1,0\"><b data-path-to-node=\"10,1,0\" data-index-in-node=\"0\">Eingebettete Inhalte:<\/b> Die Artikel dieser Website k\u00f6nnen eingebettete Inhalte enthalten (z. B. YouTube-Videos, Google Maps). Diese Inhalte verhalten sich so, als ob Sie die Drittanbieter-Website direkt besuchen w\u00fcrden, die Daten \u00fcber Sie erheben oder eigene Cookies verwenden kann.<\/p><\/li><\/ul><h3 data-path-to-node=\"11\">3. Speicherdauer<\/h3><p data-path-to-node=\"12\">Die \u00fcber das Formular gesendeten Daten werden nur so lange gespeichert, wie es f\u00fcr die Bearbeitung Ihrer Anfrage und eine vollst\u00e4ndige Antwort erforderlich ist. Sie werden nicht in einer dauerhaften Nutzerdatenbank auf der Website gespeichert.<\/p><h3 data-path-to-node=\"13\">4. Ihre Rechte bez\u00fcglich Ihrer Daten<\/h3><p data-path-to-node=\"14\">Obwohl wir keine Nutzerprofile erstellen, haben Sie folgende Rechte bez\u00fcglich des E-Mail-Austauschs:<\/p><ul data-path-to-node=\"15\"><li><p data-path-to-node=\"15,0,0\"><b data-path-to-node=\"15,0,0\" data-index-in-node=\"0\">Recht auf Auskunft und L\u00f6schung:<\/b> Sie k\u00f6nnen jederzeit die L\u00f6schung des Verlaufs unseres E-Mail-Austauschs verlangen.<\/p><\/li><\/ul><blockquote data-path-to-node=\"16\"><p data-path-to-node=\"16,0\"><i data-path-to-node=\"16,0\" data-index-in-node=\"0\">Hinweis: Dies umfasst nicht die Daten, die wir zu administrativen, rechtlichen oder sicherheitsbezogenen Zwecken aufbewahren m\u00fcssen.<\/i><\/p><\/blockquote><h3 data-path-to-node=\"17\">5. Weitergabe von Daten<\/h3><p data-path-to-node=\"18\">Ihre Informationen werden an keine Dritten weitergegeben. Sie bleiben streng vertraulich zwischen Ihnen und der Verwaltung von <b data-path-to-node=\"18\" data-index-in-node=\"127\">Enjoy the Pyrenees<\/b>.<\/p><\/div><\/div>\t\t\t\t\t\t\t\t<\/div>\n\t\t\t\t\t<\/div>\n\t\t\t\t<\/div>\n\t\t\t\t<\/div>\n\t\t","protected":false},"excerpt":{"rendered":"<p>Datenschutzrichtlinien Die Website Enjoy the Pyrenees (https:\/\/enjoythepyrenees.com) verpflichtet sich, die Erhebung und Verarbeitung Ihrer Daten in \u00dcbereinstimmung mit der Datenschutz-Grundverordnung (DSGVO) durchzuf\u00fchren. 1. Erhebung personenbezogener Daten Wir erheben personenbezogene Daten ausschlie\u00dflich \u00fcber unser Kontaktformular. Die erhobenen Daten beschr\u00e4nken sich auf das, was Sie eingeben (in der Regel Ihr Name, Ihre E-Mail-Adresse und der Inhalt Ihrer [&hellip;]<\/p>\n","protected":false},"author":1,"featured_media":0,"parent":0,"menu_order":0,"comment_status":"closed","ping_status":"closed","template":"","meta":{"_acf_changed":false,"footnotes":""},"class_list":["post-4906","page","type-page","status-publish","hentry"],"acf":[],"yoast_head":"<!-- This site is optimized with the Yoast SEO plugin v27.3 - https:\/\/yoast.com\/product\/yoast-seo-wordpress\/ -->\n<title>Datenschutzrichtlinien - enjoythepyrenees.com<\/title>\n<meta name=\"robots\" content=\"index, follow, max-snippet:-1, max-image-preview:large, max-video-preview:-1\" \/>\n<link rel=\"canonical\" href=\"https:\/\/enjoythepyrenees.com\/de\/datenschutzrichtlinien\/\" \/>\n<meta property=\"og:locale\" content=\"de_DE\" \/>\n<meta property=\"og:type\" content=\"article\" \/>\n<meta property=\"og:title\" content=\"Datenschutzrichtlinien - enjoythepyrenees.com\" \/>\n<meta property=\"og:description\" content=\"Datenschutzrichtlinien Die Website Enjoy the Pyrenees (https:\/\/enjoythepyrenees.com) verpflichtet sich, die Erhebung und Verarbeitung Ihrer Daten in \u00dcbereinstimmung mit der Datenschutz-Grundverordnung (DSGVO) durchzuf\u00fchren. 1. Erhebung personenbezogener Daten Wir erheben personenbezogene Daten ausschlie\u00dflich \u00fcber unser Kontaktformular. Die erhobenen Daten beschr\u00e4nken sich auf das, was Sie eingeben (in der Regel Ihr Name, Ihre E-Mail-Adresse und der Inhalt Ihrer [&hellip;]\" \/>\n<meta property=\"og:url\" content=\"https:\/\/enjoythepyrenees.com\/de\/datenschutzrichtlinien\/\" \/>\n<meta property=\"og:site_name\" content=\"enjoythepyrenees.com\" \/>\n<meta property=\"article:modified_time\" content=\"2026-03-31T15:39:04+00:00\" \/>\n<meta name=\"twitter:card\" content=\"summary_large_image\" \/>\n<meta name=\"twitter:label1\" content=\"Gesch\u00e4tzte Lesezeit\" \/>\n\t<meta name=\"twitter:data1\" content=\"1\u00a0Minute\" \/>\n<script type=\"application\/ld+json\" class=\"yoast-schema-graph\">{\"@context\":\"https:\\\/\\\/schema.org\",\"@graph\":[{\"@type\":\"WebPage\",\"@id\":\"https:\\\/\\\/enjoythepyrenees.com\\\/de\\\/datenschutzrichtlinien\\\/\",\"url\":\"https:\\\/\\\/enjoythepyrenees.com\\\/de\\\/datenschutzrichtlinien\\\/\",\"name\":\"Datenschutzrichtlinien - enjoythepyrenees.com\",\"isPartOf\":{\"@id\":\"https:\\\/\\\/enjoythepyrenees.com\\\/de\\\/#website\"},\"datePublished\":\"2026-03-10T12:07:41+00:00\",\"dateModified\":\"2026-03-31T15:39:04+00:00\",\"breadcrumb\":{\"@id\":\"https:\\\/\\\/enjoythepyrenees.com\\\/de\\\/datenschutzrichtlinien\\\/#breadcrumb\"},\"inLanguage\":\"de\",\"potentialAction\":[{\"@type\":\"ReadAction\",\"target\":[\"https:\\\/\\\/enjoythepyrenees.com\\\/de\\\/datenschutzrichtlinien\\\/\"]}]},{\"@type\":\"BreadcrumbList\",\"@id\":\"https:\\\/\\\/enjoythepyrenees.com\\\/de\\\/datenschutzrichtlinien\\\/#breadcrumb\",\"itemListElement\":[{\"@type\":\"ListItem\",\"position\":1,\"name\":\"Home\",\"item\":\"https:\\\/\\\/enjoythepyrenees.com\\\/de\\\/\"},{\"@type\":\"ListItem\",\"position\":2,\"name\":\"Datenschutzrichtlinien\"}]},{\"@type\":\"WebSite\",\"@id\":\"https:\\\/\\\/enjoythepyrenees.com\\\/de\\\/#website\",\"url\":\"https:\\\/\\\/enjoythepyrenees.com\\\/de\\\/\",\"name\":\"Enjoy The Pyrenees\",\"description\":\"\",\"publisher\":{\"@id\":\"https:\\\/\\\/enjoythepyrenees.com\\\/de\\\/#organization\"},\"alternateName\":\"EnjoyPyr\",\"potentialAction\":[{\"@type\":\"SearchAction\",\"target\":{\"@type\":\"EntryPoint\",\"urlTemplate\":\"https:\\\/\\\/enjoythepyrenees.com\\\/de\\\/?s={search_term_string}\"},\"query-input\":{\"@type\":\"PropertyValueSpecification\",\"valueRequired\":true,\"valueName\":\"search_term_string\"}}],\"inLanguage\":\"de\"},{\"@type\":\"Organization\",\"@id\":\"https:\\\/\\\/enjoythepyrenees.com\\\/de\\\/#organization\",\"name\":\"Enjoy The Pyrenees\",\"alternateName\":\"EnjoyPyr\",\"url\":\"https:\\\/\\\/enjoythepyrenees.com\\\/de\\\/\",\"logo\":{\"@type\":\"ImageObject\",\"inLanguage\":\"de\",\"@id\":\"https:\\\/\\\/enjoythepyrenees.com\\\/de\\\/#\\\/schema\\\/logo\\\/image\\\/\",\"url\":\"https:\\\/\\\/enjoythepyrenees.com\\\/wp-content\\\/uploads\\\/2025\\\/11\\\/logo-enjoy-pyr1.png\",\"contentUrl\":\"https:\\\/\\\/enjoythepyrenees.com\\\/wp-content\\\/uploads\\\/2025\\\/11\\\/logo-enjoy-pyr1.png\",\"width\":1314,\"height\":303,\"caption\":\"Enjoy The Pyrenees\"},\"image\":{\"@id\":\"https:\\\/\\\/enjoythepyrenees.com\\\/de\\\/#\\\/schema\\\/logo\\\/image\\\/\"}}]}<\/script>\n<!-- \/ Yoast SEO plugin. -->","yoast_head_json":{"title":"Datenschutzrichtlinien - enjoythepyrenees.com","robots":{"index":"index","follow":"follow","max-snippet":"max-snippet:-1","max-image-preview":"max-image-preview:large","max-video-preview":"max-video-preview:-1"},"canonical":"https:\/\/enjoythepyrenees.com\/de\/datenschutzrichtlinien\/","og_locale":"de_DE","og_type":"article","og_title":"Datenschutzrichtlinien - enjoythepyrenees.com","og_description":"Datenschutzrichtlinien Die Website Enjoy the Pyrenees (https:\/\/enjoythepyrenees.com) verpflichtet sich, die Erhebung und Verarbeitung Ihrer Daten in \u00dcbereinstimmung mit der Datenschutz-Grundverordnung (DSGVO) durchzuf\u00fchren. 1. Erhebung personenbezogener Daten Wir erheben personenbezogene Daten ausschlie\u00dflich \u00fcber unser Kontaktformular. Die erhobenen Daten beschr\u00e4nken sich auf das, was Sie eingeben (in der Regel Ihr Name, Ihre E-Mail-Adresse und der Inhalt Ihrer [&hellip;]","og_url":"https:\/\/enjoythepyrenees.com\/de\/datenschutzrichtlinien\/","og_site_name":"enjoythepyrenees.com","article_modified_time":"2026-03-31T15:39:04+00:00","twitter_card":"summary_large_image","twitter_misc":{"Gesch\u00e4tzte Lesezeit":"1\u00a0Minute"},"schema":{"@context":"https:\/\/schema.org","@graph":[{"@type":"WebPage","@id":"https:\/\/enjoythepyrenees.com\/de\/datenschutzrichtlinien\/","url":"https:\/\/enjoythepyrenees.com\/de\/datenschutzrichtlinien\/","name":"Datenschutzrichtlinien - enjoythepyrenees.com","isPartOf":{"@id":"https:\/\/enjoythepyrenees.com\/de\/#website"},"datePublished":"2026-03-10T12:07:41+00:00","dateModified":"2026-03-31T15:39:04+00:00","breadcrumb":{"@id":"https:\/\/enjoythepyrenees.com\/de\/datenschutzrichtlinien\/#breadcrumb"},"inLanguage":"de","potentialAction":[{"@type":"ReadAction","target":["https:\/\/enjoythepyrenees.com\/de\/datenschutzrichtlinien\/"]}]},{"@type":"BreadcrumbList","@id":"https:\/\/enjoythepyrenees.com\/de\/datenschutzrichtlinien\/#breadcrumb","itemListElement":[{"@type":"ListItem","position":1,"name":"Home","item":"https:\/\/enjoythepyrenees.com\/de\/"},{"@type":"ListItem","position":2,"name":"Datenschutzrichtlinien"}]},{"@type":"WebSite","@id":"https:\/\/enjoythepyrenees.com\/de\/#website","url":"https:\/\/enjoythepyrenees.com\/de\/","name":"Enjoy The Pyrenees","description":"","publisher":{"@id":"https:\/\/enjoythepyrenees.com\/de\/#organization"},"alternateName":"EnjoyPyr","potentialAction":[{"@type":"SearchAction","target":{"@type":"EntryPoint","urlTemplate":"https:\/\/enjoythepyrenees.com\/de\/?s={search_term_string}"},"query-input":{"@type":"PropertyValueSpecification","valueRequired":true,"valueName":"search_term_string"}}],"inLanguage":"de"},{"@type":"Organization","@id":"https:\/\/enjoythepyrenees.com\/de\/#organization","name":"Enjoy The Pyrenees","alternateName":"EnjoyPyr","url":"https:\/\/enjoythepyrenees.com\/de\/","logo":{"@type":"ImageObject","inLanguage":"de","@id":"https:\/\/enjoythepyrenees.com\/de\/#\/schema\/logo\/image\/","url":"https:\/\/enjoythepyrenees.com\/wp-content\/uploads\/2025\/11\/logo-enjoy-pyr1.png","contentUrl":"https:\/\/enjoythepyrenees.com\/wp-content\/uploads\/2025\/11\/logo-enjoy-pyr1.png","width":1314,"height":303,"caption":"Enjoy The Pyrenees"},"image":{"@id":"https:\/\/enjoythepyrenees.com\/de\/#\/schema\/logo\/image\/"}}]}},"_hostinger_reach_plugin_has_subscription_block":false,"_hostinger_reach_plugin_is_elementor":false,"_links":{"self":[{"href":"https:\/\/enjoythepyrenees.com\/de\/wp-json\/wp\/v2\/pages\/4906","targetHints":{"allow":["GET"]}}],"collection":[{"href":"https:\/\/enjoythepyrenees.com\/de\/wp-json\/wp\/v2\/pages"}],"about":[{"href":"https:\/\/enjoythepyrenees.com\/de\/wp-json\/wp\/v2\/types\/page"}],"author":[{"embeddable":true,"href":"https:\/\/enjoythepyrenees.com\/de\/wp-json\/wp\/v2\/users\/1"}],"replies":[{"embeddable":true,"href":"https:\/\/enjoythepyrenees.com\/de\/wp-json\/wp\/v2\/comments?post=4906"}],"version-history":[{"count":3,"href":"https:\/\/enjoythepyrenees.com\/de\/wp-json\/wp\/v2\/pages\/4906\/revisions"}],"predecessor-version":[{"id":6101,"href":"https:\/\/enjoythepyrenees.com\/de\/wp-json\/wp\/v2\/pages\/4906\/revisions\/6101"}],"wp:attachment":[{"href":"https:\/\/enjoythepyrenees.com\/de\/wp-json\/wp\/v2\/media?parent=4906"}],"curies":[{"name":"wp","href":"https:\/\/api.w.org\/{rel}","templated":true}]}}