{"id":4879,"date":"2026-02-09T10:54:35","date_gmt":"2026-02-09T10:54:35","guid":{"rendered":"https:\/\/enjoythepyrenees.com\/impressum\/"},"modified":"2026-03-31T15:39:03","modified_gmt":"2026-03-31T15:39:03","slug":"impressum","status":"publish","type":"page","link":"https:\/\/enjoythepyrenees.com\/de\/impressum\/","title":{"rendered":"Impressum"},"content":{"rendered":"\t\t<div data-elementor-type=\"wp-page\" data-elementor-id=\"4879\" class=\"elementor elementor-4879 elementor-2682\" data-elementor-post-type=\"page\">\n\t\t\t\t<div class=\"elementor-element elementor-element-aa12392 e-flex e-con-boxed e-con e-parent\" data-id=\"aa12392\" data-element_type=\"container\" data-e-type=\"container\" data-settings=\"{&quot;background_background&quot;:&quot;classic&quot;}\">\n\t\t\t\t\t<div class=\"e-con-inner\">\n\t\t\t\t<div class=\"elementor-element elementor-element-22b4522 elementor-widget elementor-widget-heading\" data-id=\"22b4522\" data-element_type=\"widget\" data-e-type=\"widget\" data-widget_type=\"heading.default\">\n\t\t\t\t\t<h1 class=\"elementor-heading-title elementor-size-default\">Impressum<\/h1>\t\t\t\t<\/div>\n\t\t\t\t\t<\/div>\n\t\t\t\t<\/div>\n\t\t<div class=\"elementor-element elementor-element-993ffad e-flex e-con-boxed e-con e-parent\" data-id=\"993ffad\" data-element_type=\"container\" data-e-type=\"container\">\n\t\t\t\t\t<div class=\"e-con-inner\">\n\t\t\t\t<div class=\"elementor-element elementor-element-9137d73 elementor-widget elementor-widget-text-editor\" data-id=\"9137d73\" data-element_type=\"widget\" data-e-type=\"widget\" data-widget_type=\"text-editor.default\">\n\t\t\t\t\t\t\t\t\t<div id=\"model-response-message-contentr_f824dfdfd217de10\" class=\"markdown markdown-main-panel enable-updated-hr-color\" dir=\"ltr\" aria-live=\"off\" aria-busy=\"false\"><h1 data-path-to-node=\"3\"><span dir=\"auto\">Impressum<\/span><\/h1><h3 data-path-to-node=\"4\"><b data-path-to-node=\"4\" data-index-in-node=\"0\"><span dir=\"auto\">1. Herausgeber der Website<\/span><\/b><\/h3><p data-path-to-node=\"5\"><span dir=\"auto\">Die Herausgabe der Website <\/span><b data-path-to-node=\"5\" data-index-in-node=\"18\"><span dir=\"auto\">ENJOY THE PYRENNES <\/span><\/b><span dir=\"auto\">wird sichergestellt durch:<\/span><\/p><ul data-path-to-node=\"6\"><li><p data-path-to-node=\"6,0,0\"><b data-path-to-node=\"6,0,0\" data-index-in-node=\"0\"><span dir=\"auto\">Name\/Firma: AGENCE DES PYRENNEES<\/span><\/b><\/p><\/li><li><p data-path-to-node=\"6,1,0\"><b data-path-to-node=\"6,1,0\" data-index-in-node=\"0\"><span dir=\"auto\">Rechtsform:<\/span><\/b><span dir=\"auto\"> Verein (Association)<\/span><\/p><\/li><li><p data-path-to-node=\"6,2,0\"><b data-path-to-node=\"6,2,0\" data-index-in-node=\"0\"><span dir=\"auto\">Stammkapital:<\/span><\/b><span dir=\"auto\"> Nicht zutreffend<\/span><\/p><\/li><li><p data-path-to-node=\"6,3,0\"><b data-path-to-node=\"6,3,0\" data-index-in-node=\"0\"><span dir=\"auto\">Sitz: <\/span><\/b><span dir=\"auto\">7 place du Mar\u00e9chal Juin, 31800 Saint-Gaudens<\/span><\/p><\/li><li><p data-path-to-node=\"6,4,0\"><b data-path-to-node=\"6,4,0\" data-index-in-node=\"0\"><span dir=\"auto\">Registrierungsnummer:<\/span><\/b><span dir=\"auto\"> 881 881 148 00053<\/span><\/p><\/li><li><p data-path-to-node=\"6,5,0\"><b data-path-to-node=\"6,5,0\" data-index-in-node=\"0\"><span dir=\"auto\">USt-IdNr.:<\/span><\/b><span dir=\"auto\"> Nicht umsatzsteuerpflichtig<\/span><\/p><\/li><li><p data-path-to-node=\"6,6,0\"><b data-path-to-node=\"6,6,0\" data-index-in-node=\"0\"><span dir=\"auto\">Verantwortlicher f\u00fcr den Inhalt: <\/span><\/b><span dir=\"auto\">Agence des Pyr\u00e9nn\u00e9es<\/span><\/p><\/li><li><p data-path-to-node=\"6,7,0\"><b data-path-to-node=\"6,7,0\" data-index-in-node=\"0\"><span dir=\"auto\">Kontakt: <\/span><\/b><span dir=\"auto\">contact@agencedespyrenees.fr \/ 09 73 56 26 02<\/span><\/p><\/li><\/ul><hr data-path-to-node=\"7\" \/><h3 data-path-to-node=\"8\"><b data-path-to-node=\"8\" data-index-in-node=\"0\"><span dir=\"auto\">2. Hosting &#038; Herausgeber<\/span><\/b><\/h3><p data-path-to-node=\"9\"><span dir=\"auto\">Die Website wird gehostet von:<\/span><\/p><ul data-path-to-node=\"10\"><li><p data-path-to-node=\"10,0,0\"><b data-path-to-node=\"10,0,0\" data-index-in-node=\"0\"><span dir=\"auto\">Hosting-Anbieter:<\/span><\/b><span dir=\"auto\"> HOSTINGER<\/span><\/p><\/li><\/ul><h3 data-path-to-node=\"3\"><b data-path-to-node=\"3\" data-index-in-node=\"0\"><span dir=\"auto\">Konzeption und Umsetzung<\/span><\/b><\/h3><p data-path-to-node=\"4\"><span dir=\"auto\">Konzeption, Entwicklung und technische Wartung der Website werden sichergestellt durch:<\/span><\/p><ul data-path-to-node=\"5\"><li><p data-path-to-node=\"5,0,0\"><b data-path-to-node=\"5,0,0\" data-index-in-node=\"0\"><span dir=\"auto\">Dienstleister: STUDIO PAR ICI<\/span><\/b><\/p><\/li><li><p data-path-to-node=\"5,1,0\"><b data-path-to-node=\"5,1,0\" data-index-in-node=\"0\"><span dir=\"auto\">Sitz: <\/span><\/b><span dir=\"auto\">847 Route de Frans, 69400 Villefranche-sur-Sa\u00f4ne<\/span><\/p><\/li><li><p data-path-to-node=\"5,2,0\"><b data-path-to-node=\"5,2,0\" data-index-in-node=\"0\"><span dir=\"auto\">Website:<\/span><\/b><a href=\"http:\/\/www.studioparici.com\"><span dir=\"auto\"> www.studioparici.com<\/span><\/a><\/p><\/li><li><p data-path-to-node=\"5,3,0\"><b data-path-to-node=\"5,3,0\" data-index-in-node=\"0\"><span dir=\"auto\">Kontakt: <\/span><\/b><span dir=\"auto\">contact@studioparici.com<\/span><\/p><\/li><\/ul><hr data-path-to-node=\"11\" \/><h3 data-path-to-node=\"12\"><b data-path-to-node=\"12\" data-index-in-node=\"0\"><span dir=\"auto\">3. Zugang zur Website und geistiges Eigentum<\/span><\/b><\/h3><p data-path-to-node=\"13\"><span dir=\"auto\">Die Website ist von \u00fcberall aus zug\u00e4nglich, 7 Tage die Woche, 24 Stunden am Tag, au\u00dfer bei h\u00f6herer Gewalt oder Wartungsarbeiten.<\/span><\/p><ul data-path-to-node=\"14\"><li><p data-path-to-node=\"14,0,0\"><b data-path-to-node=\"14,0,0\" data-index-in-node=\"0\"><span dir=\"auto\">Urheberrecht:<\/span><\/b><span dir=\"auto\"> Jede Vervielf\u00e4ltigung, Darstellung, \u00c4nderung, Ver\u00f6ffentlichung oder Anpassung aller oder eines Teils der Elemente der Website (Texte, Bilder, Logos, Icons) ist ohne vorherige schriftliche Genehmigung untersagt.<\/span><\/p><\/li><li><p data-path-to-node=\"14,1,0\"><span dir=\"auto\">Jede nicht genehmigte Nutzung wird als Urheberrechtsverletzung betrachtet (Artikel L.335-2 ff. des franz\u00f6sischen Gesetzbuchs \u00fcber geistiges Eigentum).<\/span><\/p><\/li><\/ul><hr data-path-to-node=\"15\" \/><h3 data-path-to-node=\"16\"><b data-path-to-node=\"16\" data-index-in-node=\"0\"><span dir=\"auto\">4. Schutz personenbezogener Daten (DSGVO)<\/span><\/b><\/h3><p data-path-to-node=\"17\"><span dir=\"auto\">Gem\u00e4\u00df der Datenschutz-Grundverordnung (DSGVO):<\/span><\/p><ul data-path-to-node=\"18\"><li><p data-path-to-node=\"18,0,0\"><b data-path-to-node=\"18,0,0\" data-index-in-node=\"0\"><span dir=\"auto\">Verantwortlicher f\u00fcr die Datenverarbeitung: <\/span><\/b><strong><span dir=\"auto\">ENJOY THE PYRENEES<\/span><\/strong><\/p><\/li><li><p data-path-to-node=\"18,1,0\"><b data-path-to-node=\"18,1,0\" data-index-in-node=\"0\"><span dir=\"auto\">Zweck: <\/span><\/b><span dir=\"auto\">Die \u00fcber Formulare erhobenen Daten dienen ausschlie\u00dflich der Beantwortung von Kontaktanfragen.<\/span><\/p><\/li><li><p data-path-to-node=\"18,2,0\"><b data-path-to-node=\"18,2,0\" data-index-in-node=\"0\"><span dir=\"auto\">Ihre Rechte:<\/span><\/b><span dir=\"auto\"> Sie haben das Recht auf Auskunft, Berichtigung, L\u00f6schung und Widerspruch bez\u00fcglich Ihrer personenbezogenen Daten.<\/span><\/p><\/li><li><p data-path-to-node=\"18,3,0\"><b data-path-to-node=\"18,3,0\" data-index-in-node=\"0\"><span dir=\"auto\">Rechte aus\u00fcben:<\/span><\/b><span dir=\"auto\"> Richten Sie Ihre Anfrage per E-Mail an: contact@agencedespyrenees.fr<\/span><\/p><\/li><\/ul><hr data-path-to-node=\"19\" \/><h3 data-path-to-node=\"20\"><b data-path-to-node=\"20\" data-index-in-node=\"0\"><span dir=\"auto\">5. Cookies<\/span><\/b><\/h3><p data-path-to-node=\"21\"><span dir=\"auto\">Der Nutzer wird dar\u00fcber informiert, dass bei seinen Besuchen auf der Website ein Cookie automatisch in seiner Browser-Software installiert werden kann.<\/span><\/p><ul data-path-to-node=\"22\"><li><p data-path-to-node=\"22,0,0\"><span dir=\"auto\">Das Cookie dient zur Speicherung von Informationen \u00fcber die Navigation, erm\u00f6glicht jedoch keine Identifizierung des Nutzers.<\/span><\/p><\/li><li><p data-path-to-node=\"22,1,0\"><span dir=\"auto\">Sie k\u00f6nnen diese Cookies \u00fcber die Einstellungen Ihres Browsers oder \u00fcber unser Cookie-Verwaltungsbanner deaktivieren.<\/span><\/p><\/li><\/ul><hr data-path-to-node=\"23\" \/><h3 data-path-to-node=\"24\"><b data-path-to-node=\"24\" data-index-in-node=\"0\"><span dir=\"auto\">6. Anwendbares Recht und Gerichtsstand<\/span><\/b><\/h3><p data-path-to-node=\"25\"><span dir=\"auto\">Jeder Rechtsstreit im Zusammenhang mit der Nutzung der Website <\/span><b data-path-to-node=\"25\" data-index-in-node=\"51\"><span dir=\"auto\">ENJOY THE PYRENNES<\/span><\/b><span dir=\"auto\"> unterliegt dem <\/span><b data-path-to-node=\"25\" data-index-in-node=\"85\"><span dir=\"auto\">franz\u00f6sischen Recht und XXXX<\/span><\/b><span dir=\"auto\">. Die ausschlie\u00dfliche Zust\u00e4ndigkeit liegt bei den zust\u00e4ndigen Gerichten von <\/span><b data-path-to-node=\"25\" data-index-in-node=\"172\"><span dir=\"auto\">[XXXXX]<\/span><\/b><span dir=\"auto\">.<\/span><\/p><\/div>\t\t\t\t\t\t\t\t<\/div>\n\t\t\t\t\t<\/div>\n\t\t\t\t<\/div>\n\t\t\t\t<\/div>\n\t\t","protected":false},"excerpt":{"rendered":"<p>Impressum Impressum 1. Herausgeber der Website Die Herausgabe der Website ENJOY THE PYRENNES wird sichergestellt durch: Name\/Firma: AGENCE DES PYRENNEES Rechtsform: Verein (Association) Stammkapital: Nicht zutreffend Sitz: 7 place du Mar\u00e9chal Juin, 31800 Saint-Gaudens Registrierungsnummer: 881 881 148 00053 USt-IdNr.: Nicht umsatzsteuerpflichtig Verantwortlicher f\u00fcr den Inhalt: Agence des Pyr\u00e9nn\u00e9es Kontakt: contact@agencedespyrenees.fr \/ 09 73 56 [&hellip;]<\/p>\n","protected":false},"author":1,"featured_media":0,"parent":0,"menu_order":0,"comment_status":"closed","ping_status":"closed","template":"","meta":{"_acf_changed":false,"footnotes":""},"class_list":["post-4879","page","type-page","status-publish","hentry"],"acf":[],"yoast_head":"<!-- This site is optimized with the Yoast SEO plugin v27.3 - https:\/\/yoast.com\/product\/yoast-seo-wordpress\/ -->\n<title>Impressum - enjoythepyrenees.com<\/title>\n<meta name=\"robots\" content=\"index, follow, max-snippet:-1, max-image-preview:large, max-video-preview:-1\" \/>\n<link rel=\"canonical\" href=\"https:\/\/enjoythepyrenees.com\/de\/impressum\/\" \/>\n<meta property=\"og:locale\" content=\"de_DE\" \/>\n<meta property=\"og:type\" content=\"article\" \/>\n<meta property=\"og:title\" content=\"Impressum - enjoythepyrenees.com\" \/>\n<meta property=\"og:description\" content=\"Impressum Impressum 1. Herausgeber der Website Die Herausgabe der Website ENJOY THE PYRENNES wird sichergestellt durch: Name\/Firma: AGENCE DES PYRENNEES Rechtsform: Verein (Association) Stammkapital: Nicht zutreffend Sitz: 7 place du Mar\u00e9chal Juin, 31800 Saint-Gaudens Registrierungsnummer: 881 881 148 00053 USt-IdNr.: Nicht umsatzsteuerpflichtig Verantwortlicher f\u00fcr den Inhalt: Agence des Pyr\u00e9nn\u00e9es Kontakt: contact@agencedespyrenees.fr \/ 09 73 56 [&hellip;]\" \/>\n<meta property=\"og:url\" content=\"https:\/\/enjoythepyrenees.com\/de\/impressum\/\" \/>\n<meta property=\"og:site_name\" content=\"enjoythepyrenees.com\" \/>\n<meta property=\"article:modified_time\" content=\"2026-03-31T15:39:03+00:00\" \/>\n<meta name=\"twitter:card\" content=\"summary_large_image\" \/>\n<meta name=\"twitter:label1\" content=\"Gesch\u00e4tzte Lesezeit\" \/>\n\t<meta name=\"twitter:data1\" content=\"2\u00a0Minuten\" \/>\n<script type=\"application\/ld+json\" class=\"yoast-schema-graph\">{\"@context\":\"https:\\\/\\\/schema.org\",\"@graph\":[{\"@type\":\"WebPage\",\"@id\":\"https:\\\/\\\/enjoythepyrenees.com\\\/de\\\/impressum\\\/\",\"url\":\"https:\\\/\\\/enjoythepyrenees.com\\\/de\\\/impressum\\\/\",\"name\":\"Impressum - enjoythepyrenees.com\",\"isPartOf\":{\"@id\":\"https:\\\/\\\/enjoythepyrenees.com\\\/de\\\/#website\"},\"datePublished\":\"2026-02-09T10:54:35+00:00\",\"dateModified\":\"2026-03-31T15:39:03+00:00\",\"breadcrumb\":{\"@id\":\"https:\\\/\\\/enjoythepyrenees.com\\\/de\\\/impressum\\\/#breadcrumb\"},\"inLanguage\":\"de\",\"potentialAction\":[{\"@type\":\"ReadAction\",\"target\":[\"https:\\\/\\\/enjoythepyrenees.com\\\/de\\\/impressum\\\/\"]}]},{\"@type\":\"BreadcrumbList\",\"@id\":\"https:\\\/\\\/enjoythepyrenees.com\\\/de\\\/impressum\\\/#breadcrumb\",\"itemListElement\":[{\"@type\":\"ListItem\",\"position\":1,\"name\":\"Home\",\"item\":\"https:\\\/\\\/enjoythepyrenees.com\\\/de\\\/\"},{\"@type\":\"ListItem\",\"position\":2,\"name\":\"Impressum\"}]},{\"@type\":\"WebSite\",\"@id\":\"https:\\\/\\\/enjoythepyrenees.com\\\/de\\\/#website\",\"url\":\"https:\\\/\\\/enjoythepyrenees.com\\\/de\\\/\",\"name\":\"Enjoy The Pyrenees\",\"description\":\"\",\"publisher\":{\"@id\":\"https:\\\/\\\/enjoythepyrenees.com\\\/de\\\/#organization\"},\"alternateName\":\"EnjoyPyr\",\"potentialAction\":[{\"@type\":\"SearchAction\",\"target\":{\"@type\":\"EntryPoint\",\"urlTemplate\":\"https:\\\/\\\/enjoythepyrenees.com\\\/de\\\/?s={search_term_string}\"},\"query-input\":{\"@type\":\"PropertyValueSpecification\",\"valueRequired\":true,\"valueName\":\"search_term_string\"}}],\"inLanguage\":\"de\"},{\"@type\":\"Organization\",\"@id\":\"https:\\\/\\\/enjoythepyrenees.com\\\/de\\\/#organization\",\"name\":\"Enjoy The Pyrenees\",\"alternateName\":\"EnjoyPyr\",\"url\":\"https:\\\/\\\/enjoythepyrenees.com\\\/de\\\/\",\"logo\":{\"@type\":\"ImageObject\",\"inLanguage\":\"de\",\"@id\":\"https:\\\/\\\/enjoythepyrenees.com\\\/de\\\/#\\\/schema\\\/logo\\\/image\\\/\",\"url\":\"https:\\\/\\\/enjoythepyrenees.com\\\/wp-content\\\/uploads\\\/2025\\\/11\\\/logo-enjoy-pyr1.png\",\"contentUrl\":\"https:\\\/\\\/enjoythepyrenees.com\\\/wp-content\\\/uploads\\\/2025\\\/11\\\/logo-enjoy-pyr1.png\",\"width\":1314,\"height\":303,\"caption\":\"Enjoy The Pyrenees\"},\"image\":{\"@id\":\"https:\\\/\\\/enjoythepyrenees.com\\\/de\\\/#\\\/schema\\\/logo\\\/image\\\/\"}}]}<\/script>\n<!-- \/ Yoast SEO plugin. -->","yoast_head_json":{"title":"Impressum - enjoythepyrenees.com","robots":{"index":"index","follow":"follow","max-snippet":"max-snippet:-1","max-image-preview":"max-image-preview:large","max-video-preview":"max-video-preview:-1"},"canonical":"https:\/\/enjoythepyrenees.com\/de\/impressum\/","og_locale":"de_DE","og_type":"article","og_title":"Impressum - enjoythepyrenees.com","og_description":"Impressum Impressum 1. Herausgeber der Website Die Herausgabe der Website ENJOY THE PYRENNES wird sichergestellt durch: Name\/Firma: AGENCE DES PYRENNEES Rechtsform: Verein (Association) Stammkapital: Nicht zutreffend Sitz: 7 place du Mar\u00e9chal Juin, 31800 Saint-Gaudens Registrierungsnummer: 881 881 148 00053 USt-IdNr.: Nicht umsatzsteuerpflichtig Verantwortlicher f\u00fcr den Inhalt: Agence des Pyr\u00e9nn\u00e9es Kontakt: contact@agencedespyrenees.fr \/ 09 73 56 [&hellip;]","og_url":"https:\/\/enjoythepyrenees.com\/de\/impressum\/","og_site_name":"enjoythepyrenees.com","article_modified_time":"2026-03-31T15:39:03+00:00","twitter_card":"summary_large_image","twitter_misc":{"Gesch\u00e4tzte Lesezeit":"2\u00a0Minuten"},"schema":{"@context":"https:\/\/schema.org","@graph":[{"@type":"WebPage","@id":"https:\/\/enjoythepyrenees.com\/de\/impressum\/","url":"https:\/\/enjoythepyrenees.com\/de\/impressum\/","name":"Impressum - enjoythepyrenees.com","isPartOf":{"@id":"https:\/\/enjoythepyrenees.com\/de\/#website"},"datePublished":"2026-02-09T10:54:35+00:00","dateModified":"2026-03-31T15:39:03+00:00","breadcrumb":{"@id":"https:\/\/enjoythepyrenees.com\/de\/impressum\/#breadcrumb"},"inLanguage":"de","potentialAction":[{"@type":"ReadAction","target":["https:\/\/enjoythepyrenees.com\/de\/impressum\/"]}]},{"@type":"BreadcrumbList","@id":"https:\/\/enjoythepyrenees.com\/de\/impressum\/#breadcrumb","itemListElement":[{"@type":"ListItem","position":1,"name":"Home","item":"https:\/\/enjoythepyrenees.com\/de\/"},{"@type":"ListItem","position":2,"name":"Impressum"}]},{"@type":"WebSite","@id":"https:\/\/enjoythepyrenees.com\/de\/#website","url":"https:\/\/enjoythepyrenees.com\/de\/","name":"Enjoy The Pyrenees","description":"","publisher":{"@id":"https:\/\/enjoythepyrenees.com\/de\/#organization"},"alternateName":"EnjoyPyr","potentialAction":[{"@type":"SearchAction","target":{"@type":"EntryPoint","urlTemplate":"https:\/\/enjoythepyrenees.com\/de\/?s={search_term_string}"},"query-input":{"@type":"PropertyValueSpecification","valueRequired":true,"valueName":"search_term_string"}}],"inLanguage":"de"},{"@type":"Organization","@id":"https:\/\/enjoythepyrenees.com\/de\/#organization","name":"Enjoy The Pyrenees","alternateName":"EnjoyPyr","url":"https:\/\/enjoythepyrenees.com\/de\/","logo":{"@type":"ImageObject","inLanguage":"de","@id":"https:\/\/enjoythepyrenees.com\/de\/#\/schema\/logo\/image\/","url":"https:\/\/enjoythepyrenees.com\/wp-content\/uploads\/2025\/11\/logo-enjoy-pyr1.png","contentUrl":"https:\/\/enjoythepyrenees.com\/wp-content\/uploads\/2025\/11\/logo-enjoy-pyr1.png","width":1314,"height":303,"caption":"Enjoy The Pyrenees"},"image":{"@id":"https:\/\/enjoythepyrenees.com\/de\/#\/schema\/logo\/image\/"}}]}},"_hostinger_reach_plugin_has_subscription_block":false,"_hostinger_reach_plugin_is_elementor":false,"_links":{"self":[{"href":"https:\/\/enjoythepyrenees.com\/de\/wp-json\/wp\/v2\/pages\/4879","targetHints":{"allow":["GET"]}}],"collection":[{"href":"https:\/\/enjoythepyrenees.com\/de\/wp-json\/wp\/v2\/pages"}],"about":[{"href":"https:\/\/enjoythepyrenees.com\/de\/wp-json\/wp\/v2\/types\/page"}],"author":[{"embeddable":true,"href":"https:\/\/enjoythepyrenees.com\/de\/wp-json\/wp\/v2\/users\/1"}],"replies":[{"embeddable":true,"href":"https:\/\/enjoythepyrenees.com\/de\/wp-json\/wp\/v2\/comments?post=4879"}],"version-history":[{"count":3,"href":"https:\/\/enjoythepyrenees.com\/de\/wp-json\/wp\/v2\/pages\/4879\/revisions"}],"predecessor-version":[{"id":6077,"href":"https:\/\/enjoythepyrenees.com\/de\/wp-json\/wp\/v2\/pages\/4879\/revisions\/6077"}],"wp:attachment":[{"href":"https:\/\/enjoythepyrenees.com\/de\/wp-json\/wp\/v2\/media?parent=4879"}],"curies":[{"name":"wp","href":"https:\/\/api.w.org\/{rel}","templated":true}]}}