{"id":4391,"date":"2026-02-20T08:59:16","date_gmt":"2026-02-20T08:59:16","guid":{"rendered":"https:\/\/enjoythepyrenees.com\/bewaehrte-praktiken-fuer-nachhaltigen-tourismus\/"},"modified":"2026-03-31T15:39:04","modified_gmt":"2026-03-31T15:39:04","slug":"bewaehrte-praktiken-fuer-nachhaltigen-tourismus","status":"publish","type":"page","link":"https:\/\/enjoythepyrenees.com\/de\/bewaehrte-praktiken-fuer-nachhaltigen-tourismus\/","title":{"rendered":"Gute Praktiken f\u00fcr nachhaltigen Tourismus"},"content":{"rendered":"\t\t<div data-elementor-type=\"wp-page\" data-elementor-id=\"4391\" class=\"elementor elementor-4391 elementor-3224\" data-elementor-post-type=\"page\">\n\t\t\t\t<div class=\"elementor-element elementor-element-1fea6645 e-flex e-con-boxed e-con e-parent\" data-id=\"1fea6645\" data-element_type=\"container\" data-e-type=\"container\" data-settings=\"{&quot;background_background&quot;:&quot;classic&quot;}\">\n\t\t\t\t\t<div class=\"e-con-inner\">\n\t\t\t\t<div class=\"elementor-element elementor-element-2a29c86c elementor-widget elementor-widget-heading\" data-id=\"2a29c86c\" data-element_type=\"widget\" data-e-type=\"widget\" data-widget_type=\"heading.default\">\n\t\t\t\t\t<h1 class=\"elementor-heading-title elementor-size-default\">Gute Praktiken f\u00fcr nachhaltigen Tourismus<\/h1>\t\t\t\t<\/div>\n\t\t\t\t\t<\/div>\n\t\t\t\t<\/div>\n\t\t<div class=\"elementor-element elementor-element-5f3c554 e-flex e-con-boxed e-con e-parent\" data-id=\"5f3c554\" data-element_type=\"container\" data-e-type=\"container\">\n\t\t\t\t\t<div class=\"e-con-inner\">\n\t\t\t\t<div class=\"elementor-element elementor-element-5e60428 elementor-widget elementor-widget-text-editor\" data-id=\"5e60428\" data-element_type=\"widget\" data-e-type=\"widget\" data-widget_type=\"text-editor.default\">\n\t\t\t\t\t\t\t\t\t<p><span style=\"font-weight: 400;\">Besser reisen bedeutet, einen Tourismus zu w\u00e4hlen, der die Gebiete und die Menschen, die sie lebendig halten, st\u00e4rker <strong>respektiert<\/strong>. Durch diese Routen l\u00e4dt das Projekt dazu ein, das Tempo zu verlangsamen, in die Landschaften einzutauchen, die Einheimischen kennenzulernen und das lokale Handwerk zu w\u00fcrdigen \u2013 und dabei verantwortungsvolle und nachhaltige Praktiken zu pflegen.<\/span><\/p>\t\t\t\t\t\t\t\t<\/div>\n\t\t\t\t\t<\/div>\n\t\t\t\t<\/div>\n\t\t<div class=\"elementor-element elementor-element-26af37f4 e-flex e-con-boxed e-con e-parent\" data-id=\"26af37f4\" data-element_type=\"container\" data-e-type=\"container\">\n\t\t\t\t\t<div class=\"e-con-inner\">\n\t\t<div class=\"elementor-element elementor-element-1542c264 e-con-full e-flex e-con e-child\" data-id=\"1542c264\" data-element_type=\"container\" data-e-type=\"container\">\n\t\t\t\t<div class=\"elementor-element elementor-element-f4997af elementor-widget elementor-widget-image\" data-id=\"f4997af\" data-element_type=\"widget\" data-e-type=\"widget\" data-widget_type=\"image.default\">\n\t\t\t\t\t\t\t\t\t\t\t\t\t\t\t<img fetchpriority=\"high\" decoding=\"async\" width=\"1700\" height=\"2560\" src=\"https:\/\/enjoythepyrenees.com\/wp-content\/uploads\/2025\/12\/Personne-sur-la-colline-scaled.jpg\" class=\"attachment-full size-full wp-image-190\" alt=\"\" srcset=\"https:\/\/enjoythepyrenees.com\/wp-content\/uploads\/2025\/12\/Personne-sur-la-colline-scaled.jpg 1700w, https:\/\/enjoythepyrenees.com\/wp-content\/uploads\/2025\/12\/Personne-sur-la-colline-199x300.jpg 199w, https:\/\/enjoythepyrenees.com\/wp-content\/uploads\/2025\/12\/Personne-sur-la-colline-680x1024.jpg 680w, https:\/\/enjoythepyrenees.com\/wp-content\/uploads\/2025\/12\/Personne-sur-la-colline-768x1156.jpg 768w, https:\/\/enjoythepyrenees.com\/wp-content\/uploads\/2025\/12\/Personne-sur-la-colline-1020x1536.jpg 1020w, https:\/\/enjoythepyrenees.com\/wp-content\/uploads\/2025\/12\/Personne-sur-la-colline-1360x2048.jpg 1360w\" sizes=\"(max-width: 1700px) 100vw, 1700px\" \/>\t\t\t\t\t\t\t\t\t\t\t\t\t\t\t<\/div>\n\t\t\t\t<\/div>\n\t\t<div class=\"elementor-element elementor-element-37917fd8 e-con-full e-flex e-con e-child\" data-id=\"37917fd8\" data-element_type=\"container\" data-e-type=\"container\">\n\t\t\t\t<div class=\"elementor-element elementor-element-69ff7b77 elementor-widget elementor-widget-heading\" data-id=\"69ff7b77\" data-element_type=\"widget\" data-e-type=\"widget\" data-widget_type=\"heading.default\">\n\t\t\t\t\t<h2 class=\"elementor-heading-title elementor-size-default\">Besser reisen, das ganze Jahr<\/h2>\t\t\t\t<\/div>\n\t\t\t\t<div class=\"elementor-element elementor-element-58351d79 elementor-widget elementor-widget-text-editor\" data-id=\"58351d79\" data-element_type=\"widget\" data-e-type=\"widget\" data-widget_type=\"text-editor.default\">\n\t\t\t\t\t\t\t\t\t<p><span style=\"font-weight: 400;\">Unsere Routen sind so konzipiert, dass sie \u00fcber weite Teile des Jahres bereist werden k\u00f6nnen und Sto\u00dfzeiten vermieden werden. Wir f\u00f6rdern Reisen au\u00dferhalb der Hochsaison, mit angepassten Aktivit\u00e4ten, lokalen Kulturveranstaltungen und authentischen Erlebnissen \u2013 fernab des Massentourismus.<\/span><span style=\"font-weight: 400;\"><br \/><\/span><span style=\"font-weight: 400;\">So werden Naturst\u00e4tten gesch\u00fctzt, Besucherstr\u00f6me besser verteilt und die Region unter ruhigeren Bedingungen erlebt.<\/span><\/p>\t\t\t\t\t\t\t\t<\/div>\n\t\t\t\t<div class=\"elementor-element elementor-element-0ff930e elementor-widget elementor-widget-heading\" data-id=\"0ff930e\" data-element_type=\"widget\" data-e-type=\"widget\" data-widget_type=\"heading.default\">\n\t\t\t\t\t<h2 class=\"elementor-heading-title elementor-size-default\">Gebiete bewahren <br>und empfindliche Orte entlasten<\/h2>\t\t\t\t<\/div>\n\t\t\t\t<div class=\"elementor-element elementor-element-1821d36 elementor-widget elementor-widget-text-editor\" data-id=\"1821d36\" data-element_type=\"widget\" data-e-type=\"widget\" data-widget_type=\"text-editor.default\">\n\t\t\t\t\t\t\t\t\t<p><span style=\"font-weight: 400;\">Wir bieten alternative Routen und weniger besuchte Orte an, wenn bestimmte St\u00e4tten stark nachgefragt sind. W\u00e4lder, Naturparks und D\u00f6rfer lassen sich so auf andere Weise entdecken \u2013 \u00fcber Nebenwege, abgelegenere Etappen und individuelle Erlebnisse, oft in kleinen Gruppen.<\/span><\/p>\t\t\t\t\t\t\t\t<\/div>\n\t\t\t\t<div class=\"elementor-element elementor-element-21ac4c1 elementor-widget elementor-widget-heading\" data-id=\"21ac4c1\" data-element_type=\"widget\" data-e-type=\"widget\" data-widget_type=\"heading.default\">\n\t\t\t\t\t<h2 class=\"elementor-heading-title elementor-size-default\">Nachhaltigere Fortbewegung f\u00f6rdern<\/h2>\t\t\t\t<\/div>\n\t\t\t\t<div class=\"elementor-element elementor-element-9e1b874 elementor-widget elementor-widget-text-editor\" data-id=\"9e1b874\" data-element_type=\"widget\" data-e-type=\"widget\" data-widget_type=\"text-editor.default\">\n\t\t\t\t\t\t\t\t\t<p><span style=\"font-weight: 400;\">Die entwickelten Routen verbinden Wandern, Radfahren, Zugreisen und Roadtrips. Wenn ein Fahrzeug erforderlich ist, empfehlen wir Elektro- oder Hybridfahrzeuge sowie intermodale Verbindungen mit \u00f6ffentlichen Verkehrsmitteln, insbesondere \u00fcber Zuganbindungen, die f\u00fcr einige der Routen verf\u00fcgbar sind.<\/span><\/p>\t\t\t\t\t\t\t\t<\/div>\n\t\t\t\t<div class=\"elementor-element elementor-element-c293264 elementor-widget elementor-widget-heading\" data-id=\"c293264\" data-element_type=\"widget\" data-e-type=\"widget\" data-widget_type=\"heading.default\">\n\t\t\t\t\t<h2 class=\"elementor-heading-title elementor-size-default\">Die lokale Wirtschaft unterst\u00fctzen<\/h2>\t\t\t\t<\/div>\n\t\t\t\t<div class=\"elementor-element elementor-element-acda606 elementor-widget elementor-widget-text-editor\" data-id=\"acda606\" data-element_type=\"widget\" data-e-type=\"widget\" data-widget_type=\"text-editor.default\">\n\t\t\t\t\t\t\t\t\t<p><span style=\"font-weight: 400;\">Jede Route hebt lokales Handwerk und lokale Akteure hervor: engagierte Unterk\u00fcnfte, Erzeuger, Handwerker, Gastronomen und Gebietsf\u00fchrer.<\/span><span style=\"font-weight: 400;\"><br \/><\/span><span style=\"font-weight: 400;\">Durch die Bevorzugung kurzer Lieferketten, regionaler Produkte und l\u00e4ngerer Aufenthalte tragen wir zu einer besseren Verteilung der wirtschaftlichen Ertr\u00e4ge und einer st\u00e4rkeren Verbindung mit den bereisten Gebieten bei.<\/span><\/p>\t\t\t\t\t\t\t\t<\/div>\n\t\t\t\t<div class=\"elementor-element elementor-element-32529a9 elementor-widget elementor-widget-heading\" data-id=\"32529a9\" data-element_type=\"widget\" data-e-type=\"widget\" data-widget_type=\"heading.default\">\n\t\t\t\t\t<h2 class=\"elementor-heading-title elementor-size-default\">F\u00fcr einen verantwortungsvolleren Tourismus sensibilisieren<\/h2>\t\t\t\t<\/div>\n\t\t\t\t<div class=\"elementor-element elementor-element-2abea54 elementor-widget elementor-widget-text-editor\" data-id=\"2abea54\" data-element_type=\"widget\" data-e-type=\"widget\" data-widget_type=\"text-editor.default\">\n\t\t\t\t\t\t\t\t\t<p><span style=\"font-weight: 400;\">W\u00e4hrend der gesamten Reise werden die Reisenden eingeladen, einfache Gewohnheiten anzunehmen: Abfall reduzieren, wiederverwendbare Gegenst\u00e4nde nutzen, Naturr\u00e4ume und lokale Kulturen respektieren. Guides, Erzeuger und Dienstleister spielen eine Schl\u00fcsselrolle bei der Vermittlung dieser Werte, damit jeder aktiv zum Schutz der Gebiete beitr\u00e4gt.<\/span><\/p>\t\t\t\t\t\t\t\t<\/div>\n\t\t\t\t<div class=\"elementor-element elementor-element-ca7eb36 elementor-widget elementor-widget-heading\" data-id=\"ca7eb36\" data-element_type=\"widget\" data-e-type=\"widget\" data-widget_type=\"heading.default\">\n\t\t\t\t\t<h2 class=\"elementor-heading-title elementor-size-default\">Auf einen zug\u00e4nglicheren Tourismus hinarbeiten<\/h2>\t\t\t\t<\/div>\n\t\t\t\t<div class=\"elementor-element elementor-element-ca9c10d elementor-widget elementor-widget-text-editor\" data-id=\"ca9c10d\" data-element_type=\"widget\" data-e-type=\"widget\" data-widget_type=\"text-editor.default\">\n\t\t\t\t\t\t\t\t\t<p><span style=\"font-weight: 400;\">Barrierefreiheit wird, wo immer m\u00f6glich, in die Gestaltung der Routen integriert. Einige Etappen bieten spezielle Einrichtungen, inklusive Aktivit\u00e4ten oder gezielte Anpassungen, damit m\u00f6glichst viele Menschen davon profitieren k\u00f6nnen.<\/span><span style=\"font-weight: 400;\"><br \/><\/span><span style=\"font-weight: 400;\"> Die Routen bleiben flexibel: anpassbares Tempo, barrierefreiere Alternativen, Anpassung der Aktivit\u00e4ten an die Bed\u00fcrfnisse der Reisenden \u2013 unter Ber\u00fccksichtigung der nat\u00fcrlichen Gegebenheiten der Berggebiete.<\/span><\/p>\t\t\t\t\t\t\t\t<\/div>\n\t\t\t\t<\/div>\n\t\t\t\t\t<\/div>\n\t\t\t\t<\/div>\n\t\t<div class=\"elementor-element elementor-element-cd68c32 elementor-hidden-desktop elementor-hidden-tablet elementor-hidden-mobile e-flex e-con-boxed e-con e-parent\" data-id=\"cd68c32\" data-element_type=\"container\" data-e-type=\"container\">\n\t\t\t\t\t<div class=\"e-con-inner\">\n\t\t<div class=\"elementor-element elementor-element-5924364 e-con-full e-flex e-con e-child\" data-id=\"5924364\" data-element_type=\"container\" data-e-type=\"container\" data-settings=\"{&quot;background_background&quot;:&quot;classic&quot;}\">\n\t\t\t\t<div class=\"elementor-element elementor-element-64ccfcb elementor-widget elementor-widget-heading\" data-id=\"64ccfcb\" data-element_type=\"widget\" data-e-type=\"widget\" data-widget_type=\"heading.default\">\n\t\t\t\t\t<h2 class=\"elementor-heading-title elementor-size-default\">Tourismusakteure begleiten<\/h2>\t\t\t\t<\/div>\n\t\t\t\t<div class=\"elementor-element elementor-element-ac9f0b5 elementor-widget elementor-widget-text-editor\" data-id=\"ac9f0b5\" data-element_type=\"widget\" data-e-type=\"widget\" data-widget_type=\"text-editor.default\">\n\t\t\t\t\t\t\t\t\t<p><span style=\"font-weight: 400;\">Im Rahmen des Projekts wurde eine Online-Schulung (MOOC) zum Thema nachhaltiger und regenerativer Tourismus f\u00fcr lokale Fachleute bereitgestellt. Sie erm\u00f6glicht es ihnen, verantwortungsvollere Erlebnisse innerhalb der Routen zu identifizieren, zu entwickeln und anzubieten.<\/span><\/p><p><span style=\"font-weight: 400;\">Diese Schulung ist bis zum 20.03.2026 verf\u00fcgbar.<\/span><\/p>\t\t\t\t\t\t\t\t<\/div>\n\t\t\t\t<div class=\"elementor-element elementor-element-e409441 elementor-align-center elementor-widget__width-initial elementor-hidden-desktop elementor-hidden-tablet elementor-hidden-mobile elementor-widget elementor-widget-button\" data-id=\"e409441\" data-element_type=\"widget\" data-e-type=\"widget\" data-widget_type=\"button.default\">\n\t\t\t\t\t\t\t\t\t\t<a class=\"elementor-button elementor-button-link elementor-size-sm elementor-animation-float\" href=\"https:\/\/enjoypyr.eurecatacademy.org\/?lang=fr%20\" target=\"_blank\">\n\t\t\t\t\t\t<span class=\"elementor-button-content-wrapper\">\n\t\t\t\t\t\t\t\t\t<span class=\"elementor-button-text\">Mehr erfahren<\/span>\n\t\t\t\t\t<\/span>\n\t\t\t\t\t<\/a>\n\t\t\t\t\t\t\t\t<\/div>\n\t\t\t\t<\/div>\n\t\t\t\t\t<\/div>\n\t\t\t\t<\/div>\n\t\t<div class=\"elementor-element elementor-element-bafe21a e-flex e-con-boxed e-con e-parent\" data-id=\"bafe21a\" data-element_type=\"container\" data-e-type=\"container\">\n\t\t\t\t\t<div class=\"e-con-inner\">\n\t\t<div class=\"elementor-element elementor-element-141223f e-con-full e-flex e-con e-child\" data-id=\"141223f\" data-element_type=\"container\" data-e-type=\"container\" data-settings=\"{&quot;background_background&quot;:&quot;classic&quot;}\">\n\t\t\t\t<div class=\"elementor-element elementor-element-aba692a elementor-widget elementor-widget-heading\" data-id=\"aba692a\" data-element_type=\"widget\" data-e-type=\"widget\" data-widget_type=\"heading.default\">\n\t\t\t\t\t<h2 class=\"elementor-heading-title elementor-size-default\">Accompagner les acteurs du tourisme durabe<\/h2>\t\t\t\t<\/div>\n\t\t\t\t<div class=\"elementor-element elementor-element-d051d67 elementor-widget elementor-widget-text-editor\" data-id=\"d051d67\" data-element_type=\"widget\" data-e-type=\"widget\" data-widget_type=\"text-editor.default\">\n\t\t\t\t\t\t\t\t\t<p><span lang=\"FR\">Pour aller plus loin dans le tourisme durable, vous pouvez \u00e9galement consulter cette plateforme : <\/span><strong><span lang=\"FR\">Le\u00a0<\/span><span lang=\"FR\">Regenerative Tourism Blueprint<\/span><\/strong><span lang=\"FR\">\u00a0est une plateforme qui transforme le concept de tourisme responsable en actions concr\u00e8tes pour les voyageurs. Elle propose des ressources et des conseils pour vous aider \u00e0 faire des choix de voyage qui b\u00e9n\u00e9ficient \u00e0 l\u2019environnement, aux populations locales et \u00e0 l\u2019\u00e9conomie du territoire.<\/span><\/p>\t\t\t\t\t\t\t\t<\/div>\n\t\t\t\t<div class=\"elementor-element elementor-element-d7062f6 elementor-align-center elementor-widget__width-initial elementor-widget elementor-widget-button\" data-id=\"d7062f6\" data-element_type=\"widget\" data-e-type=\"widget\" data-widget_type=\"button.default\">\n\t\t\t\t\t\t\t\t\t\t<a class=\"elementor-button elementor-button-link elementor-size-sm elementor-animation-float\" href=\"https:\/\/regenerativetourism.eu\/\" target=\"_blank\">\n\t\t\t\t\t\t<span class=\"elementor-button-content-wrapper\">\n\t\t\t\t\t\t\t\t\t<span class=\"elementor-button-text\">En savoir +<\/span>\n\t\t\t\t\t<\/span>\n\t\t\t\t\t<\/a>\n\t\t\t\t\t\t\t\t<\/div>\n\t\t\t\t<\/div>\n\t\t\t\t\t<\/div>\n\t\t\t\t<\/div>\n\t\t\t\t<\/div>\n\t\t","protected":false},"excerpt":{"rendered":"<p>Gute Praktiken f\u00fcr nachhaltigen Tourismus Besser reisen bedeutet, einen Tourismus zu w\u00e4hlen, der die Gebiete und die Menschen, die sie lebendig halten, st\u00e4rker respektiert. Durch diese Routen l\u00e4dt das Projekt dazu ein, das Tempo zu verlangsamen, in die Landschaften einzutauchen, die Einheimischen kennenzulernen und das lokale Handwerk zu w\u00fcrdigen \u2013 und dabei verantwortungsvolle und nachhaltige [&hellip;]<\/p>\n","protected":false},"author":1,"featured_media":0,"parent":0,"menu_order":0,"comment_status":"closed","ping_status":"closed","template":"","meta":{"_acf_changed":false,"footnotes":""},"class_list":["post-4391","page","type-page","status-publish","hentry"],"acf":[],"yoast_head":"<!-- This site is optimized with the Yoast SEO plugin v27.3 - https:\/\/yoast.com\/product\/yoast-seo-wordpress\/ -->\n<title>Gute Praktiken f\u00fcr nachhaltigen Tourismus - enjoythepyrenees.com<\/title>\n<meta name=\"description\" content=\"Unsere Routen sind so konzipiert, dass sie \u00fcber einen gro\u00dfen Teil des Jahres bereist werden k\u00f6nnen, wobei Sto\u00dfzeiten vermieden werden.\" \/>\n<meta name=\"robots\" content=\"index, follow, max-snippet:-1, max-image-preview:large, max-video-preview:-1\" \/>\n<link rel=\"canonical\" href=\"https:\/\/enjoythepyrenees.com\/de\/bewaehrte-praktiken-fuer-nachhaltigen-tourismus\/\" \/>\n<meta property=\"og:locale\" content=\"de_DE\" \/>\n<meta property=\"og:type\" content=\"article\" \/>\n<meta property=\"og:title\" content=\"Gute Praktiken f\u00fcr nachhaltigen Tourismus - enjoythepyrenees.com\" \/>\n<meta property=\"og:description\" content=\"Unsere Routen sind so konzipiert, dass sie \u00fcber einen gro\u00dfen Teil des Jahres bereist werden k\u00f6nnen, wobei Sto\u00dfzeiten vermieden werden.\" \/>\n<meta property=\"og:url\" content=\"https:\/\/enjoythepyrenees.com\/de\/bewaehrte-praktiken-fuer-nachhaltigen-tourismus\/\" \/>\n<meta property=\"og:site_name\" content=\"enjoythepyrenees.com\" \/>\n<meta property=\"article:modified_time\" content=\"2026-03-31T15:39:04+00:00\" \/>\n<meta property=\"og:image\" content=\"https:\/\/enjoythepyrenees.com\/wp-content\/uploads\/2025\/12\/Personne-sur-la-colline-scaled.jpg\" \/>\n\t<meta property=\"og:image:width\" content=\"1700\" \/>\n\t<meta property=\"og:image:height\" content=\"2560\" \/>\n\t<meta property=\"og:image:type\" content=\"image\/jpeg\" \/>\n<meta name=\"twitter:card\" content=\"summary_large_image\" \/>\n<meta name=\"twitter:label1\" content=\"Gesch\u00e4tzte Lesezeit\" \/>\n\t<meta name=\"twitter:data1\" content=\"3\u00a0Minuten\" \/>\n<script type=\"application\/ld+json\" class=\"yoast-schema-graph\">{\"@context\":\"https:\\\/\\\/schema.org\",\"@graph\":[{\"@type\":\"WebPage\",\"@id\":\"https:\\\/\\\/enjoythepyrenees.com\\\/de\\\/bewaehrte-praktiken-fuer-nachhaltigen-tourismus\\\/\",\"url\":\"https:\\\/\\\/enjoythepyrenees.com\\\/de\\\/bewaehrte-praktiken-fuer-nachhaltigen-tourismus\\\/\",\"name\":\"Gute Praktiken f\u00fcr nachhaltigen Tourismus - enjoythepyrenees.com\",\"isPartOf\":{\"@id\":\"https:\\\/\\\/enjoythepyrenees.com\\\/de\\\/#website\"},\"primaryImageOfPage\":{\"@id\":\"https:\\\/\\\/enjoythepyrenees.com\\\/de\\\/bewaehrte-praktiken-fuer-nachhaltigen-tourismus\\\/#primaryimage\"},\"image\":{\"@id\":\"https:\\\/\\\/enjoythepyrenees.com\\\/de\\\/bewaehrte-praktiken-fuer-nachhaltigen-tourismus\\\/#primaryimage\"},\"thumbnailUrl\":\"https:\\\/\\\/enjoythepyrenees.com\\\/wp-content\\\/uploads\\\/2025\\\/12\\\/Personne-sur-la-colline-scaled.jpg\",\"datePublished\":\"2026-02-20T08:59:16+00:00\",\"dateModified\":\"2026-03-31T15:39:04+00:00\",\"description\":\"Unsere Routen sind so konzipiert, dass sie \u00fcber einen gro\u00dfen Teil des Jahres bereist werden k\u00f6nnen, wobei Sto\u00dfzeiten vermieden werden.\",\"breadcrumb\":{\"@id\":\"https:\\\/\\\/enjoythepyrenees.com\\\/de\\\/bewaehrte-praktiken-fuer-nachhaltigen-tourismus\\\/#breadcrumb\"},\"inLanguage\":\"de\",\"potentialAction\":[{\"@type\":\"ReadAction\",\"target\":[\"https:\\\/\\\/enjoythepyrenees.com\\\/de\\\/bewaehrte-praktiken-fuer-nachhaltigen-tourismus\\\/\"]}]},{\"@type\":\"ImageObject\",\"inLanguage\":\"de\",\"@id\":\"https:\\\/\\\/enjoythepyrenees.com\\\/de\\\/bewaehrte-praktiken-fuer-nachhaltigen-tourismus\\\/#primaryimage\",\"url\":\"https:\\\/\\\/enjoythepyrenees.com\\\/wp-content\\\/uploads\\\/2025\\\/12\\\/Personne-sur-la-colline-scaled.jpg\",\"contentUrl\":\"https:\\\/\\\/enjoythepyrenees.com\\\/wp-content\\\/uploads\\\/2025\\\/12\\\/Personne-sur-la-colline-scaled.jpg\"},{\"@type\":\"BreadcrumbList\",\"@id\":\"https:\\\/\\\/enjoythepyrenees.com\\\/de\\\/bewaehrte-praktiken-fuer-nachhaltigen-tourismus\\\/#breadcrumb\",\"itemListElement\":[{\"@type\":\"ListItem\",\"position\":1,\"name\":\"Home\",\"item\":\"https:\\\/\\\/enjoythepyrenees.com\\\/de\\\/\"},{\"@type\":\"ListItem\",\"position\":2,\"name\":\"Gute Praktiken f\u00fcr nachhaltigen Tourismus\"}]},{\"@type\":\"WebSite\",\"@id\":\"https:\\\/\\\/enjoythepyrenees.com\\\/de\\\/#website\",\"url\":\"https:\\\/\\\/enjoythepyrenees.com\\\/de\\\/\",\"name\":\"Enjoy The Pyrenees\",\"description\":\"\",\"publisher\":{\"@id\":\"https:\\\/\\\/enjoythepyrenees.com\\\/de\\\/#organization\"},\"alternateName\":\"EnjoyPyr\",\"potentialAction\":[{\"@type\":\"SearchAction\",\"target\":{\"@type\":\"EntryPoint\",\"urlTemplate\":\"https:\\\/\\\/enjoythepyrenees.com\\\/de\\\/?s={search_term_string}\"},\"query-input\":{\"@type\":\"PropertyValueSpecification\",\"valueRequired\":true,\"valueName\":\"search_term_string\"}}],\"inLanguage\":\"de\"},{\"@type\":\"Organization\",\"@id\":\"https:\\\/\\\/enjoythepyrenees.com\\\/de\\\/#organization\",\"name\":\"Enjoy The Pyrenees\",\"alternateName\":\"EnjoyPyr\",\"url\":\"https:\\\/\\\/enjoythepyrenees.com\\\/de\\\/\",\"logo\":{\"@type\":\"ImageObject\",\"inLanguage\":\"de\",\"@id\":\"https:\\\/\\\/enjoythepyrenees.com\\\/de\\\/#\\\/schema\\\/logo\\\/image\\\/\",\"url\":\"https:\\\/\\\/enjoythepyrenees.com\\\/wp-content\\\/uploads\\\/2025\\\/11\\\/logo-enjoy-pyr1.png\",\"contentUrl\":\"https:\\\/\\\/enjoythepyrenees.com\\\/wp-content\\\/uploads\\\/2025\\\/11\\\/logo-enjoy-pyr1.png\",\"width\":1314,\"height\":303,\"caption\":\"Enjoy The Pyrenees\"},\"image\":{\"@id\":\"https:\\\/\\\/enjoythepyrenees.com\\\/de\\\/#\\\/schema\\\/logo\\\/image\\\/\"}}]}<\/script>\n<!-- \/ Yoast SEO plugin. -->","yoast_head_json":{"title":"Gute Praktiken f\u00fcr nachhaltigen Tourismus - enjoythepyrenees.com","description":"Unsere Routen sind so konzipiert, dass sie \u00fcber einen gro\u00dfen Teil des Jahres bereist werden k\u00f6nnen, wobei Sto\u00dfzeiten vermieden werden.","robots":{"index":"index","follow":"follow","max-snippet":"max-snippet:-1","max-image-preview":"max-image-preview:large","max-video-preview":"max-video-preview:-1"},"canonical":"https:\/\/enjoythepyrenees.com\/de\/bewaehrte-praktiken-fuer-nachhaltigen-tourismus\/","og_locale":"de_DE","og_type":"article","og_title":"Gute Praktiken f\u00fcr nachhaltigen Tourismus - enjoythepyrenees.com","og_description":"Unsere Routen sind so konzipiert, dass sie \u00fcber einen gro\u00dfen Teil des Jahres bereist werden k\u00f6nnen, wobei Sto\u00dfzeiten vermieden werden.","og_url":"https:\/\/enjoythepyrenees.com\/de\/bewaehrte-praktiken-fuer-nachhaltigen-tourismus\/","og_site_name":"enjoythepyrenees.com","article_modified_time":"2026-03-31T15:39:04+00:00","og_image":[{"width":1700,"height":2560,"url":"https:\/\/enjoythepyrenees.com\/wp-content\/uploads\/2025\/12\/Personne-sur-la-colline-scaled.jpg","type":"image\/jpeg"}],"twitter_card":"summary_large_image","twitter_misc":{"Gesch\u00e4tzte Lesezeit":"3\u00a0Minuten"},"schema":{"@context":"https:\/\/schema.org","@graph":[{"@type":"WebPage","@id":"https:\/\/enjoythepyrenees.com\/de\/bewaehrte-praktiken-fuer-nachhaltigen-tourismus\/","url":"https:\/\/enjoythepyrenees.com\/de\/bewaehrte-praktiken-fuer-nachhaltigen-tourismus\/","name":"Gute Praktiken f\u00fcr nachhaltigen Tourismus - enjoythepyrenees.com","isPartOf":{"@id":"https:\/\/enjoythepyrenees.com\/de\/#website"},"primaryImageOfPage":{"@id":"https:\/\/enjoythepyrenees.com\/de\/bewaehrte-praktiken-fuer-nachhaltigen-tourismus\/#primaryimage"},"image":{"@id":"https:\/\/enjoythepyrenees.com\/de\/bewaehrte-praktiken-fuer-nachhaltigen-tourismus\/#primaryimage"},"thumbnailUrl":"https:\/\/enjoythepyrenees.com\/wp-content\/uploads\/2025\/12\/Personne-sur-la-colline-scaled.jpg","datePublished":"2026-02-20T08:59:16+00:00","dateModified":"2026-03-31T15:39:04+00:00","description":"Unsere Routen sind so konzipiert, dass sie \u00fcber einen gro\u00dfen Teil des Jahres bereist werden k\u00f6nnen, wobei Sto\u00dfzeiten vermieden werden.","breadcrumb":{"@id":"https:\/\/enjoythepyrenees.com\/de\/bewaehrte-praktiken-fuer-nachhaltigen-tourismus\/#breadcrumb"},"inLanguage":"de","potentialAction":[{"@type":"ReadAction","target":["https:\/\/enjoythepyrenees.com\/de\/bewaehrte-praktiken-fuer-nachhaltigen-tourismus\/"]}]},{"@type":"ImageObject","inLanguage":"de","@id":"https:\/\/enjoythepyrenees.com\/de\/bewaehrte-praktiken-fuer-nachhaltigen-tourismus\/#primaryimage","url":"https:\/\/enjoythepyrenees.com\/wp-content\/uploads\/2025\/12\/Personne-sur-la-colline-scaled.jpg","contentUrl":"https:\/\/enjoythepyrenees.com\/wp-content\/uploads\/2025\/12\/Personne-sur-la-colline-scaled.jpg"},{"@type":"BreadcrumbList","@id":"https:\/\/enjoythepyrenees.com\/de\/bewaehrte-praktiken-fuer-nachhaltigen-tourismus\/#breadcrumb","itemListElement":[{"@type":"ListItem","position":1,"name":"Home","item":"https:\/\/enjoythepyrenees.com\/de\/"},{"@type":"ListItem","position":2,"name":"Gute Praktiken f\u00fcr nachhaltigen Tourismus"}]},{"@type":"WebSite","@id":"https:\/\/enjoythepyrenees.com\/de\/#website","url":"https:\/\/enjoythepyrenees.com\/de\/","name":"Enjoy The Pyrenees","description":"","publisher":{"@id":"https:\/\/enjoythepyrenees.com\/de\/#organization"},"alternateName":"EnjoyPyr","potentialAction":[{"@type":"SearchAction","target":{"@type":"EntryPoint","urlTemplate":"https:\/\/enjoythepyrenees.com\/de\/?s={search_term_string}"},"query-input":{"@type":"PropertyValueSpecification","valueRequired":true,"valueName":"search_term_string"}}],"inLanguage":"de"},{"@type":"Organization","@id":"https:\/\/enjoythepyrenees.com\/de\/#organization","name":"Enjoy The Pyrenees","alternateName":"EnjoyPyr","url":"https:\/\/enjoythepyrenees.com\/de\/","logo":{"@type":"ImageObject","inLanguage":"de","@id":"https:\/\/enjoythepyrenees.com\/de\/#\/schema\/logo\/image\/","url":"https:\/\/enjoythepyrenees.com\/wp-content\/uploads\/2025\/11\/logo-enjoy-pyr1.png","contentUrl":"https:\/\/enjoythepyrenees.com\/wp-content\/uploads\/2025\/11\/logo-enjoy-pyr1.png","width":1314,"height":303,"caption":"Enjoy The Pyrenees"},"image":{"@id":"https:\/\/enjoythepyrenees.com\/de\/#\/schema\/logo\/image\/"}}]}},"_hostinger_reach_plugin_has_subscription_block":false,"_hostinger_reach_plugin_is_elementor":false,"_links":{"self":[{"href":"https:\/\/enjoythepyrenees.com\/de\/wp-json\/wp\/v2\/pages\/4391","targetHints":{"allow":["GET"]}}],"collection":[{"href":"https:\/\/enjoythepyrenees.com\/de\/wp-json\/wp\/v2\/pages"}],"about":[{"href":"https:\/\/enjoythepyrenees.com\/de\/wp-json\/wp\/v2\/types\/page"}],"author":[{"embeddable":true,"href":"https:\/\/enjoythepyrenees.com\/de\/wp-json\/wp\/v2\/users\/1"}],"replies":[{"embeddable":true,"href":"https:\/\/enjoythepyrenees.com\/de\/wp-json\/wp\/v2\/comments?post=4391"}],"version-history":[{"count":5,"href":"https:\/\/enjoythepyrenees.com\/de\/wp-json\/wp\/v2\/pages\/4391\/revisions"}],"predecessor-version":[{"id":6089,"href":"https:\/\/enjoythepyrenees.com\/de\/wp-json\/wp\/v2\/pages\/4391\/revisions\/6089"}],"wp:attachment":[{"href":"https:\/\/enjoythepyrenees.com\/de\/wp-json\/wp\/v2\/media?parent=4391"}],"curies":[{"name":"wp","href":"https:\/\/api.w.org\/{rel}","templated":true}]}}