{"id":4897,"date":"2026-03-10T12:07:41","date_gmt":"2026-03-10T12:07:41","guid":{"rendered":"https:\/\/enjoythepyrenees.com\/politica-de-privacitat\/"},"modified":"2026-03-31T15:39:04","modified_gmt":"2026-03-31T15:39:04","slug":"politica-de-privacitat","status":"publish","type":"page","link":"https:\/\/enjoythepyrenees.com\/ca\/politica-de-privacitat\/","title":{"rendered":"Pol\u00edtica de privacitat"},"content":{"rendered":"\t\t<div data-elementor-type=\"wp-page\" data-elementor-id=\"4897\" class=\"elementor elementor-4897 elementor-4570\" data-elementor-post-type=\"page\">\n\t\t\t\t<div class=\"elementor-element elementor-element-aa12392 e-flex e-con-boxed e-con e-parent\" data-id=\"aa12392\" data-element_type=\"container\" data-e-type=\"container\" data-settings=\"{&quot;background_background&quot;:&quot;classic&quot;}\">\n\t\t\t\t\t<div class=\"e-con-inner\">\n\t\t\t\t<div class=\"elementor-element elementor-element-22b4522 elementor-widget elementor-widget-heading\" data-id=\"22b4522\" data-element_type=\"widget\" data-e-type=\"widget\" data-widget_type=\"heading.default\">\n\t\t\t\t\t<h1 class=\"elementor-heading-title elementor-size-default\">Pol\u00edtica de privacitat<\/h1>\t\t\t\t<\/div>\n\t\t\t\t\t<\/div>\n\t\t\t\t<\/div>\n\t\t<div class=\"elementor-element elementor-element-993ffad e-flex e-con-boxed e-con e-parent\" data-id=\"993ffad\" data-element_type=\"container\" data-e-type=\"container\">\n\t\t\t\t\t<div class=\"e-con-inner\">\n\t\t\t\t<div class=\"elementor-element elementor-element-9137d73 elementor-widget elementor-widget-text-editor\" data-id=\"9137d73\" data-element_type=\"widget\" data-e-type=\"widget\" data-widget_type=\"text-editor.default\">\n\t\t\t\t\t\t\t\t\t<div id=\"model-response-message-contentr_f824dfdfd217de10\" class=\"markdown markdown-main-panel enable-updated-hr-color\" dir=\"ltr\" aria-live=\"off\" aria-busy=\"false\"><div id=\"model-response-message-contentr_16aef297550050f7\" class=\"markdown markdown-main-panel enable-updated-hr-color\" dir=\"ltr\" aria-live=\"polite\" aria-busy=\"false\"><p data-path-to-node=\"4\">El lloc web <b data-path-to-node=\"4\" data-index-in-node=\"8\">Enjoy the Pyrenees<\/b> (<a class=\"ng-star-inserted\" href=\"https:\/\/enjoythepyrenees.com\/ca\/\" target=\"_blank\" rel=\"noopener\">https:\/\/enjoythepyrenees.com<\/a>) s\u2019engage \u00e0 ce que la collecte et le traitement de vos donn\u00e9es soient conformes au R\u00e8glement G\u00e9n\u00e9ral sur la Protection des Donn\u00e9es (RGPD).<\/p><h3 data-path-to-node=\"5\">1. Recollida de dades personals<\/h3><p data-path-to-node=\"6\">Nom\u00e9s recollim informaci\u00f3 personal a trav\u00e9s del nostre <b data-path-to-node=\"6\" data-index-in-node=\"63\">formulari de contacte<\/b>. Les dades recollides es limiten al que introdu\u00efu (generalment el vostre nom, adre\u00e7a electr\u00f2nica i el contingut del vostre missatge).<\/p><ul data-path-to-node=\"7\"><li><p data-path-to-node=\"7,0,0\"><b data-path-to-node=\"7,0,0\" data-index-in-node=\"0\">Finalitat \u00fanica:<\/b> Aquestes dades es tracten exclusivament per <b data-path-to-node=\"7,0,0\" data-index-in-node=\"63\">respondre a les vostres consultes<\/b> i fer el seguiment de la vostra sol\u00b7licitud.<\/p><\/li><li><p data-path-to-node=\"7,1,0\"><b data-path-to-node=\"7,1,0\" data-index-in-node=\"0\">Sense perfilatge:<\/b> No utilitzem aquestes dades amb finalitats de m\u00e0rqueting, butlletins automatitzats ni revenda a tercers.<\/p><\/li><\/ul><h3 data-path-to-node=\"8\">2. Galetes<\/h3><p data-path-to-node=\"9\">El nostre lloc web utilitza un m\u00ednim de galetes per al seu bon funcionament:<\/p><ul data-path-to-node=\"10\"><li><p data-path-to-node=\"10,0,0\"><b data-path-to-node=\"10,0,0\" data-index-in-node=\"0\">Galetes t\u00e8cniques:<\/b> Si visiteu la nostra p\u00e0gina de gesti\u00f3 (administraci\u00f3), es crea una galeta temporal per verificar si el vostre navegador accepta galetes. No cont\u00e9 cap dada personal i s&#8217;elimina en tancar el navegador.<\/p><\/li><li><p data-path-to-node=\"10,1,0\"><b data-path-to-node=\"10,1,0\" data-index-in-node=\"0\">Contingut incrustat:<\/b> Els articles d&#8217;aquest lloc web poden incloure continguts integrats (p. ex.: v\u00eddeos de YouTube, mapes de Google Maps). Aquests continguts es comporten de la mateixa manera que si visit\u00e9ssiu directament el lloc web de tercers, el qual pot recollir dades sobre vosaltres o utilitzar les seves pr\u00f2pies galetes.<\/p><\/li><\/ul><h3 data-path-to-node=\"11\">3. Durada de conservaci\u00f3<\/h3><p data-path-to-node=\"12\">Les dades enviades per formulari es conserven \u00fanicament el temps necessari per tractar la vostra sol\u00b7licitud i donar-hi una resposta completa. No s&#8217;emmagatzemen en cap base de dades d&#8217;usuari permanent al lloc web.<\/p><h3 data-path-to-node=\"13\">4. Els vostres drets sobre les vostres dades<\/h3><p data-path-to-node=\"14\">Tot i que no creem perfils d&#8217;usuari, disposeu dels drets seg\u00fcents pel que fa als intercanvis de correus electr\u00f2nics:<\/p><ul data-path-to-node=\"15\"><li><p data-path-to-node=\"15,0,0\"><b data-path-to-node=\"15,0,0\" data-index-in-node=\"0\">Dret d&#8217;acc\u00e9s i de supressi\u00f3:<\/b> Podeu sol\u00b7licitar en qualsevol moment que suprimim l&#8217;historial dels nostres intercanvis de correus electr\u00f2nics.<\/p><\/li><\/ul><blockquote data-path-to-node=\"16\"><p data-path-to-node=\"16,0\"><i data-path-to-node=\"16,0\" data-index-in-node=\"0\">Nota: Aix\u00f2 no inclou les dades que estem obligats a conservar amb finalitats administratives, legals o de seguretat.<\/i><\/p><\/blockquote><h3 data-path-to-node=\"17\">5. Transmissi\u00f3 de dades<\/h3><p data-path-to-node=\"18\">Les vostres dades no es transmeten a cap tercer. Romanen estrictament confidencials entre vosaltres i l&#8217;administraci\u00f3 d&#8217;<b data-path-to-node=\"18\" data-index-in-node=\"127\">Enjoy the Pyrenees<\/b>.<\/p><\/div><\/div>\t\t\t\t\t\t\t\t<\/div>\n\t\t\t\t\t<\/div>\n\t\t\t\t<\/div>\n\t\t\t\t<\/div>\n\t\t","protected":false},"excerpt":{"rendered":"<p>Pol\u00edtica de privacitat El lloc web Enjoy the Pyrenees (https:\/\/enjoythepyrenees.com) s\u2019engage \u00e0 ce que la collecte et le traitement de vos donn\u00e9es soient conformes au R\u00e8glement G\u00e9n\u00e9ral sur la Protection des Donn\u00e9es (RGPD). 1. Recollida de dades personals Nom\u00e9s recollim informaci\u00f3 personal a trav\u00e9s del nostre formulari de contacte. Les dades recollides es limiten al [&hellip;]<\/p>\n","protected":false},"author":1,"featured_media":0,"parent":0,"menu_order":0,"comment_status":"closed","ping_status":"closed","template":"","meta":{"_acf_changed":false,"footnotes":""},"class_list":["post-4897","page","type-page","status-publish","hentry"],"acf":[],"yoast_head":"<!-- This site is optimized with the Yoast SEO plugin v27.3 - https:\/\/yoast.com\/product\/yoast-seo-wordpress\/ -->\n<title>Pol\u00edtica de privacitat - enjoythepyrenees.com<\/title>\n<meta name=\"robots\" content=\"index, follow, max-snippet:-1, max-image-preview:large, max-video-preview:-1\" \/>\n<link rel=\"canonical\" href=\"https:\/\/enjoythepyrenees.com\/ca\/politica-de-privacitat\/\" \/>\n<meta property=\"og:locale\" content=\"ca_ES\" \/>\n<meta property=\"og:type\" content=\"article\" \/>\n<meta property=\"og:title\" content=\"Pol\u00edtica de privacitat - enjoythepyrenees.com\" \/>\n<meta property=\"og:description\" content=\"Pol\u00edtica de privacitat El lloc web Enjoy the Pyrenees (https:\/\/enjoythepyrenees.com) s\u2019engage \u00e0 ce que la collecte et le traitement de vos donn\u00e9es soient conformes au R\u00e8glement G\u00e9n\u00e9ral sur la Protection des Donn\u00e9es (RGPD). 1. Recollida de dades personals Nom\u00e9s recollim informaci\u00f3 personal a trav\u00e9s del nostre formulari de contacte. Les dades recollides es limiten al [&hellip;]\" \/>\n<meta property=\"og:url\" content=\"https:\/\/enjoythepyrenees.com\/ca\/politica-de-privacitat\/\" \/>\n<meta property=\"og:site_name\" content=\"enjoythepyrenees.com\" \/>\n<meta property=\"article:modified_time\" content=\"2026-03-31T15:39:04+00:00\" \/>\n<meta name=\"twitter:card\" content=\"summary_large_image\" \/>\n<meta name=\"twitter:label1\" content=\"Temps estimat de lectura\" \/>\n\t<meta name=\"twitter:data1\" content=\"2 minuts\" \/>\n<script type=\"application\/ld+json\" class=\"yoast-schema-graph\">{\"@context\":\"https:\\\/\\\/schema.org\",\"@graph\":[{\"@type\":\"WebPage\",\"@id\":\"https:\\\/\\\/enjoythepyrenees.com\\\/ca\\\/politica-de-privacitat\\\/\",\"url\":\"https:\\\/\\\/enjoythepyrenees.com\\\/ca\\\/politica-de-privacitat\\\/\",\"name\":\"Pol\u00edtica de privacitat - enjoythepyrenees.com\",\"isPartOf\":{\"@id\":\"https:\\\/\\\/enjoythepyrenees.com\\\/ca\\\/#website\"},\"datePublished\":\"2026-03-10T12:07:41+00:00\",\"dateModified\":\"2026-03-31T15:39:04+00:00\",\"breadcrumb\":{\"@id\":\"https:\\\/\\\/enjoythepyrenees.com\\\/ca\\\/politica-de-privacitat\\\/#breadcrumb\"},\"inLanguage\":\"ca\",\"potentialAction\":[{\"@type\":\"ReadAction\",\"target\":[\"https:\\\/\\\/enjoythepyrenees.com\\\/ca\\\/politica-de-privacitat\\\/\"]}]},{\"@type\":\"BreadcrumbList\",\"@id\":\"https:\\\/\\\/enjoythepyrenees.com\\\/ca\\\/politica-de-privacitat\\\/#breadcrumb\",\"itemListElement\":[{\"@type\":\"ListItem\",\"position\":1,\"name\":\"Home\",\"item\":\"https:\\\/\\\/enjoythepyrenees.com\\\/ca\\\/inici\\\/\"},{\"@type\":\"ListItem\",\"position\":2,\"name\":\"Pol\u00edtica de privacitat\"}]},{\"@type\":\"WebSite\",\"@id\":\"https:\\\/\\\/enjoythepyrenees.com\\\/ca\\\/#website\",\"url\":\"https:\\\/\\\/enjoythepyrenees.com\\\/ca\\\/\",\"name\":\"Enjoy The Pyrenees\",\"description\":\"\",\"publisher\":{\"@id\":\"https:\\\/\\\/enjoythepyrenees.com\\\/ca\\\/#organization\"},\"alternateName\":\"EnjoyPyr\",\"potentialAction\":[{\"@type\":\"SearchAction\",\"target\":{\"@type\":\"EntryPoint\",\"urlTemplate\":\"https:\\\/\\\/enjoythepyrenees.com\\\/ca\\\/?s={search_term_string}\"},\"query-input\":{\"@type\":\"PropertyValueSpecification\",\"valueRequired\":true,\"valueName\":\"search_term_string\"}}],\"inLanguage\":\"ca\"},{\"@type\":\"Organization\",\"@id\":\"https:\\\/\\\/enjoythepyrenees.com\\\/ca\\\/#organization\",\"name\":\"Enjoy The Pyrenees\",\"alternateName\":\"EnjoyPyr\",\"url\":\"https:\\\/\\\/enjoythepyrenees.com\\\/ca\\\/\",\"logo\":{\"@type\":\"ImageObject\",\"inLanguage\":\"ca\",\"@id\":\"https:\\\/\\\/enjoythepyrenees.com\\\/ca\\\/#\\\/schema\\\/logo\\\/image\\\/\",\"url\":\"https:\\\/\\\/enjoythepyrenees.com\\\/wp-content\\\/uploads\\\/2025\\\/11\\\/logo-enjoy-pyr1.png\",\"contentUrl\":\"https:\\\/\\\/enjoythepyrenees.com\\\/wp-content\\\/uploads\\\/2025\\\/11\\\/logo-enjoy-pyr1.png\",\"width\":1314,\"height\":303,\"caption\":\"Enjoy The Pyrenees\"},\"image\":{\"@id\":\"https:\\\/\\\/enjoythepyrenees.com\\\/ca\\\/#\\\/schema\\\/logo\\\/image\\\/\"}}]}<\/script>\n<!-- \/ Yoast SEO plugin. -->","yoast_head_json":{"title":"Pol\u00edtica de privacitat - enjoythepyrenees.com","robots":{"index":"index","follow":"follow","max-snippet":"max-snippet:-1","max-image-preview":"max-image-preview:large","max-video-preview":"max-video-preview:-1"},"canonical":"https:\/\/enjoythepyrenees.com\/ca\/politica-de-privacitat\/","og_locale":"ca_ES","og_type":"article","og_title":"Pol\u00edtica de privacitat - enjoythepyrenees.com","og_description":"Pol\u00edtica de privacitat El lloc web Enjoy the Pyrenees (https:\/\/enjoythepyrenees.com) s\u2019engage \u00e0 ce que la collecte et le traitement de vos donn\u00e9es soient conformes au R\u00e8glement G\u00e9n\u00e9ral sur la Protection des Donn\u00e9es (RGPD). 1. Recollida de dades personals Nom\u00e9s recollim informaci\u00f3 personal a trav\u00e9s del nostre formulari de contacte. Les dades recollides es limiten al [&hellip;]","og_url":"https:\/\/enjoythepyrenees.com\/ca\/politica-de-privacitat\/","og_site_name":"enjoythepyrenees.com","article_modified_time":"2026-03-31T15:39:04+00:00","twitter_card":"summary_large_image","twitter_misc":{"Temps estimat de lectura":"2 minuts"},"schema":{"@context":"https:\/\/schema.org","@graph":[{"@type":"WebPage","@id":"https:\/\/enjoythepyrenees.com\/ca\/politica-de-privacitat\/","url":"https:\/\/enjoythepyrenees.com\/ca\/politica-de-privacitat\/","name":"Pol\u00edtica de privacitat - enjoythepyrenees.com","isPartOf":{"@id":"https:\/\/enjoythepyrenees.com\/ca\/#website"},"datePublished":"2026-03-10T12:07:41+00:00","dateModified":"2026-03-31T15:39:04+00:00","breadcrumb":{"@id":"https:\/\/enjoythepyrenees.com\/ca\/politica-de-privacitat\/#breadcrumb"},"inLanguage":"ca","potentialAction":[{"@type":"ReadAction","target":["https:\/\/enjoythepyrenees.com\/ca\/politica-de-privacitat\/"]}]},{"@type":"BreadcrumbList","@id":"https:\/\/enjoythepyrenees.com\/ca\/politica-de-privacitat\/#breadcrumb","itemListElement":[{"@type":"ListItem","position":1,"name":"Home","item":"https:\/\/enjoythepyrenees.com\/ca\/inici\/"},{"@type":"ListItem","position":2,"name":"Pol\u00edtica de privacitat"}]},{"@type":"WebSite","@id":"https:\/\/enjoythepyrenees.com\/ca\/#website","url":"https:\/\/enjoythepyrenees.com\/ca\/","name":"Enjoy The Pyrenees","description":"","publisher":{"@id":"https:\/\/enjoythepyrenees.com\/ca\/#organization"},"alternateName":"EnjoyPyr","potentialAction":[{"@type":"SearchAction","target":{"@type":"EntryPoint","urlTemplate":"https:\/\/enjoythepyrenees.com\/ca\/?s={search_term_string}"},"query-input":{"@type":"PropertyValueSpecification","valueRequired":true,"valueName":"search_term_string"}}],"inLanguage":"ca"},{"@type":"Organization","@id":"https:\/\/enjoythepyrenees.com\/ca\/#organization","name":"Enjoy The Pyrenees","alternateName":"EnjoyPyr","url":"https:\/\/enjoythepyrenees.com\/ca\/","logo":{"@type":"ImageObject","inLanguage":"ca","@id":"https:\/\/enjoythepyrenees.com\/ca\/#\/schema\/logo\/image\/","url":"https:\/\/enjoythepyrenees.com\/wp-content\/uploads\/2025\/11\/logo-enjoy-pyr1.png","contentUrl":"https:\/\/enjoythepyrenees.com\/wp-content\/uploads\/2025\/11\/logo-enjoy-pyr1.png","width":1314,"height":303,"caption":"Enjoy The Pyrenees"},"image":{"@id":"https:\/\/enjoythepyrenees.com\/ca\/#\/schema\/logo\/image\/"}}]}},"_hostinger_reach_plugin_has_subscription_block":false,"_hostinger_reach_plugin_is_elementor":false,"_links":{"self":[{"href":"https:\/\/enjoythepyrenees.com\/ca\/wp-json\/wp\/v2\/pages\/4897","targetHints":{"allow":["GET"]}}],"collection":[{"href":"https:\/\/enjoythepyrenees.com\/ca\/wp-json\/wp\/v2\/pages"}],"about":[{"href":"https:\/\/enjoythepyrenees.com\/ca\/wp-json\/wp\/v2\/types\/page"}],"author":[{"embeddable":true,"href":"https:\/\/enjoythepyrenees.com\/ca\/wp-json\/wp\/v2\/users\/1"}],"replies":[{"embeddable":true,"href":"https:\/\/enjoythepyrenees.com\/ca\/wp-json\/wp\/v2\/comments?post=4897"}],"version-history":[{"count":3,"href":"https:\/\/enjoythepyrenees.com\/ca\/wp-json\/wp\/v2\/pages\/4897\/revisions"}],"predecessor-version":[{"id":6095,"href":"https:\/\/enjoythepyrenees.com\/ca\/wp-json\/wp\/v2\/pages\/4897\/revisions\/6095"}],"wp:attachment":[{"href":"https:\/\/enjoythepyrenees.com\/ca\/wp-json\/wp\/v2\/media?parent=4897"}],"curies":[{"name":"wp","href":"https:\/\/api.w.org\/{rel}","templated":true}]}}