{"id":4870,"date":"2026-02-09T10:54:35","date_gmt":"2026-02-09T10:54:35","guid":{"rendered":"https:\/\/enjoythepyrenees.com\/avis-legal\/"},"modified":"2026-03-31T15:39:03","modified_gmt":"2026-03-31T15:39:03","slug":"avis-legal","status":"publish","type":"page","link":"https:\/\/enjoythepyrenees.com\/ca\/avis-legal\/","title":{"rendered":"Av\u00eds legal"},"content":{"rendered":"\t\t<div data-elementor-type=\"wp-page\" data-elementor-id=\"4870\" class=\"elementor elementor-4870 elementor-2682\" data-elementor-post-type=\"page\">\n\t\t\t\t<div class=\"elementor-element elementor-element-aa12392 e-flex e-con-boxed e-con e-parent\" data-id=\"aa12392\" data-element_type=\"container\" data-e-type=\"container\" data-settings=\"{&quot;background_background&quot;:&quot;classic&quot;}\">\n\t\t\t\t\t<div class=\"e-con-inner\">\n\t\t\t\t<div class=\"elementor-element elementor-element-22b4522 elementor-widget elementor-widget-heading\" data-id=\"22b4522\" data-element_type=\"widget\" data-e-type=\"widget\" data-widget_type=\"heading.default\">\n\t\t\t\t\t<h1 class=\"elementor-heading-title elementor-size-default\">Av\u00eds legal<\/h1>\t\t\t\t<\/div>\n\t\t\t\t\t<\/div>\n\t\t\t\t<\/div>\n\t\t<div class=\"elementor-element elementor-element-993ffad e-flex e-con-boxed e-con e-parent\" data-id=\"993ffad\" data-element_type=\"container\" data-e-type=\"container\">\n\t\t\t\t\t<div class=\"e-con-inner\">\n\t\t\t\t<div class=\"elementor-element elementor-element-9137d73 elementor-widget elementor-widget-text-editor\" data-id=\"9137d73\" data-element_type=\"widget\" data-e-type=\"widget\" data-widget_type=\"text-editor.default\">\n\t\t\t\t\t\t\t\t\t<div id=\"model-response-message-contentr_f824dfdfd217de10\" class=\"markdown markdown-main-panel enable-updated-hr-color\" dir=\"ltr\" aria-live=\"off\" aria-busy=\"false\"><h1 data-path-to-node=\"3\"><span dir=\"auto\">Av\u00eds legal<\/span><\/h1><h3 data-path-to-node=\"4\"><b data-path-to-node=\"4\" data-index-in-node=\"0\"><span dir=\"auto\">1. Editor del lloc web<\/span><\/b><\/h3><p data-path-to-node=\"5\"><span dir=\"auto\">L&#8217;edici\u00f3 del lloc web <\/span><b data-path-to-node=\"5\" data-index-in-node=\"18\"><span dir=\"auto\">ENJOY THE PYRENNES <\/span><\/b><span dir=\"auto\">\u00e9s a c\u00e0rrec de:<\/span><\/p><ul data-path-to-node=\"6\"><li><p data-path-to-node=\"6,0,0\"><b data-path-to-node=\"6,0,0\" data-index-in-node=\"0\"><span dir=\"auto\">Nom\/Ra\u00f3 social: AGENCE DES PYRENNEES<\/span><\/b><\/p><\/li><li><p data-path-to-node=\"6,1,0\"><b data-path-to-node=\"6,1,0\" data-index-in-node=\"0\"><span dir=\"auto\">Forma jur\u00eddica:<\/span><\/b><span dir=\"auto\"> Associaci\u00f3<\/span><\/p><\/li><li><p data-path-to-node=\"6,2,0\"><b data-path-to-node=\"6,2,0\" data-index-in-node=\"0\"><span dir=\"auto\">Capital social:<\/span><\/b><span dir=\"auto\">No aplicable<\/span><\/p><\/li><li><p data-path-to-node=\"6,3,0\"><b data-path-to-node=\"6,3,0\" data-index-in-node=\"0\"><span dir=\"auto\">Seu social: <\/span><\/b><span dir=\"auto\">7 place du Mar\u00e9chal Juin, 31800 Saint-Gaudens<\/span><\/p><\/li><li><p data-path-to-node=\"6,4,0\"><b data-path-to-node=\"6,4,0\" data-index-in-node=\"0\"><span dir=\"auto\">N\u00famero de registre:<\/span><\/b><span dir=\"auto\"> 881 881 148\u00a000053<\/span><\/p><\/li><li><p data-path-to-node=\"6,5,0\"><b data-path-to-node=\"6,5,0\" data-index-in-node=\"0\"><span dir=\"auto\">N\u00famero d&#8217;IVA intracomunitari:<\/span><\/b><span dir=\"auto\"> No subjecte<\/span><\/p><\/li><li><p data-path-to-node=\"6,6,0\"><b data-path-to-node=\"6,6,0\" data-index-in-node=\"0\"><span dir=\"auto\">Director de la publicaci\u00f3: <\/span><\/b><span dir=\"auto\">Agence des Pyr\u00e9nn\u00e9es<\/span><\/p><\/li><li><p data-path-to-node=\"6,7,0\"><b data-path-to-node=\"6,7,0\" data-index-in-node=\"0\"><span dir=\"auto\">Contacte: <\/span><\/b><span dir=\"auto\">contact@agencedespyrenees.fr\u00a0\/\u00a009 73 56 26 02<\/span><\/p><\/li><\/ul><hr data-path-to-node=\"7\" \/><h3 data-path-to-node=\"8\"><b data-path-to-node=\"8\" data-index-in-node=\"0\"><span dir=\"auto\">2. Allotjament i edici\u00f3<\/span><\/b><\/h3><p data-path-to-node=\"9\"><span dir=\"auto\">El lloc web est\u00e0 allotjat per la societat:<\/span><\/p><ul data-path-to-node=\"10\"><li><p data-path-to-node=\"10,0,0\"><b data-path-to-node=\"10,0,0\" data-index-in-node=\"0\"><span dir=\"auto\">Nom de l&#8217;allotjador:<\/span><\/b><span dir=\"auto\"> HOSTINGER<\/span><\/p><\/li><\/ul><h3 data-path-to-node=\"3\"><b data-path-to-node=\"3\" data-index-in-node=\"0\"><span dir=\"auto\">Concepci\u00f3 i Realitzaci\u00f3<\/span><\/b><\/h3><p data-path-to-node=\"4\"><span dir=\"auto\">La concepci\u00f3, el desenvolupament i el manteniment t\u00e8cnic del lloc web s\u00f3n a c\u00e0rrec de:<\/span><\/p><ul data-path-to-node=\"5\"><li><p data-path-to-node=\"5,0,0\"><b data-path-to-node=\"5,0,0\" data-index-in-node=\"0\"><span dir=\"auto\">Prove\u00efdor: STUDIO PAR ICI<\/span><\/b><\/p><\/li><li><p data-path-to-node=\"5,1,0\"><b data-path-to-node=\"5,1,0\" data-index-in-node=\"0\"><span dir=\"auto\">Seu social: <\/span><\/b><span dir=\"auto\">847 Route de Frans, 69400 Villefranche-sur-Sa\u00f4ne<\/span><\/p><\/li><li><p data-path-to-node=\"5,2,0\"><b data-path-to-node=\"5,2,0\" data-index-in-node=\"0\"><span dir=\"auto\">Lloc web:<\/span><\/b><a href=\"http:\/\/www.studioparici.com\"><span dir=\"auto\"> www.studioparici.com<\/span><\/a><\/p><\/li><li><p data-path-to-node=\"5,3,0\"><b data-path-to-node=\"5,3,0\" data-index-in-node=\"0\"><span dir=\"auto\">Contacte: <\/span><\/b><span dir=\"auto\">contact@studioparici.com<\/span><\/p><\/li><\/ul><hr data-path-to-node=\"11\" \/><h3 data-path-to-node=\"12\"><b data-path-to-node=\"12\" data-index-in-node=\"0\"><span dir=\"auto\">3. Acc\u00e9s al lloc web i Propietat Intel\u00b7lectual<\/span><\/b><\/h3><p data-path-to-node=\"13\"><span dir=\"auto\">El lloc web \u00e9s accessible des de qualsevol lloc, 7\/7, 24h\/24, excepte en cas de for\u00e7a major o manteniment.<\/span><\/p><ul data-path-to-node=\"14\"><li><p data-path-to-node=\"14,0,0\"><b data-path-to-node=\"14,0,0\" data-index-in-node=\"0\"><span dir=\"auto\">Drets d&#8217;autor:<\/span><\/b><span dir=\"auto\"> Queda prohibida tota reproducci\u00f3, representaci\u00f3, modificaci\u00f3, publicaci\u00f3 o adaptaci\u00f3 total o parcial dels elements del lloc web (textos, imatges, logotips, icones), excepte amb autoritzaci\u00f3 escrita pr\u00e8via.<\/span><\/p><\/li><li><p data-path-to-node=\"14,1,0\"><span dir=\"auto\">Tota explotaci\u00f3 no autoritzada ser\u00e0 considerada com a falsificaci\u00f3 (articles L.335-2 i seg\u00fcents del Codi de Propietat Intel\u00b7lectual).<\/span><\/p><\/li><\/ul><hr data-path-to-node=\"15\" \/><h3 data-path-to-node=\"16\"><b data-path-to-node=\"16\" data-index-in-node=\"0\"><span dir=\"auto\">4. Protecci\u00f3 de dades personals (RGPD)<\/span><\/b><\/h3><p data-path-to-node=\"17\"><span dir=\"auto\">D&#8217;acord amb la llei \u00abInformatique et Libert\u00e9s\u00bb i el Reglament General de Protecci\u00f3 de Dades (RGPD):<\/span><\/p><ul data-path-to-node=\"18\"><li><p data-path-to-node=\"18,0,0\"><b data-path-to-node=\"18,0,0\" data-index-in-node=\"0\"><span dir=\"auto\">Responsable del tractament: <\/span><\/b><strong><span dir=\"auto\">ENJOY THE PYRENEES<\/span><\/strong><\/p><\/li><li><p data-path-to-node=\"18,1,0\"><b data-path-to-node=\"18,1,0\" data-index-in-node=\"0\"><span dir=\"auto\">Finalitat: <\/span><\/b><span dir=\"auto\">Les dades recollides a trav\u00e9s dels formularis serveixen exclusivament per respondre les consultes.<\/span><\/p><\/li><li><p data-path-to-node=\"18,2,0\"><b data-path-to-node=\"18,2,0\" data-index-in-node=\"0\"><span dir=\"auto\">Els vostres drets:<\/span><\/b><span dir=\"auto\"> Disposeu del dret d&#8217;acc\u00e9s, rectificaci\u00f3, supressi\u00f3 i oposici\u00f3 sobre les vostres dades personals.<\/span><\/p><\/li><li><p data-path-to-node=\"18,3,0\"><b data-path-to-node=\"18,3,0\" data-index-in-node=\"0\"><span dir=\"auto\">Exercir els vostres drets:<\/span><\/b><span dir=\"auto\"> Adreceu la vostra sol\u00b7licitud per correu electr\u00f2nic a: contact@agencedespyrenees.fr<\/span><\/p><\/li><\/ul><hr data-path-to-node=\"19\" \/><h3 data-path-to-node=\"20\"><b data-path-to-node=\"20\" data-index-in-node=\"0\"><span dir=\"auto\">5. Galetes<\/span><\/b><\/h3><p data-path-to-node=\"21\"><span dir=\"auto\">L&#8217;usuari \u00e9s informat que durant les seves visites al lloc web, una galeta es pot instal\u00b7lar autom\u00e0ticament al seu navegador.<\/span><\/p><ul data-path-to-node=\"22\"><li><p data-path-to-node=\"22,0,0\"><span dir=\"auto\">La galeta serveix per registrar informaci\u00f3 relativa a la navegaci\u00f3 per\u00f2 no permet identificar l&#8217;usuari.<\/span><\/p><\/li><li><p data-path-to-node=\"22,1,0\"><span dir=\"auto\">Podeu desactivar aquestes galetes a trav\u00e9s dels par\u00e0metres del vostre navegador o del nostre b\u00e0ner de gesti\u00f3 de galetes.<\/span><\/p><\/li><\/ul><hr data-path-to-node=\"23\" \/><h3 data-path-to-node=\"24\"><b data-path-to-node=\"24\" data-index-in-node=\"0\"><span dir=\"auto\">6. Dret aplicable i jurisdicci\u00f3<\/span><\/b><\/h3><p data-path-to-node=\"25\"><span dir=\"auto\">Tot litigi relacionat amb l&#8217;\u00fas del lloc web <\/span><b data-path-to-node=\"25\" data-index-in-node=\"51\"><span dir=\"auto\">ENJOY THE PYRENNES<\/span><\/b><span dir=\"auto\"> est\u00e0 sotm\u00e8s al dret <\/span><b data-path-to-node=\"25\" data-index-in-node=\"85\"><span dir=\"auto\">franc\u00e8s i XXXX<\/span><\/b><span dir=\"auto\"> . S&#8217;atribueix jurisdicci\u00f3 exclusiva als tribunals competents de <\/span><b data-path-to-node=\"25\" data-index-in-node=\"172\"><span dir=\"auto\">[XXXXX]<\/span><\/b><span dir=\"auto\"> .<\/span><\/p><\/div>\t\t\t\t\t\t\t\t<\/div>\n\t\t\t\t\t<\/div>\n\t\t\t\t<\/div>\n\t\t\t\t<\/div>\n\t\t","protected":false},"excerpt":{"rendered":"<p>Av\u00eds legal Av\u00eds legal 1. Editor del lloc web L&#8217;edici\u00f3 del lloc web ENJOY THE PYRENNES \u00e9s a c\u00e0rrec de: Nom\/Ra\u00f3 social: AGENCE DES PYRENNEES Forma jur\u00eddica: Associaci\u00f3 Capital social:No aplicable Seu social: 7 place du Mar\u00e9chal Juin, 31800 Saint-Gaudens N\u00famero de registre: 881 881 148\u00a000053 N\u00famero d&#8217;IVA intracomunitari: No subjecte Director de la publicaci\u00f3: [&hellip;]<\/p>\n","protected":false},"author":1,"featured_media":0,"parent":0,"menu_order":0,"comment_status":"closed","ping_status":"closed","template":"","meta":{"_acf_changed":false,"footnotes":""},"class_list":["post-4870","page","type-page","status-publish","hentry"],"acf":[],"yoast_head":"<!-- This site is optimized with the Yoast SEO plugin v27.3 - https:\/\/yoast.com\/product\/yoast-seo-wordpress\/ -->\n<title>Av\u00eds legal - enjoythepyrenees.com<\/title>\n<meta name=\"robots\" content=\"index, follow, max-snippet:-1, max-image-preview:large, max-video-preview:-1\" \/>\n<link rel=\"canonical\" href=\"https:\/\/enjoythepyrenees.com\/ca\/avis-legal\/\" \/>\n<meta property=\"og:locale\" content=\"ca_ES\" \/>\n<meta property=\"og:type\" content=\"article\" \/>\n<meta property=\"og:title\" content=\"Av\u00eds legal - enjoythepyrenees.com\" \/>\n<meta property=\"og:description\" content=\"Av\u00eds legal Av\u00eds legal 1. Editor del lloc web L&#8217;edici\u00f3 del lloc web ENJOY THE PYRENNES \u00e9s a c\u00e0rrec de: Nom\/Ra\u00f3 social: AGENCE DES PYRENNEES Forma jur\u00eddica: Associaci\u00f3 Capital social:No aplicable Seu social: 7 place du Mar\u00e9chal Juin, 31800 Saint-Gaudens N\u00famero de registre: 881 881 148\u00a000053 N\u00famero d&#8217;IVA intracomunitari: No subjecte Director de la publicaci\u00f3: [&hellip;]\" \/>\n<meta property=\"og:url\" content=\"https:\/\/enjoythepyrenees.com\/ca\/avis-legal\/\" \/>\n<meta property=\"og:site_name\" content=\"enjoythepyrenees.com\" \/>\n<meta property=\"article:modified_time\" content=\"2026-03-31T15:39:03+00:00\" \/>\n<meta name=\"twitter:card\" content=\"summary_large_image\" \/>\n<meta name=\"twitter:label1\" content=\"Temps estimat de lectura\" \/>\n\t<meta name=\"twitter:data1\" content=\"2 minuts\" \/>\n<script type=\"application\/ld+json\" class=\"yoast-schema-graph\">{\"@context\":\"https:\\\/\\\/schema.org\",\"@graph\":[{\"@type\":\"WebPage\",\"@id\":\"https:\\\/\\\/enjoythepyrenees.com\\\/ca\\\/avis-legal\\\/\",\"url\":\"https:\\\/\\\/enjoythepyrenees.com\\\/ca\\\/avis-legal\\\/\",\"name\":\"Av\u00eds legal - enjoythepyrenees.com\",\"isPartOf\":{\"@id\":\"https:\\\/\\\/enjoythepyrenees.com\\\/ca\\\/#website\"},\"datePublished\":\"2026-02-09T10:54:35+00:00\",\"dateModified\":\"2026-03-31T15:39:03+00:00\",\"breadcrumb\":{\"@id\":\"https:\\\/\\\/enjoythepyrenees.com\\\/ca\\\/avis-legal\\\/#breadcrumb\"},\"inLanguage\":\"ca\",\"potentialAction\":[{\"@type\":\"ReadAction\",\"target\":[\"https:\\\/\\\/enjoythepyrenees.com\\\/ca\\\/avis-legal\\\/\"]}]},{\"@type\":\"BreadcrumbList\",\"@id\":\"https:\\\/\\\/enjoythepyrenees.com\\\/ca\\\/avis-legal\\\/#breadcrumb\",\"itemListElement\":[{\"@type\":\"ListItem\",\"position\":1,\"name\":\"Home\",\"item\":\"https:\\\/\\\/enjoythepyrenees.com\\\/ca\\\/inici\\\/\"},{\"@type\":\"ListItem\",\"position\":2,\"name\":\"Av\u00eds legal\"}]},{\"@type\":\"WebSite\",\"@id\":\"https:\\\/\\\/enjoythepyrenees.com\\\/ca\\\/#website\",\"url\":\"https:\\\/\\\/enjoythepyrenees.com\\\/ca\\\/\",\"name\":\"Enjoy The Pyrenees\",\"description\":\"\",\"publisher\":{\"@id\":\"https:\\\/\\\/enjoythepyrenees.com\\\/ca\\\/#organization\"},\"alternateName\":\"EnjoyPyr\",\"potentialAction\":[{\"@type\":\"SearchAction\",\"target\":{\"@type\":\"EntryPoint\",\"urlTemplate\":\"https:\\\/\\\/enjoythepyrenees.com\\\/ca\\\/?s={search_term_string}\"},\"query-input\":{\"@type\":\"PropertyValueSpecification\",\"valueRequired\":true,\"valueName\":\"search_term_string\"}}],\"inLanguage\":\"ca\"},{\"@type\":\"Organization\",\"@id\":\"https:\\\/\\\/enjoythepyrenees.com\\\/ca\\\/#organization\",\"name\":\"Enjoy The Pyrenees\",\"alternateName\":\"EnjoyPyr\",\"url\":\"https:\\\/\\\/enjoythepyrenees.com\\\/ca\\\/\",\"logo\":{\"@type\":\"ImageObject\",\"inLanguage\":\"ca\",\"@id\":\"https:\\\/\\\/enjoythepyrenees.com\\\/ca\\\/#\\\/schema\\\/logo\\\/image\\\/\",\"url\":\"https:\\\/\\\/enjoythepyrenees.com\\\/wp-content\\\/uploads\\\/2025\\\/11\\\/logo-enjoy-pyr1.png\",\"contentUrl\":\"https:\\\/\\\/enjoythepyrenees.com\\\/wp-content\\\/uploads\\\/2025\\\/11\\\/logo-enjoy-pyr1.png\",\"width\":1314,\"height\":303,\"caption\":\"Enjoy The Pyrenees\"},\"image\":{\"@id\":\"https:\\\/\\\/enjoythepyrenees.com\\\/ca\\\/#\\\/schema\\\/logo\\\/image\\\/\"}}]}<\/script>\n<!-- \/ Yoast SEO plugin. -->","yoast_head_json":{"title":"Av\u00eds legal - enjoythepyrenees.com","robots":{"index":"index","follow":"follow","max-snippet":"max-snippet:-1","max-image-preview":"max-image-preview:large","max-video-preview":"max-video-preview:-1"},"canonical":"https:\/\/enjoythepyrenees.com\/ca\/avis-legal\/","og_locale":"ca_ES","og_type":"article","og_title":"Av\u00eds legal - enjoythepyrenees.com","og_description":"Av\u00eds legal Av\u00eds legal 1. Editor del lloc web L&#8217;edici\u00f3 del lloc web ENJOY THE PYRENNES \u00e9s a c\u00e0rrec de: Nom\/Ra\u00f3 social: AGENCE DES PYRENNEES Forma jur\u00eddica: Associaci\u00f3 Capital social:No aplicable Seu social: 7 place du Mar\u00e9chal Juin, 31800 Saint-Gaudens N\u00famero de registre: 881 881 148\u00a000053 N\u00famero d&#8217;IVA intracomunitari: No subjecte Director de la publicaci\u00f3: [&hellip;]","og_url":"https:\/\/enjoythepyrenees.com\/ca\/avis-legal\/","og_site_name":"enjoythepyrenees.com","article_modified_time":"2026-03-31T15:39:03+00:00","twitter_card":"summary_large_image","twitter_misc":{"Temps estimat de lectura":"2 minuts"},"schema":{"@context":"https:\/\/schema.org","@graph":[{"@type":"WebPage","@id":"https:\/\/enjoythepyrenees.com\/ca\/avis-legal\/","url":"https:\/\/enjoythepyrenees.com\/ca\/avis-legal\/","name":"Av\u00eds legal - enjoythepyrenees.com","isPartOf":{"@id":"https:\/\/enjoythepyrenees.com\/ca\/#website"},"datePublished":"2026-02-09T10:54:35+00:00","dateModified":"2026-03-31T15:39:03+00:00","breadcrumb":{"@id":"https:\/\/enjoythepyrenees.com\/ca\/avis-legal\/#breadcrumb"},"inLanguage":"ca","potentialAction":[{"@type":"ReadAction","target":["https:\/\/enjoythepyrenees.com\/ca\/avis-legal\/"]}]},{"@type":"BreadcrumbList","@id":"https:\/\/enjoythepyrenees.com\/ca\/avis-legal\/#breadcrumb","itemListElement":[{"@type":"ListItem","position":1,"name":"Home","item":"https:\/\/enjoythepyrenees.com\/ca\/inici\/"},{"@type":"ListItem","position":2,"name":"Av\u00eds legal"}]},{"@type":"WebSite","@id":"https:\/\/enjoythepyrenees.com\/ca\/#website","url":"https:\/\/enjoythepyrenees.com\/ca\/","name":"Enjoy The Pyrenees","description":"","publisher":{"@id":"https:\/\/enjoythepyrenees.com\/ca\/#organization"},"alternateName":"EnjoyPyr","potentialAction":[{"@type":"SearchAction","target":{"@type":"EntryPoint","urlTemplate":"https:\/\/enjoythepyrenees.com\/ca\/?s={search_term_string}"},"query-input":{"@type":"PropertyValueSpecification","valueRequired":true,"valueName":"search_term_string"}}],"inLanguage":"ca"},{"@type":"Organization","@id":"https:\/\/enjoythepyrenees.com\/ca\/#organization","name":"Enjoy The Pyrenees","alternateName":"EnjoyPyr","url":"https:\/\/enjoythepyrenees.com\/ca\/","logo":{"@type":"ImageObject","inLanguage":"ca","@id":"https:\/\/enjoythepyrenees.com\/ca\/#\/schema\/logo\/image\/","url":"https:\/\/enjoythepyrenees.com\/wp-content\/uploads\/2025\/11\/logo-enjoy-pyr1.png","contentUrl":"https:\/\/enjoythepyrenees.com\/wp-content\/uploads\/2025\/11\/logo-enjoy-pyr1.png","width":1314,"height":303,"caption":"Enjoy The Pyrenees"},"image":{"@id":"https:\/\/enjoythepyrenees.com\/ca\/#\/schema\/logo\/image\/"}}]}},"_hostinger_reach_plugin_has_subscription_block":false,"_hostinger_reach_plugin_is_elementor":false,"_links":{"self":[{"href":"https:\/\/enjoythepyrenees.com\/ca\/wp-json\/wp\/v2\/pages\/4870","targetHints":{"allow":["GET"]}}],"collection":[{"href":"https:\/\/enjoythepyrenees.com\/ca\/wp-json\/wp\/v2\/pages"}],"about":[{"href":"https:\/\/enjoythepyrenees.com\/ca\/wp-json\/wp\/v2\/types\/page"}],"author":[{"embeddable":true,"href":"https:\/\/enjoythepyrenees.com\/ca\/wp-json\/wp\/v2\/users\/1"}],"replies":[{"embeddable":true,"href":"https:\/\/enjoythepyrenees.com\/ca\/wp-json\/wp\/v2\/comments?post=4870"}],"version-history":[{"count":3,"href":"https:\/\/enjoythepyrenees.com\/ca\/wp-json\/wp\/v2\/pages\/4870\/revisions"}],"predecessor-version":[{"id":6071,"href":"https:\/\/enjoythepyrenees.com\/ca\/wp-json\/wp\/v2\/pages\/4870\/revisions\/6071"}],"wp:attachment":[{"href":"https:\/\/enjoythepyrenees.com\/ca\/wp-json\/wp\/v2\/media?parent=4870"}],"curies":[{"name":"wp","href":"https:\/\/api.w.org\/{rel}","templated":true}]}}